{"id":1016,"date":"2022-06-18T15:45:11","date_gmt":"2022-06-18T14:45:11","guid":{"rendered":"https:\/\/isi-beritt.com\/?page_id=1016"},"modified":"2023-06-10T16:38:59","modified_gmt":"2023-06-10T15:38:59","slug":"urlaubsbetreuung","status":"publish","type":"page","link":"https:\/\/isi-beritt.com\/index.php\/homeisi-berit-startseite\/angebote\/urlaubsbetreuung\/","title":{"rendered":"Urlaubsbetreuung von Pferden und Katzen"},"content":{"rendered":"<div class=\"breadcrumbs align  wp-block-bcn-breadcrumb-trail has-text-color has-background\" vocab=\"https:\/\/schema.org\/\" typeof=\"BreadcrumbList\">\n\t<span><\/span>\n\t<span property=\"itemListElement\" typeof=\"ListItem\"><a property=\"item\" typeof=\"WebPage\" title=\"Go to isi-beritt.com.\" href=\"https:\/\/isi-beritt.com\" class=\"home\" aria-current=\"page\"><span property=\"name\">isi-beritt.com<\/span><\/a><meta property=\"position\" content=\"1\"><\/span><\/div>\n\n\n\n<h2 class=\"wp-block-heading\" id=\"Urlaub-Pferd\">Pferde:<\/h2>\n\n\n\n<p>Im Regelfall wohnen die meisten Pferde in einem Pensionsstall, in dem die Grundversorgung gesichert ist. Der Pferdehalter kann somit guten Gewissens in Urlaub fahren oder muss auch dann kein schlechtes Gewissen haben, wenn er aus anderen Gr\u00fcnden mal nicht so viel Zeit f\u00fcr seinen geliebten Vierbeiner hat.<\/p>\n\n\n\n<p>Sollte bei Ihnen allerdings der Wunsch danach bestehen, dass Ihr Pferd auch w\u00e4hrend Ihrer Abwesenheit ein- bis mehrmals die Woche bewegt wird, es bestimmte Zusatzfuttermittel erhalten soll oder sonstige Aufgaben rund um das Tier zu erledigen sind, kann ich Ihnen gerne meine Unterst\u00fctzung zum Preis einer Beritteinheit anbieten.<\/p>\n\n\n\n<h2 class=\"wp-block-heading\">Mobile Katzenbetreuung bei Ihnen zu Hause:<\/h2>\n\n\n\n<p>Sie m\u00f6chten gerne verreisen und ihre Katze(n) in der vertrauten heimischen Umgebung lassen, haben aber niemanden, der sich dort um die Tier(e) k\u00fcmmert? Nachdem ich sehr tierlieb bin und das Gl\u00fcck habe, zeitlebens Katzen zu unserer Familie z\u00e4hlen zu d\u00fcrfen, wurde ich von Bekannten gebeten, w\u00e4hrend ihrer Abwesenheit das Katzensitting zu \u00fcbernehmen, was mich sehr gefreut hat. Dies brachte mich auf die Idee, die mobile Katzenbetreuung auch weiteren Katzenbesitzern anzubieten. Falls auch Sie ihre Katze(n) mit Liebe versorgt wissen m\u00f6chten, nehmen Sie gern Kontakt mit mir auf.<\/p>\n\n\n\n<p>Bei jedem Besuch (erfahrungsgem\u00e4\u00df 30-40 min) kann ich zuverl\u00e4ssig folgende Aufgaben erledigen:<\/p>\n\n\n\n<ul class=\"nv-cv-m wp-block-list\">\n<li>S\u00e4ubern der Trinkn\u00e4pfe und Erneuern des Wassers<\/li>\n\n\n\n<li>Fressnapf reinigen, Futter bereitstellen (nass und\/oder trocken, je nach Ihrem Wunsch)<\/li>\n\n\n\n<li>Ausr\u00e4umen der Katzentoilette<\/li>\n\n\n\n<li>Streicheleinheiten f\u00fcr Ihren Stubentiger sind selbstverst\u00e4ndlich inklusive<\/li>\n<\/ul>\n\n\n\n<p>Weitere Leistungen auf Anfrage.<\/p>\n\n\n\n<p>F\u00fcr das Bereitstellen von ausreichend Futter und Katzenstreu f\u00fcr die Dauer Ihrer Abwesenheit w\u00e4ren Ihre Katze und ich Ihnen sehr dankbar.<\/p>\n\n\n\n<p>Preis pro Besuch: 15\u20ac zzgl. Anfahrtskosten.<\/p>\n\n\n\n<p><\/p>\n\n\n\n<p><\/p>\n","protected":false},"excerpt":{"rendered":"<p>Pferde: Im Regelfall wohnen die meisten Pferde in einem Pensionsstall, in dem die Grundversorgung gesichert ist. Der Pferdehalter kann somit guten Gewissens in Urlaub fahren oder muss auch dann kein schlechtes Gewissen haben, wenn er aus anderen Gr\u00fcnden mal nicht so viel Zeit f\u00fcr seinen geliebten Vierbeiner hat. Sollte bei Ihnen allerdings der Wunsch danach&hellip;&nbsp;<\/p>\n","protected":false},"author":5,"featured_media":0,"parent":1487,"menu_order":0,"comment_status":"closed","ping_status":"closed","template":"","meta":{"_acf_changed":false,"neve_meta_sidebar":"","neve_meta_container":"","neve_meta_enable_content_width":"","neve_meta_content_width":0,"neve_meta_title_alignment":"","neve_meta_author_avatar":"","neve_post_elements_order":"","neve_meta_disable_header":"","neve_meta_disable_footer":"","neve_meta_disable_title":"","neve_meta_reading_time":"","_themeisle_gutenberg_block_has_review":false,"footnotes":""},"class_list":["post-1016","page","type-page","status-publish","hentry"],"acf":[],"yoast_head":"<!-- This site is optimized with the Yoast SEO plugin v27.4 - https:\/\/yoast.com\/product\/yoast-seo-wordpress\/ -->\n<title>Urlaubsbetreuung von Pferden und Katzen - isi-beritt.com<\/title>\n<meta name=\"description\" content=\"Pferdegerechte Ausbildung, Anreiten und Beritt von Islandpferden, APM am Pferd, hilfe bei einem Problempferd\" \/>\n<meta name=\"robots\" content=\"index, follow, max-snippet:-1, max-image-preview:large, max-video-preview:-1\" \/>\n<link rel=\"canonical\" href=\"https:\/\/isi-beritt.com\/index.php\/homeisi-berit-startseite\/angebote\/urlaubsbetreuung\/\" \/>\n<meta property=\"og:locale\" content=\"de_DE\" \/>\n<meta property=\"og:type\" content=\"article\" \/>\n<meta property=\"og:title\" content=\"Urlaubsbetreuung von Pferden und Katzen - isi-beritt.com\" \/>\n<meta property=\"og:description\" content=\"Pferdegerechte Ausbildung, Anreiten und Beritt von Islandpferden, APM am Pferd, hilfe bei einem Problempferd\" \/>\n<meta property=\"og:url\" content=\"https:\/\/isi-beritt.com\/index.php\/homeisi-berit-startseite\/angebote\/urlaubsbetreuung\/\" \/>\n<meta property=\"og:site_name\" content=\"isi-beritt.com\" \/>\n<meta property=\"article:modified_time\" content=\"2023-06-10T15:38:59+00:00\" \/>\n<meta name=\"twitter:card\" content=\"summary_large_image\" \/>\n<meta name=\"twitter:label1\" content=\"Gesch\u00e4tzte Lesezeit\" \/>\n\t<meta name=\"twitter:data1\" content=\"2\u00a0Minuten\" \/>\n<script type=\"application\/ld+json\" class=\"yoast-schema-graph\">{\"@context\":\"https:\\\/\\\/schema.org\",\"@graph\":[{\"@type\":\"WebPage\",\"@id\":\"https:\\\/\\\/isi-beritt.com\\\/index.php\\\/homeisi-berit-startseite\\\/angebote\\\/urlaubsbetreuung\\\/\",\"url\":\"https:\\\/\\\/isi-beritt.com\\\/index.php\\\/homeisi-berit-startseite\\\/angebote\\\/urlaubsbetreuung\\\/\",\"name\":\"Urlaubsbetreuung von Pferden und Katzen - isi-beritt.com\",\"isPartOf\":{\"@id\":\"https:\\\/\\\/isi-beritt.com\\\/#website\"},\"datePublished\":\"2022-06-18T14:45:11+00:00\",\"dateModified\":\"2023-06-10T15:38:59+00:00\",\"description\":\"Pferdegerechte Ausbildung, Anreiten und Beritt von Islandpferden, APM am Pferd, hilfe bei einem Problempferd\",\"breadcrumb\":{\"@id\":\"https:\\\/\\\/isi-beritt.com\\\/index.php\\\/homeisi-berit-startseite\\\/angebote\\\/urlaubsbetreuung\\\/#breadcrumb\"},\"inLanguage\":\"de\",\"potentialAction\":[{\"@type\":\"ReadAction\",\"target\":[\"https:\\\/\\\/isi-beritt.com\\\/index.php\\\/homeisi-berit-startseite\\\/angebote\\\/urlaubsbetreuung\\\/\"]}]},{\"@type\":\"BreadcrumbList\",\"@id\":\"https:\\\/\\\/isi-beritt.com\\\/index.php\\\/homeisi-berit-startseite\\\/angebote\\\/urlaubsbetreuung\\\/#breadcrumb\",\"itemListElement\":[{\"@type\":\"ListItem\",\"position\":1,\"name\":\"Startseite\",\"item\":\"https:\\\/\\\/isi-beritt.com\\\/\"},{\"@type\":\"ListItem\",\"position\":2,\"name\":\"Home\",\"item\":\"https:\\\/\\\/isi-beritt.com\\\/\"},{\"@type\":\"ListItem\",\"position\":3,\"name\":\"Angebote\",\"item\":\"https:\\\/\\\/isi-beritt.com\\\/index.php\\\/homeisi-berit-startseite\\\/angebote\\\/\"},{\"@type\":\"ListItem\",\"position\":4,\"name\":\"Urlaubsbetreuung von Pferden und Katzen\"}]},{\"@type\":\"WebSite\",\"@id\":\"https:\\\/\\\/isi-beritt.com\\\/#website\",\"url\":\"https:\\\/\\\/isi-beritt.com\\\/\",\"name\":\"isi-beritt.com\",\"description\":\"Pferdegerechte Ausbildung, Anreiten und Beritt von Pferden, Reitunterricht nach biomechanischen Grunds\u00e4tzen, APM am Pferd, Hilfe bei einem Problempferd\",\"publisher\":{\"@id\":\"https:\\\/\\\/isi-beritt.com\\\/#organization\"},\"potentialAction\":[{\"@type\":\"SearchAction\",\"target\":{\"@type\":\"EntryPoint\",\"urlTemplate\":\"https:\\\/\\\/isi-beritt.com\\\/?s={search_term_string}\"},\"query-input\":{\"@type\":\"PropertyValueSpecification\",\"valueRequired\":true,\"valueName\":\"search_term_string\"}}],\"inLanguage\":\"de\"},{\"@type\":\"Organization\",\"@id\":\"https:\\\/\\\/isi-beritt.com\\\/#organization\",\"name\":\"isi-beritt.com\",\"url\":\"https:\\\/\\\/isi-beritt.com\\\/\",\"logo\":{\"@type\":\"ImageObject\",\"inLanguage\":\"de\",\"@id\":\"https:\\\/\\\/isi-beritt.com\\\/#\\\/schema\\\/logo\\\/image\\\/\",\"url\":\"https:\\/\\/mlicc7hvrqis.i.optimole.com\\/w:180\\/h:150\\/q:mauto\\/f:best\\/ig:avif\\/https:\\/\\/isi-beritt.com\\/wp-content\\/uploads\\/2019\\/09\\/ISI_Tolt-frei.gif\",\"contentUrl\":\"https:\\/\\/mlicc7hvrqis.i.optimole.com\\/w:180\\/h:150\\/q:mauto\\/f:best\\/ig:avif\\/https:\\/\\/isi-beritt.com\\/wp-content\\/uploads\\/2019\\/09\\/ISI_Tolt-frei.gif\",\"width\":180,\"height\":150,\"caption\":\"isi-beritt.com\"},\"image\":{\"@id\":\"https:\\\/\\\/isi-beritt.com\\\/#\\\/schema\\\/logo\\\/image\\\/\"}}]}<\/script>\n<!-- \/ Yoast SEO plugin. -->","yoast_head_json":{"title":"Urlaubsbetreuung von Pferden und Katzen - isi-beritt.com","description":"Pferdegerechte Ausbildung, Anreiten und Beritt von Islandpferden, APM am Pferd, hilfe bei einem Problempferd","robots":{"index":"index","follow":"follow","max-snippet":"max-snippet:-1","max-image-preview":"max-image-preview:large","max-video-preview":"max-video-preview:-1"},"canonical":"https:\/\/isi-beritt.com\/index.php\/homeisi-berit-startseite\/angebote\/urlaubsbetreuung\/","og_locale":"de_DE","og_type":"article","og_title":"Urlaubsbetreuung von Pferden und Katzen - isi-beritt.com","og_description":"Pferdegerechte Ausbildung, Anreiten und Beritt von Islandpferden, APM am Pferd, hilfe bei einem Problempferd","og_url":"https:\/\/isi-beritt.com\/index.php\/homeisi-berit-startseite\/angebote\/urlaubsbetreuung\/","og_site_name":"isi-beritt.com","article_modified_time":"2023-06-10T15:38:59+00:00","twitter_card":"summary_large_image","twitter_misc":{"Gesch\u00e4tzte Lesezeit":"2\u00a0Minuten"},"schema":{"@context":"https:\/\/schema.org","@graph":[{"@type":"WebPage","@id":"https:\/\/isi-beritt.com\/index.php\/homeisi-berit-startseite\/angebote\/urlaubsbetreuung\/","url":"https:\/\/isi-beritt.com\/index.php\/homeisi-berit-startseite\/angebote\/urlaubsbetreuung\/","name":"Urlaubsbetreuung von Pferden und Katzen - isi-beritt.com","isPartOf":{"@id":"https:\/\/isi-beritt.com\/#website"},"datePublished":"2022-06-18T14:45:11+00:00","dateModified":"2023-06-10T15:38:59+00:00","description":"Pferdegerechte Ausbildung, Anreiten und Beritt von Islandpferden, APM am Pferd, hilfe bei einem Problempferd","breadcrumb":{"@id":"https:\/\/isi-beritt.com\/index.php\/homeisi-berit-startseite\/angebote\/urlaubsbetreuung\/#breadcrumb"},"inLanguage":"de","potentialAction":[{"@type":"ReadAction","target":["https:\/\/isi-beritt.com\/index.php\/homeisi-berit-startseite\/angebote\/urlaubsbetreuung\/"]}]},{"@type":"BreadcrumbList","@id":"https:\/\/isi-beritt.com\/index.php\/homeisi-berit-startseite\/angebote\/urlaubsbetreuung\/#breadcrumb","itemListElement":[{"@type":"ListItem","position":1,"name":"Startseite","item":"https:\/\/isi-beritt.com\/"},{"@type":"ListItem","position":2,"name":"Home","item":"https:\/\/isi-beritt.com\/"},{"@type":"ListItem","position":3,"name":"Angebote","item":"https:\/\/isi-beritt.com\/index.php\/homeisi-berit-startseite\/angebote\/"},{"@type":"ListItem","position":4,"name":"Urlaubsbetreuung von Pferden und Katzen"}]},{"@type":"WebSite","@id":"https:\/\/isi-beritt.com\/#website","url":"https:\/\/isi-beritt.com\/","name":"isi-beritt.com","description":"Pferdegerechte Ausbildung, Anreiten und Beritt von Pferden, Reitunterricht nach biomechanischen Grunds\u00e4tzen, APM am Pferd, Hilfe bei einem Problempferd","publisher":{"@id":"https:\/\/isi-beritt.com\/#organization"},"potentialAction":[{"@type":"SearchAction","target":{"@type":"EntryPoint","urlTemplate":"https:\/\/isi-beritt.com\/?s={search_term_string}"},"query-input":{"@type":"PropertyValueSpecification","valueRequired":true,"valueName":"search_term_string"}}],"inLanguage":"de"},{"@type":"Organization","@id":"https:\/\/isi-beritt.com\/#organization","name":"isi-beritt.com","url":"https:\/\/isi-beritt.com\/","logo":{"@type":"ImageObject","inLanguage":"de","@id":"https:\/\/isi-beritt.com\/#\/schema\/logo\/image\/","url":"https:\/\/mlicc7hvrqis.i.optimole.com\/w:180\/h:150\/q:mauto\/f:best\/ig:avif\/https:\/\/isi-beritt.com\/wp-content\/uploads\/2019\/09\/ISI_Tolt-frei.gif","contentUrl":"https:\/\/mlicc7hvrqis.i.optimole.com\/w:180\/h:150\/q:mauto\/f:best\/ig:avif\/https:\/\/isi-beritt.com\/wp-content\/uploads\/2019\/09\/ISI_Tolt-frei.gif","width":180,"height":150,"caption":"isi-beritt.com"},"image":{"@id":"https:\/\/isi-beritt.com\/#\/schema\/logo\/image\/"}}]}},"publishpress_future_action":{"enabled":false,"date":"2026-04-24 06:58:04","action":"change-status","newStatus":"draft","terms":[],"taxonomy":"","extraData":[]},"publishpress_future_workflow_manual_trigger":{"enabledWorkflows":[]},"_links":{"self":[{"href":"https:\/\/isi-beritt.com\/index.php\/wp-json\/wp\/v2\/pages\/1016","targetHints":{"allow":["GET"]}}],"collection":[{"href":"https:\/\/isi-beritt.com\/index.php\/wp-json\/wp\/v2\/pages"}],"about":[{"href":"https:\/\/isi-beritt.com\/index.php\/wp-json\/wp\/v2\/types\/page"}],"author":[{"embeddable":true,"href":"https:\/\/isi-beritt.com\/index.php\/wp-json\/wp\/v2\/users\/5"}],"replies":[{"embeddable":true,"href":"https:\/\/isi-beritt.com\/index.php\/wp-json\/wp\/v2\/comments?post=1016"}],"version-history":[{"count":2,"href":"https:\/\/isi-beritt.com\/index.php\/wp-json\/wp\/v2\/pages\/1016\/revisions"}],"predecessor-version":[{"id":1516,"href":"https:\/\/isi-beritt.com\/index.php\/wp-json\/wp\/v2\/pages\/1016\/revisions\/1516"}],"up":[{"embeddable":true,"href":"https:\/\/isi-beritt.com\/index.php\/wp-json\/wp\/v2\/pages\/1487"}],"wp:attachment":[{"href":"https:\/\/isi-beritt.com\/index.php\/wp-json\/wp\/v2\/media?parent=1016"}],"curies":[{"name":"wp","href":"https:\/\/api.w.org\/{rel}","templated":true}]}}