{"id":1399,"date":"2023-06-09T18:53:45","date_gmt":"2023-06-09T17:53:45","guid":{"rendered":"https:\/\/isi-beritt.com\/?page_id=1399"},"modified":"2023-11-02T17:14:49","modified_gmt":"2023-11-02T16:14:49","slug":"kurse","status":"publish","type":"page","link":"https:\/\/isi-beritt.com\/index.php\/homeisi-berit-startseite\/angebote\/kurse\/","title":{"rendered":"Kurse"},"content":{"rendered":"<div class=\"breadcrumbs align  wp-block-bcn-breadcrumb-trail has-text-color has-background\" vocab=\"https:\/\/schema.org\/\" typeof=\"BreadcrumbList\">\n\t<span><\/span>\n\t<span property=\"itemListElement\" typeof=\"ListItem\"><a property=\"item\" typeof=\"WebPage\" title=\"Go to isi-beritt.com.\" href=\"https:\/\/isi-beritt.com\" class=\"home\" aria-current=\"page\"><span property=\"name\">isi-beritt.com<\/span><\/a><meta property=\"position\" content=\"1\"><\/span><\/div>\n\n\n\n<p>Sie m\u00f6chten an Ihrem Stall oder bei sich im Reitverein einen kleinen Kurs zu einem bestimmten Thema veranstalten? Dann freue ich mich, Ihnen ab sofort Kurse mit einer Theorie- und einer Praxiseinheit (Einzelunterricht) anbieten zu k\u00f6nnen.<\/p>\n\n\n<div class=\"wp-block-themeisle-blocks-posts-grid\" id=\"wp-block-themeisle-blocks-posts-grid-e8f69c6a\"><div class=\"is-list\"><div class=\"o-posts-grid-post-blog o-posts-grid-post-plain\"><div class=\"o-posts-grid-post\"><div class=\"o-posts-grid-post-body is-full\"><h2 class=\"o-posts-grid-post-title\"><a href=\"https:\/\/isi-beritt.com\/index.php\/wie-lange-dauert-ein-kurs\/\">Wie lange dauert ein Kurs?<\/a><\/h2><div class=\"o-posts-grid-post-description\"><p>Jeder Kurs startet mit einer Theorieeinheit in der Teilnehmergruppe, in der das Thema des Tages besprochen wird und alle offenen Fragen der Teilnehmer dazu gekl\u00e4rt werden sollen.Im Anschluss daran findet der Praxisteil in ca. halbst\u00fcndigen Unterrichtseinheiten statt, wobei jeder Teilnehmer selbst w\u00e4hlen kann, ob er sein Pferd\u2026<\/p><a class=\"o-posts-read-more\" href=\"https:\/\/isi-beritt.com\/index.php\/wie-lange-dauert-ein-kurs\/\">Read More<\/a><\/div><\/div><\/div><\/div><div class=\"o-posts-grid-post-blog o-posts-grid-post-plain\"><div class=\"o-posts-grid-post\"><div class=\"o-posts-grid-post-body is-full\"><h2 class=\"o-posts-grid-post-title\"><a href=\"https:\/\/isi-beritt.com\/index.php\/wie-viele-teilnehmer-koennen-sich-fuer-einen-kurs-anmelden\/\">Wie viele Teilnehmer k\u00f6nnen sich f\u00fcr einen Kurs anmelden?<\/a><\/h2><div class=\"o-posts-grid-post-description\"><p>Um Jede*n optimal unterst\u00fctzen und da abholen zu k\u00f6nnen, wo er oder sie gerade steht, w\u00fcrde ich am liebsten Kleingruppen von 2 bis 5 Teilnehmer planen. Ausnahmen k\u00f6nnen selbstverst\u00e4ndlich angefragt werden.<\/p><a class=\"o-posts-read-more\" href=\"https:\/\/isi-beritt.com\/index.php\/wie-viele-teilnehmer-koennen-sich-fuer-einen-kurs-anmelden\/\">Read More<\/a><\/div><\/div><\/div><\/div><div class=\"o-posts-grid-post-blog o-posts-grid-post-plain\"><div class=\"o-posts-grid-post\"><div class=\"o-posts-grid-post-body is-full\"><h2 class=\"o-posts-grid-post-title\"><a href=\"https:\/\/isi-beritt.com\/index.php\/zu-welchen-terminen-werden-die-kurse-angeboten\/\">Zu welchen Terminen werden die Kurse angeboten?<\/a><\/h2><div class=\"o-posts-grid-post-description\"><p>Die Termine k\u00f6nnen von Ihnen individuell mit mir abgestimmt werden. Es gibt keine festgelegten Wochentage oder Uhrzeiten. Wann immer Sie Ihren Kurs durchf\u00fchren m\u00f6chten und ich freie Kapazit\u00e4ten habe, wird dies m\u00f6glich sein.<\/p><a class=\"o-posts-read-more\" href=\"https:\/\/isi-beritt.com\/index.php\/zu-welchen-terminen-werden-die-kurse-angeboten\/\">Read More<\/a><\/div><\/div><\/div><\/div><div class=\"o-posts-grid-post-blog o-posts-grid-post-plain\"><div class=\"o-posts-grid-post\"><div class=\"o-posts-grid-post-body is-full\"><h2 class=\"o-posts-grid-post-title\"><a href=\"https:\/\/isi-beritt.com\/index.php\/welche-themen-koennen-im-kurs-behandelt-werden\/\">Welche Themen k\u00f6nnen im Kurs behandelt werden?<\/a><\/h2><div class=\"o-posts-grid-post-description\"><p>Das Thema des Kurses sollten wir im Vorfeld gemeinsam abstimmen. Als beispielhafte Kursthemen habe ich Ihnen eine Liste mit Vorschl\u00e4gen erstellt. Sehr gern d\u00fcrfen Sie aber auch mit Ihren eigenen W\u00fcnschen und Vorstellungen auf mich zukommen.<\/p><a class=\"o-posts-read-more\" href=\"https:\/\/isi-beritt.com\/index.php\/welche-themen-koennen-im-kurs-behandelt-werden\/\">Read More<\/a><\/div><\/div><\/div><\/div><div class=\"o-posts-grid-post-blog o-posts-grid-post-plain\"><div class=\"o-posts-grid-post\"><div class=\"o-posts-grid-post-body is-full\"><h2 class=\"o-posts-grid-post-title\"><a href=\"https:\/\/isi-beritt.com\/index.php\/was-wird-ein-kurs-kosten\/\">Was wird ein Kurs kosten?<\/a><\/h2><div class=\"o-posts-grid-post-description\"><p>F\u00fcr jeden Teilnehmer berechne ich 50 \u20ac\u00a0zzgl. einmalig\u00a0die Fahrkosten an den Veranstaltungsort.Teilnehmer ohne Pferd (nur Theorie): 20 \u20ac<\/p><a class=\"o-posts-read-more\" href=\"https:\/\/isi-beritt.com\/index.php\/was-wird-ein-kurs-kosten\/\">Read More<\/a><\/div><\/div><\/div><\/div><\/div> <\/div>","protected":false},"excerpt":{"rendered":"<p>Sie m\u00f6chten an Ihrem Stall oder bei sich im Reitverein einen kleinen Kurs zu einem bestimmten Thema veranstalten? Dann freue ich mich, Ihnen ab sofort Kurse mit einer Theorie- und einer Praxiseinheit (Einzelunterricht) anbieten zu k\u00f6nnen.<\/p>\n","protected":false},"author":5,"featured_media":0,"parent":1487,"menu_order":0,"comment_status":"closed","ping_status":"closed","template":"","meta":{"_acf_changed":false,"neve_meta_sidebar":"","neve_meta_container":"","neve_meta_enable_content_width":"","neve_meta_content_width":0,"neve_meta_title_alignment":"","neve_meta_author_avatar":"","neve_post_elements_order":"","neve_meta_disable_header":"","neve_meta_disable_footer":"","neve_meta_disable_title":"","neve_meta_reading_time":"","_themeisle_gutenberg_block_has_review":false,"footnotes":""},"class_list":["post-1399","page","type-page","status-publish","hentry"],"acf":[],"yoast_head":"<!-- This site is optimized with the Yoast SEO plugin v27.4 - https:\/\/yoast.com\/product\/yoast-seo-wordpress\/ -->\n<title>Kurse - isi-beritt.com<\/title>\n<meta name=\"description\" content=\"Pferdegerechte Ausbildung, Anreiten und Beritt von Islandpferden, APM am Pferd, hilfe bei einem Problempferd\" \/>\n<meta name=\"robots\" content=\"index, follow, max-snippet:-1, max-image-preview:large, max-video-preview:-1\" \/>\n<link rel=\"canonical\" href=\"https:\/\/isi-beritt.com\/index.php\/homeisi-berit-startseite\/angebote\/kurse\/\" \/>\n<meta property=\"og:locale\" content=\"de_DE\" \/>\n<meta property=\"og:type\" content=\"article\" \/>\n<meta property=\"og:title\" content=\"Kurse - isi-beritt.com\" \/>\n<meta property=\"og:description\" content=\"Pferdegerechte Ausbildung, Anreiten und Beritt von Islandpferden, APM am Pferd, hilfe bei einem Problempferd\" \/>\n<meta property=\"og:url\" content=\"https:\/\/isi-beritt.com\/index.php\/homeisi-berit-startseite\/angebote\/kurse\/\" \/>\n<meta property=\"og:site_name\" content=\"isi-beritt.com\" \/>\n<meta property=\"article:modified_time\" content=\"2023-11-02T16:14:49+00:00\" \/>\n<meta name=\"twitter:card\" content=\"summary_large_image\" \/>\n<meta name=\"twitter:label1\" content=\"Gesch\u00e4tzte Lesezeit\" \/>\n\t<meta name=\"twitter:data1\" content=\"1\u00a0Minute\" \/>\n<script type=\"application\/ld+json\" class=\"yoast-schema-graph\">{\"@context\":\"https:\\\/\\\/schema.org\",\"@graph\":[{\"@type\":\"WebPage\",\"@id\":\"https:\\\/\\\/isi-beritt.com\\\/index.php\\\/homeisi-berit-startseite\\\/angebote\\\/kurse\\\/\",\"url\":\"https:\\\/\\\/isi-beritt.com\\\/index.php\\\/homeisi-berit-startseite\\\/angebote\\\/kurse\\\/\",\"name\":\"Kurse - isi-beritt.com\",\"isPartOf\":{\"@id\":\"https:\\\/\\\/isi-beritt.com\\\/#website\"},\"datePublished\":\"2023-06-09T17:53:45+00:00\",\"dateModified\":\"2023-11-02T16:14:49+00:00\",\"description\":\"Pferdegerechte Ausbildung, Anreiten und Beritt von Islandpferden, APM am Pferd, hilfe bei einem Problempferd\",\"breadcrumb\":{\"@id\":\"https:\\\/\\\/isi-beritt.com\\\/index.php\\\/homeisi-berit-startseite\\\/angebote\\\/kurse\\\/#breadcrumb\"},\"inLanguage\":\"de\",\"potentialAction\":[{\"@type\":\"ReadAction\",\"target\":[\"https:\\\/\\\/isi-beritt.com\\\/index.php\\\/homeisi-berit-startseite\\\/angebote\\\/kurse\\\/\"]}]},{\"@type\":\"BreadcrumbList\",\"@id\":\"https:\\\/\\\/isi-beritt.com\\\/index.php\\\/homeisi-berit-startseite\\\/angebote\\\/kurse\\\/#breadcrumb\",\"itemListElement\":[{\"@type\":\"ListItem\",\"position\":1,\"name\":\"Startseite\",\"item\":\"https:\\\/\\\/isi-beritt.com\\\/\"},{\"@type\":\"ListItem\",\"position\":2,\"name\":\"Home\",\"item\":\"https:\\\/\\\/isi-beritt.com\\\/\"},{\"@type\":\"ListItem\",\"position\":3,\"name\":\"Angebote\",\"item\":\"https:\\\/\\\/isi-beritt.com\\\/index.php\\\/homeisi-berit-startseite\\\/angebote\\\/\"},{\"@type\":\"ListItem\",\"position\":4,\"name\":\"Kurse\"}]},{\"@type\":\"WebSite\",\"@id\":\"https:\\\/\\\/isi-beritt.com\\\/#website\",\"url\":\"https:\\\/\\\/isi-beritt.com\\\/\",\"name\":\"isi-beritt.com\",\"description\":\"Pferdegerechte Ausbildung, Anreiten und Beritt von Pferden, Reitunterricht nach biomechanischen Grunds\u00e4tzen, APM am Pferd, Hilfe bei einem Problempferd\",\"publisher\":{\"@id\":\"https:\\\/\\\/isi-beritt.com\\\/#organization\"},\"potentialAction\":[{\"@type\":\"SearchAction\",\"target\":{\"@type\":\"EntryPoint\",\"urlTemplate\":\"https:\\\/\\\/isi-beritt.com\\\/?s={search_term_string}\"},\"query-input\":{\"@type\":\"PropertyValueSpecification\",\"valueRequired\":true,\"valueName\":\"search_term_string\"}}],\"inLanguage\":\"de\"},{\"@type\":\"Organization\",\"@id\":\"https:\\\/\\\/isi-beritt.com\\\/#organization\",\"name\":\"isi-beritt.com\",\"url\":\"https:\\\/\\\/isi-beritt.com\\\/\",\"logo\":{\"@type\":\"ImageObject\",\"inLanguage\":\"de\",\"@id\":\"https:\\\/\\\/isi-beritt.com\\\/#\\\/schema\\\/logo\\\/image\\\/\",\"url\":\"https:\\/\\/mlicc7hvrqis.i.optimole.com\\/w:180\\/h:150\\/q:mauto\\/f:best\\/ig:avif\\/https:\\/\\/isi-beritt.com\\/wp-content\\/uploads\\/2019\\/09\\/ISI_Tolt-frei.gif\",\"contentUrl\":\"https:\\/\\/mlicc7hvrqis.i.optimole.com\\/w:180\\/h:150\\/q:mauto\\/f:best\\/ig:avif\\/https:\\/\\/isi-beritt.com\\/wp-content\\/uploads\\/2019\\/09\\/ISI_Tolt-frei.gif\",\"width\":180,\"height\":150,\"caption\":\"isi-beritt.com\"},\"image\":{\"@id\":\"https:\\\/\\\/isi-beritt.com\\\/#\\\/schema\\\/logo\\\/image\\\/\"}}]}<\/script>\n<!-- \/ Yoast SEO plugin. -->","yoast_head_json":{"title":"Kurse - isi-beritt.com","description":"Pferdegerechte Ausbildung, Anreiten und Beritt von Islandpferden, APM am Pferd, hilfe bei einem Problempferd","robots":{"index":"index","follow":"follow","max-snippet":"max-snippet:-1","max-image-preview":"max-image-preview:large","max-video-preview":"max-video-preview:-1"},"canonical":"https:\/\/isi-beritt.com\/index.php\/homeisi-berit-startseite\/angebote\/kurse\/","og_locale":"de_DE","og_type":"article","og_title":"Kurse - isi-beritt.com","og_description":"Pferdegerechte Ausbildung, Anreiten und Beritt von Islandpferden, APM am Pferd, hilfe bei einem Problempferd","og_url":"https:\/\/isi-beritt.com\/index.php\/homeisi-berit-startseite\/angebote\/kurse\/","og_site_name":"isi-beritt.com","article_modified_time":"2023-11-02T16:14:49+00:00","twitter_card":"summary_large_image","twitter_misc":{"Gesch\u00e4tzte Lesezeit":"1\u00a0Minute"},"schema":{"@context":"https:\/\/schema.org","@graph":[{"@type":"WebPage","@id":"https:\/\/isi-beritt.com\/index.php\/homeisi-berit-startseite\/angebote\/kurse\/","url":"https:\/\/isi-beritt.com\/index.php\/homeisi-berit-startseite\/angebote\/kurse\/","name":"Kurse - isi-beritt.com","isPartOf":{"@id":"https:\/\/isi-beritt.com\/#website"},"datePublished":"2023-06-09T17:53:45+00:00","dateModified":"2023-11-02T16:14:49+00:00","description":"Pferdegerechte Ausbildung, Anreiten und Beritt von Islandpferden, APM am Pferd, hilfe bei einem Problempferd","breadcrumb":{"@id":"https:\/\/isi-beritt.com\/index.php\/homeisi-berit-startseite\/angebote\/kurse\/#breadcrumb"},"inLanguage":"de","potentialAction":[{"@type":"ReadAction","target":["https:\/\/isi-beritt.com\/index.php\/homeisi-berit-startseite\/angebote\/kurse\/"]}]},{"@type":"BreadcrumbList","@id":"https:\/\/isi-beritt.com\/index.php\/homeisi-berit-startseite\/angebote\/kurse\/#breadcrumb","itemListElement":[{"@type":"ListItem","position":1,"name":"Startseite","item":"https:\/\/isi-beritt.com\/"},{"@type":"ListItem","position":2,"name":"Home","item":"https:\/\/isi-beritt.com\/"},{"@type":"ListItem","position":3,"name":"Angebote","item":"https:\/\/isi-beritt.com\/index.php\/homeisi-berit-startseite\/angebote\/"},{"@type":"ListItem","position":4,"name":"Kurse"}]},{"@type":"WebSite","@id":"https:\/\/isi-beritt.com\/#website","url":"https:\/\/isi-beritt.com\/","name":"isi-beritt.com","description":"Pferdegerechte Ausbildung, Anreiten und Beritt von Pferden, Reitunterricht nach biomechanischen Grunds\u00e4tzen, APM am Pferd, Hilfe bei einem Problempferd","publisher":{"@id":"https:\/\/isi-beritt.com\/#organization"},"potentialAction":[{"@type":"SearchAction","target":{"@type":"EntryPoint","urlTemplate":"https:\/\/isi-beritt.com\/?s={search_term_string}"},"query-input":{"@type":"PropertyValueSpecification","valueRequired":true,"valueName":"search_term_string"}}],"inLanguage":"de"},{"@type":"Organization","@id":"https:\/\/isi-beritt.com\/#organization","name":"isi-beritt.com","url":"https:\/\/isi-beritt.com\/","logo":{"@type":"ImageObject","inLanguage":"de","@id":"https:\/\/isi-beritt.com\/#\/schema\/logo\/image\/","url":"https:\/\/mlicc7hvrqis.i.optimole.com\/w:180\/h:150\/q:mauto\/f:best\/ig:avif\/https:\/\/isi-beritt.com\/wp-content\/uploads\/2019\/09\/ISI_Tolt-frei.gif","contentUrl":"https:\/\/mlicc7hvrqis.i.optimole.com\/w:180\/h:150\/q:mauto\/f:best\/ig:avif\/https:\/\/isi-beritt.com\/wp-content\/uploads\/2019\/09\/ISI_Tolt-frei.gif","width":180,"height":150,"caption":"isi-beritt.com"},"image":{"@id":"https:\/\/isi-beritt.com\/#\/schema\/logo\/image\/"}}]}},"publishpress_future_action":{"enabled":false,"date":"2026-04-24 06:58:20","action":"change-status","newStatus":"draft","terms":[],"taxonomy":"","extraData":[]},"publishpress_future_workflow_manual_trigger":{"enabledWorkflows":[]},"_links":{"self":[{"href":"https:\/\/isi-beritt.com\/index.php\/wp-json\/wp\/v2\/pages\/1399","targetHints":{"allow":["GET"]}}],"collection":[{"href":"https:\/\/isi-beritt.com\/index.php\/wp-json\/wp\/v2\/pages"}],"about":[{"href":"https:\/\/isi-beritt.com\/index.php\/wp-json\/wp\/v2\/types\/page"}],"author":[{"embeddable":true,"href":"https:\/\/isi-beritt.com\/index.php\/wp-json\/wp\/v2\/users\/5"}],"replies":[{"embeddable":true,"href":"https:\/\/isi-beritt.com\/index.php\/wp-json\/wp\/v2\/comments?post=1399"}],"version-history":[{"count":2,"href":"https:\/\/isi-beritt.com\/index.php\/wp-json\/wp\/v2\/pages\/1399\/revisions"}],"predecessor-version":[{"id":1582,"href":"https:\/\/isi-beritt.com\/index.php\/wp-json\/wp\/v2\/pages\/1399\/revisions\/1582"}],"up":[{"embeddable":true,"href":"https:\/\/isi-beritt.com\/index.php\/wp-json\/wp\/v2\/pages\/1487"}],"wp:attachment":[{"href":"https:\/\/isi-beritt.com\/index.php\/wp-json\/wp\/v2\/media?parent=1399"}],"curies":[{"name":"wp","href":"https:\/\/api.w.org\/{rel}","templated":true}]}}