{"id":22,"date":"2019-08-23T20:42:12","date_gmt":"2019-08-23T19:42:12","guid":{"rendered":"http:\/\/isi-beritt.homepage.t-online.de\/wordpress?page_id=22"},"modified":"2023-06-10T16:21:40","modified_gmt":"2023-06-10T15:21:40","slug":"anreiten-und-ausbildung","status":"publish","type":"page","link":"https:\/\/isi-beritt.com\/index.php\/homeisi-berit-startseite\/angebote\/anreiten-und-ausbildung\/","title":{"rendered":"Anreiten und Ausbildung"},"content":{"rendered":"<div class=\"breadcrumbs align  wp-block-bcn-breadcrumb-trail has-text-color has-background\" vocab=\"https:\/\/schema.org\/\" typeof=\"BreadcrumbList\">\n\t<span><\/span>\n\t<span property=\"itemListElement\" typeof=\"ListItem\"><a property=\"item\" typeof=\"WebPage\" title=\"Go to isi-beritt.com.\" href=\"https:\/\/isi-beritt.com\" class=\"home\" aria-current=\"page\"><span property=\"name\">isi-beritt.com<\/span><\/a><meta property=\"position\" content=\"1\"><\/span><\/div>\n\n\n\n<p><\/p>\n\n\n\n<p>Da Islandpferde Sp\u00e4tentwickler sind, reite ich sie grunds\u00e4tzlich erst ab 5 Jahren ein. Wenn das junge Pferd zu fr\u00fch mit Gewicht belastet wird, sind gesundheitliche Folgesch\u00e4den nicht auszuschlie\u00dfen. Nichtsdestotrotz kann man schon fr\u00fcher mit Bodenarbeit oder Longieren beginnen, sofern die geistige Entwicklung des Tieres dies zul\u00e4sst und es sich bereits gen\u00fcgend auf die Mitarbeit konzentrieren kann.<\/p>\n\n\n\n<div class=\"wp-block-image\"><figure class=\"aligncenter size-large\"><img data-opt-id=1628389345  fetchpriority=\"high\" decoding=\"async\" src=\"https:\/\/mlicc7hvrqis.i.optimole.com\/w:auto\/h:auto\/q:mauto\/f:best\/ig:avif\/https:\/\/isi-beritt.com\/wp-content\/uploads\/2020\/01\/Doppellonge-1.jpg\" alt=\"Astrid mit Oskar an der Lounge\"\/><\/figure><\/div>\n\n\n\n<p>Zun\u00e4chst steht f\u00fcr mich neben der Grunderziehung eine Basis der Vertrauensbildung im Vordergrund.&nbsp;Darauf aufbauend kann man stufenweise mit der Grundausbildung beginnen. Dies beinhaltet neben der Bodenarbeit das Longieren sowie die Arbeit an der Doppellonge. Zu gegebener Zeit wird das junge Pferd an Sattel und Trense gew\u00f6hnt. Es lernt mit dem Menschen zusammen zu arbeiten und soll zun\u00e4chst die f\u00fcr das Reiten n\u00f6tige Muskulatur aufbauen. Nach dem ersten Aufsitzen kann die eigentliche Ausbildung unter dem Sattel beginnen. Gerade zu Beginn ist es wichtig, das bislang noch ungewohnte Reitergewicht m\u00f6glichst niedrig zu halten.<\/p>\n\n\n\n<div class=\"wp-block-image\"><figure class=\"aligncenter size-large\"><img data-opt-id=2032386098  fetchpriority=\"high\" decoding=\"async\" src=\"https:\/\/mlicc7hvrqis.i.optimole.com\/w:auto\/h:auto\/q:mauto\/f:best\/ig:avif\/https:\/\/isi-beritt.com\/wp-content\/uploads\/2020\/01\/Trabstange-3.jpg\" alt=\"Astrid mit Snaedis \u00fcber Stangen als Hilfsmittel\"\/><\/figure><\/div>\n\n\n\n<p>Da Islandpferde aufgrund ihrer Gangverteilung dazu neigen, sich eher fest zu machen, wenn sie z.B. zu fr\u00fch zu&nbsp;weit oben an den Z\u00fcgel gestellt werden, beginne ich grunds\u00e4tzlich immer damit, ihnen zun\u00e4chst das lockere Laufen unter dem Reiter beizubringen, damit sie die f\u00fcr ihr weiteres Reitpferdeleben wichtige Losgelassenheit erreichen k\u00f6nnen. Durch die Streckung des Halses beim Vorw\u00e4rts-Abw\u00e4rts-Reiten kann das Pferd eine entspannte Dehnungshaltung einnehmen und die hierdurch korrekt arbeitende R\u00fcckenmuskulatur wird in ihrer Tragf\u00e4higkeit geschult. Dies ist einerseits die Grundlage f\u00fcr die Gesunderhaltung des Pferder\u00fcckens und andererseits auch f\u00fcr raumgreifende Bewegungen sowie einen harmonischen Bewegungsablauf entscheidend.<\/p>\n\n\n\n<p>Zun\u00e4chst lernen die Pferde auf dem Reitplatz und sp\u00e4ter auch im Gel\u00e4nde auf Gewichts-, Schenkel- und Z\u00fcgelhilfe in gew\u00fcnschter Art und Weise zu reagieren. Wenn die Pferde locker vorw\u00e4rts abw\u00e4rts gehen, beschleunigt und durchpariert werden k\u00f6nnen und sich gut abwenden lassen, ist die erste Phase der reiterlichen Ausbildung abgeschlossen.<\/p>\n\n\n\n<p>Nun liegt es im Ermessen des Besitzers wie die weitere Ausbildung des Pferdes vonstattengehen soll und h\u00e4ngt vor allem vom jeweiligen Pferd ab, das in den vergangenen Wochen extrem viel gelernt hat. Es spricht nichts dagegen, wenn man seinem Tier nun eine (aktive) Pause g\u00f6nnt, wobei man das Gelernte auf Ausritten oder auch auf dem Reitplatz durchaus festigen und die Muskulatur weiter aufbauen kann.<\/p>\n\n\n\n<p>Daran kann sich dann z.B. eine dressurm\u00e4\u00dfige Ausbildung anschlie\u00dfen, das Pferd kann einget\u00f6ltet oder je nach Wunsch des Besitzers weiter gearbeitet werden. Weil sich aber nicht jedes Pferd f\u00fcr alle Disziplinen eignet (ein Dreig\u00e4nger wird beispielsweise nie t\u00f6lten k\u00f6nnen), nehme ich gegebenenfalls umgehend Kontakt mit dem Besitzer auf, wenn ein angestrebtes Ziel ganz offensichtlich nicht erreicht werden kann, damit diesem keine unn\u00f6tigen Kosten entstehen.<\/p>\n\n\n\n<p>Auch beim Anreiten gilt f\u00fcr mich wie bei jeglicher Arbeit mit den Pferden, dass es gef\u00fchlvoll, pferdegerecht und stressfrei erfolgt und das Tier Freude an der Arbeit mit dem Menschen hat sowie das n\u00f6tige Vertrauen beh\u00e4lt oder entwickelt. Ich setze deswegen grunds\u00e4tzlich weder Ausbindez\u00fcgel noch Sporen ein. Es hat sich bew\u00e4hrt, dass man mit Pferden, die mit Geduld jederzeit freundlich, aber konsequent erzogen und ausgebildet wurden, nachhaltige Ergebnisse erzielt. Um physische und psychische Sch\u00e4den zu vermeiden, bekommt jedes Pferd genau die Zeit, die es braucht. \u00dcber allem steht der Grundsatz einer harmonischen Partnerschaft zwischen Pferd und Mensch!<\/p>\n","protected":false},"excerpt":{"rendered":"<p>Da Islandpferde Sp\u00e4tentwickler sind, reite ich sie grunds\u00e4tzlich erst ab 5 Jahren ein. Wenn das junge Pferd zu fr\u00fch mit Gewicht belastet wird, sind gesundheitliche Folgesch\u00e4den nicht auszuschlie\u00dfen. Nichtsdestotrotz kann man schon fr\u00fcher mit Bodenarbeit oder Longieren beginnen, sofern die geistige Entwicklung des Tieres dies zul\u00e4sst und es sich bereits gen\u00fcgend auf die Mitarbeit konzentrieren&hellip;&nbsp;<\/p>\n","protected":false},"author":5,"featured_media":0,"parent":1487,"menu_order":0,"comment_status":"closed","ping_status":"closed","template":"","meta":{"_acf_changed":false,"neve_meta_sidebar":"","neve_meta_container":"","neve_meta_enable_content_width":"","neve_meta_content_width":0,"neve_meta_title_alignment":"","neve_meta_author_avatar":"","neve_post_elements_order":"","neve_meta_disable_header":"","neve_meta_disable_footer":"","neve_meta_disable_title":"","neve_meta_reading_time":"","_themeisle_gutenberg_block_has_review":false,"footnotes":""},"class_list":["post-22","page","type-page","status-publish","hentry"],"acf":[],"yoast_head":"<!-- This site is optimized with the Yoast SEO plugin v27.4 - https:\/\/yoast.com\/product\/yoast-seo-wordpress\/ -->\n<title>Anreiten und Ausbildung - isi-beritt.com<\/title>\n<meta name=\"description\" content=\"Pferdegerechte Ausbildung, Anreiten und Beritt von Pferden aller Art, APM am Pferd, hilfe bei einem Problempferd\" \/>\n<meta name=\"robots\" content=\"index, follow, max-snippet:-1, max-image-preview:large, max-video-preview:-1\" \/>\n<link rel=\"canonical\" href=\"https:\/\/isi-beritt.com\/index.php\/homeisi-berit-startseite\/angebote\/anreiten-und-ausbildung\/\" \/>\n<meta property=\"og:locale\" content=\"de_DE\" \/>\n<meta property=\"og:type\" content=\"article\" \/>\n<meta property=\"og:title\" content=\"Anreiten und Ausbildung - isi-beritt.com\" \/>\n<meta property=\"og:description\" content=\"Pferdegerechte Ausbildung, Anreiten und Beritt von Pferden aller Art, APM am Pferd, hilfe bei einem Problempferd\" \/>\n<meta property=\"og:url\" content=\"https:\/\/isi-beritt.com\/index.php\/homeisi-berit-startseite\/angebote\/anreiten-und-ausbildung\/\" \/>\n<meta property=\"og:site_name\" content=\"isi-beritt.com\" \/>\n<meta property=\"article:modified_time\" content=\"2023-06-10T15:21:40+00:00\" \/>\n<meta property=\"og:image\" content=\"https:\/\/mlicc7hvrqis.i.optimole.com\/w:auto\/h:auto\/q:mauto\/f:best\/ig:avif\/https:\/\/isi-beritt.com\/wp-content\/uploads\/2020\/01\/Doppellonge-1.jpg\" \/>\n<meta name=\"twitter:card\" content=\"summary_large_image\" \/>\n<meta name=\"twitter:label1\" content=\"Gesch\u00e4tzte Lesezeit\" \/>\n\t<meta name=\"twitter:data1\" content=\"3\u00a0Minuten\" \/>\n<script type=\"application\/ld+json\" class=\"yoast-schema-graph\">{\"@context\":\"https:\\\/\\\/schema.org\",\"@graph\":[{\"@type\":\"WebPage\",\"@id\":\"https:\\\/\\\/isi-beritt.com\\\/index.php\\\/homeisi-berit-startseite\\\/angebote\\\/anreiten-und-ausbildung\\\/\",\"url\":\"https:\\\/\\\/isi-beritt.com\\\/index.php\\\/homeisi-berit-startseite\\\/angebote\\\/anreiten-und-ausbildung\\\/\",\"name\":\"Anreiten und Ausbildung - isi-beritt.com\",\"isPartOf\":{\"@id\":\"https:\\\/\\\/isi-beritt.com\\\/#website\"},\"primaryImageOfPage\":{\"@id\":\"https:\\\/\\\/isi-beritt.com\\\/index.php\\\/homeisi-berit-startseite\\\/angebote\\\/anreiten-und-ausbildung\\\/#primaryimage\"},\"image\":{\"@id\":\"https:\\\/\\\/isi-beritt.com\\\/index.php\\\/homeisi-berit-startseite\\\/angebote\\\/anreiten-und-ausbildung\\\/#primaryimage\"},\"thumbnailUrl\":\"https:\\/\\/isi-beritt.com\\/wp-content\\/uploads\\/2020\\/01\\/Doppellonge-1.jpg\",\"datePublished\":\"2019-08-23T19:42:12+00:00\",\"dateModified\":\"2023-06-10T15:21:40+00:00\",\"description\":\"Pferdegerechte Ausbildung, Anreiten und Beritt von Pferden aller Art, APM am Pferd, hilfe bei einem Problempferd\",\"breadcrumb\":{\"@id\":\"https:\\\/\\\/isi-beritt.com\\\/index.php\\\/homeisi-berit-startseite\\\/angebote\\\/anreiten-und-ausbildung\\\/#breadcrumb\"},\"inLanguage\":\"de\",\"potentialAction\":[{\"@type\":\"ReadAction\",\"target\":[\"https:\\\/\\\/isi-beritt.com\\\/index.php\\\/homeisi-berit-startseite\\\/angebote\\\/anreiten-und-ausbildung\\\/\"]}]},{\"@type\":\"ImageObject\",\"inLanguage\":\"de\",\"@id\":\"https:\\\/\\\/isi-beritt.com\\\/index.php\\\/homeisi-berit-startseite\\\/angebote\\\/anreiten-und-ausbildung\\\/#primaryimage\",\"url\":\"https:\\/\\/isi-beritt.com\\/wp-content\\/uploads\\/2020\\/01\\/Doppellonge-1.jpg\",\"contentUrl\":\"https:\\/\\/isi-beritt.com\\/wp-content\\/uploads\\/2020\\/01\\/Doppellonge-1.jpg\",\"width\":144,\"height\":110,\"caption\":\"Astrid und Oskar mit Doppellonge\"},{\"@type\":\"BreadcrumbList\",\"@id\":\"https:\\\/\\\/isi-beritt.com\\\/index.php\\\/homeisi-berit-startseite\\\/angebote\\\/anreiten-und-ausbildung\\\/#breadcrumb\",\"itemListElement\":[{\"@type\":\"ListItem\",\"position\":1,\"name\":\"Startseite\",\"item\":\"https:\\\/\\\/isi-beritt.com\\\/\"},{\"@type\":\"ListItem\",\"position\":2,\"name\":\"Home\",\"item\":\"https:\\\/\\\/isi-beritt.com\\\/\"},{\"@type\":\"ListItem\",\"position\":3,\"name\":\"Angebote\",\"item\":\"https:\\\/\\\/isi-beritt.com\\\/index.php\\\/homeisi-berit-startseite\\\/angebote\\\/\"},{\"@type\":\"ListItem\",\"position\":4,\"name\":\"Anreiten und Ausbildung\"}]},{\"@type\":\"WebSite\",\"@id\":\"https:\\\/\\\/isi-beritt.com\\\/#website\",\"url\":\"https:\\\/\\\/isi-beritt.com\\\/\",\"name\":\"isi-beritt.com\",\"description\":\"Pferdegerechte Ausbildung, Anreiten und Beritt von Pferden, Reitunterricht nach biomechanischen Grunds\u00e4tzen, APM am Pferd, Hilfe bei einem Problempferd\",\"publisher\":{\"@id\":\"https:\\\/\\\/isi-beritt.com\\\/#organization\"},\"potentialAction\":[{\"@type\":\"SearchAction\",\"target\":{\"@type\":\"EntryPoint\",\"urlTemplate\":\"https:\\\/\\\/isi-beritt.com\\\/?s={search_term_string}\"},\"query-input\":{\"@type\":\"PropertyValueSpecification\",\"valueRequired\":true,\"valueName\":\"search_term_string\"}}],\"inLanguage\":\"de\"},{\"@type\":\"Organization\",\"@id\":\"https:\\\/\\\/isi-beritt.com\\\/#organization\",\"name\":\"isi-beritt.com\",\"url\":\"https:\\\/\\\/isi-beritt.com\\\/\",\"logo\":{\"@type\":\"ImageObject\",\"inLanguage\":\"de\",\"@id\":\"https:\\\/\\\/isi-beritt.com\\\/#\\\/schema\\\/logo\\\/image\\\/\",\"url\":\"https:\\/\\/mlicc7hvrqis.i.optimole.com\\/w:180\\/h:150\\/q:mauto\\/f:best\\/ig:avif\\/https:\\/\\/isi-beritt.com\\/wp-content\\/uploads\\/2019\\/09\\/ISI_Tolt-frei.gif\",\"contentUrl\":\"https:\\/\\/mlicc7hvrqis.i.optimole.com\\/w:180\\/h:150\\/q:mauto\\/f:best\\/ig:avif\\/https:\\/\\/isi-beritt.com\\/wp-content\\/uploads\\/2019\\/09\\/ISI_Tolt-frei.gif\",\"width\":180,\"height\":150,\"caption\":\"isi-beritt.com\"},\"image\":{\"@id\":\"https:\\\/\\\/isi-beritt.com\\\/#\\\/schema\\\/logo\\\/image\\\/\"}}]}<\/script>\n<!-- \/ Yoast SEO plugin. -->","yoast_head_json":{"title":"Anreiten und Ausbildung - isi-beritt.com","description":"Pferdegerechte Ausbildung, Anreiten und Beritt von Pferden aller Art, APM am Pferd, hilfe bei einem Problempferd","robots":{"index":"index","follow":"follow","max-snippet":"max-snippet:-1","max-image-preview":"max-image-preview:large","max-video-preview":"max-video-preview:-1"},"canonical":"https:\/\/isi-beritt.com\/index.php\/homeisi-berit-startseite\/angebote\/anreiten-und-ausbildung\/","og_locale":"de_DE","og_type":"article","og_title":"Anreiten und Ausbildung - isi-beritt.com","og_description":"Pferdegerechte Ausbildung, Anreiten und Beritt von Pferden aller Art, APM am Pferd, hilfe bei einem Problempferd","og_url":"https:\/\/isi-beritt.com\/index.php\/homeisi-berit-startseite\/angebote\/anreiten-und-ausbildung\/","og_site_name":"isi-beritt.com","article_modified_time":"2023-06-10T15:21:40+00:00","og_image":[{"url":"https:\/\/mlicc7hvrqis.i.optimole.com\/w:auto\/h:auto\/q:mauto\/f:best\/ig:avif\/https:\/\/isi-beritt.com\/wp-content\/uploads\/2020\/01\/Doppellonge-1.jpg","type":"","width":"","height":""}],"twitter_card":"summary_large_image","twitter_misc":{"Gesch\u00e4tzte Lesezeit":"3\u00a0Minuten"},"schema":{"@context":"https:\/\/schema.org","@graph":[{"@type":"WebPage","@id":"https:\/\/isi-beritt.com\/index.php\/homeisi-berit-startseite\/angebote\/anreiten-und-ausbildung\/","url":"https:\/\/isi-beritt.com\/index.php\/homeisi-berit-startseite\/angebote\/anreiten-und-ausbildung\/","name":"Anreiten und Ausbildung - isi-beritt.com","isPartOf":{"@id":"https:\/\/isi-beritt.com\/#website"},"primaryImageOfPage":{"@id":"https:\/\/isi-beritt.com\/index.php\/homeisi-berit-startseite\/angebote\/anreiten-und-ausbildung\/#primaryimage"},"image":{"@id":"https:\/\/isi-beritt.com\/index.php\/homeisi-berit-startseite\/angebote\/anreiten-und-ausbildung\/#primaryimage"},"thumbnailUrl":"https:\/\/mlicc7hvrqis.i.optimole.com\/w:auto\/h:auto\/q:mauto\/f:best\/ig:avif\/https:\/\/isi-beritt.com\/wp-content\/uploads\/2020\/01\/Doppellonge-1.jpg","datePublished":"2019-08-23T19:42:12+00:00","dateModified":"2023-06-10T15:21:40+00:00","description":"Pferdegerechte Ausbildung, Anreiten und Beritt von Pferden aller Art, APM am Pferd, hilfe bei einem Problempferd","breadcrumb":{"@id":"https:\/\/isi-beritt.com\/index.php\/homeisi-berit-startseite\/angebote\/anreiten-und-ausbildung\/#breadcrumb"},"inLanguage":"de","potentialAction":[{"@type":"ReadAction","target":["https:\/\/isi-beritt.com\/index.php\/homeisi-berit-startseite\/angebote\/anreiten-und-ausbildung\/"]}]},{"@type":"ImageObject","inLanguage":"de","@id":"https:\/\/isi-beritt.com\/index.php\/homeisi-berit-startseite\/angebote\/anreiten-und-ausbildung\/#primaryimage","url":"https:\/\/mlicc7hvrqis.i.optimole.com\/w:auto\/h:auto\/q:mauto\/f:best\/ig:avif\/https:\/\/isi-beritt.com\/wp-content\/uploads\/2020\/01\/Doppellonge-1.jpg","contentUrl":"https:\/\/mlicc7hvrqis.i.optimole.com\/w:auto\/h:auto\/q:mauto\/f:best\/ig:avif\/https:\/\/isi-beritt.com\/wp-content\/uploads\/2020\/01\/Doppellonge-1.jpg","width":144,"height":110,"caption":"Astrid und Oskar mit Doppellonge"},{"@type":"BreadcrumbList","@id":"https:\/\/isi-beritt.com\/index.php\/homeisi-berit-startseite\/angebote\/anreiten-und-ausbildung\/#breadcrumb","itemListElement":[{"@type":"ListItem","position":1,"name":"Startseite","item":"https:\/\/isi-beritt.com\/"},{"@type":"ListItem","position":2,"name":"Home","item":"https:\/\/isi-beritt.com\/"},{"@type":"ListItem","position":3,"name":"Angebote","item":"https:\/\/isi-beritt.com\/index.php\/homeisi-berit-startseite\/angebote\/"},{"@type":"ListItem","position":4,"name":"Anreiten und Ausbildung"}]},{"@type":"WebSite","@id":"https:\/\/isi-beritt.com\/#website","url":"https:\/\/isi-beritt.com\/","name":"isi-beritt.com","description":"Pferdegerechte Ausbildung, Anreiten und Beritt von Pferden, Reitunterricht nach biomechanischen Grunds\u00e4tzen, APM am Pferd, Hilfe bei einem Problempferd","publisher":{"@id":"https:\/\/isi-beritt.com\/#organization"},"potentialAction":[{"@type":"SearchAction","target":{"@type":"EntryPoint","urlTemplate":"https:\/\/isi-beritt.com\/?s={search_term_string}"},"query-input":{"@type":"PropertyValueSpecification","valueRequired":true,"valueName":"search_term_string"}}],"inLanguage":"de"},{"@type":"Organization","@id":"https:\/\/isi-beritt.com\/#organization","name":"isi-beritt.com","url":"https:\/\/isi-beritt.com\/","logo":{"@type":"ImageObject","inLanguage":"de","@id":"https:\/\/isi-beritt.com\/#\/schema\/logo\/image\/","url":"https:\/\/mlicc7hvrqis.i.optimole.com\/w:180\/h:150\/q:mauto\/f:best\/ig:avif\/https:\/\/isi-beritt.com\/wp-content\/uploads\/2019\/09\/ISI_Tolt-frei.gif","contentUrl":"https:\/\/mlicc7hvrqis.i.optimole.com\/w:180\/h:150\/q:mauto\/f:best\/ig:avif\/https:\/\/isi-beritt.com\/wp-content\/uploads\/2019\/09\/ISI_Tolt-frei.gif","width":180,"height":150,"caption":"isi-beritt.com"},"image":{"@id":"https:\/\/isi-beritt.com\/#\/schema\/logo\/image\/"}}]}},"publishpress_future_action":{"enabled":false,"date":"2026-04-24 06:57:02","action":"change-status","newStatus":"draft","terms":[],"taxonomy":"","extraData":[]},"publishpress_future_workflow_manual_trigger":{"enabledWorkflows":[]},"_links":{"self":[{"href":"https:\/\/isi-beritt.com\/index.php\/wp-json\/wp\/v2\/pages\/22","targetHints":{"allow":["GET"]}}],"collection":[{"href":"https:\/\/isi-beritt.com\/index.php\/wp-json\/wp\/v2\/pages"}],"about":[{"href":"https:\/\/isi-beritt.com\/index.php\/wp-json\/wp\/v2\/types\/page"}],"author":[{"embeddable":true,"href":"https:\/\/isi-beritt.com\/index.php\/wp-json\/wp\/v2\/users\/5"}],"replies":[{"embeddable":true,"href":"https:\/\/isi-beritt.com\/index.php\/wp-json\/wp\/v2\/comments?post=22"}],"version-history":[{"count":1,"href":"https:\/\/isi-beritt.com\/index.php\/wp-json\/wp\/v2\/pages\/22\/revisions"}],"predecessor-version":[{"id":1497,"href":"https:\/\/isi-beritt.com\/index.php\/wp-json\/wp\/v2\/pages\/22\/revisions\/1497"}],"up":[{"embeddable":true,"href":"https:\/\/isi-beritt.com\/index.php\/wp-json\/wp\/v2\/pages\/1487"}],"wp:attachment":[{"href":"https:\/\/isi-beritt.com\/index.php\/wp-json\/wp\/v2\/media?parent=22"}],"curies":[{"name":"wp","href":"https:\/\/api.w.org\/{rel}","templated":true}]}}