{"id":304,"date":"2019-12-08T16:33:29","date_gmt":"2019-12-08T15:33:29","guid":{"rendered":"http:\/\/isi-beritt.homepage.t-online.de\/wordpress\/?page_id=304"},"modified":"2023-06-10T16:25:43","modified_gmt":"2023-06-10T15:25:43","slug":"pferdekommunikation-und-horsemanship","status":"publish","type":"page","link":"https:\/\/isi-beritt.com\/index.php\/wissenswertes\/pferdekommunikation-und-horsemanship\/","title":{"rendered":"Pferdekommunikation und Horsemanship"},"content":{"rendered":"<div class=\"breadcrumbs align  wp-block-bcn-breadcrumb-trail has-text-color has-background\" vocab=\"https:\/\/schema.org\/\" typeof=\"BreadcrumbList\">\n\t<span><\/span>\n\t<span property=\"itemListElement\" typeof=\"ListItem\"><a property=\"item\" typeof=\"WebPage\" title=\"Go to isi-beritt.com.\" href=\"https:\/\/isi-beritt.com\" class=\"home\" aria-current=\"page\"><span property=\"name\">isi-beritt.com<\/span><\/a><meta property=\"position\" content=\"1\"><\/span><\/div>\n\n\n\n<p><\/p>\n\n\n\n<p>Es kann manchmal vorkommen, dass das Verhalten des Pferdes seinem Besitzer Schwierigkeiten bereitet oder f\u00fcr diesen nicht unbedingt verst\u00e4ndlich ist. Angefangen von st\u00e4ndigem Kauen am F\u00fchrstrick bis hin zu \u00c4ngsten oder Widersetzlichkeiten des Tieres in bestimmten Situationen k\u00f6nnen die Nerven des Reiters ganz sch\u00f6n strapaziert werden. Doch je mehr die Emotionen wie \u00c4rger in solchen Augenblicken hochkochen, umso schlechter bekommt man das Problem leider in den Griff, denn der aufkeimende Stre\u00df wirkt sich negativ auf die dadurch erniedrigte Lernf\u00e4higkeit des Pferdes aus. Zur\u00fcck bleibt oft ein Gef\u00fchl der Hilflosigkeit und der Resignation. Wer sich aber seines Problems bewu\u00dft ist, der kann auch aktiv etwas dagegen unternehmen!<\/p>\n\n\n\n<p>Gerne kann ich Ihnen meine Unterst\u00fctzung mit Hilfe der Pferdekommunikation anbieten, damit Sie Ihrem Ziel des harmonischen Miteinanders mit Ihrem Pferd n\u00e4herkommen. Auch die Begrifflichkeit des Horsemanship ist weit verbreitet. \u201cHeutzutage versteht man unter Horsemanship, auch erweitert als \u201e<em>Natural<\/em>&nbsp;(oder \u201e<em>Good<\/em>\u201c)&nbsp;<em>Horsemanship<\/em>\u201c bezeichnet, die Kunst, mit Pferden nat\u00fcrlich, das hei\u00dft pferdegerecht\/pferdeverst\u00e4ndlich umzugehen. Der Umgang soll vor allem f\u00fcr das Pferd Sinn haben. Das Ziel des Horsemanship ist die harmonische Partnerschaft zwischen Mensch und Tier. Sowohl bei der Bodenarbeit, als auch beim Reiten sollen nur Methoden und Hilfsmittel angewendet werden, die das Pferd nicht \u00fcberfordern und ihm keine Schmerzen oder Angst zuf\u00fcgen. Der Reiter oder Pferdeausbilder soll die K\u00f6rpersprache des Pferdes verstehen und richtig deuten um mit dem Pferd zu kommunizieren und gleichzeitig die F\u00fchrungskompetenz bewahren.\u201d (Quelle: Wikipedia, 18.11.2014)<\/p>\n\n\n\n<p>&nbsp;Die Pferdekommunikation ist aber keineswegs als Verh\u00e4tschelung oder gar Vermenschlichung des Tieres zu sehen, denn damit w\u00fcrden sich keine Probleme l\u00f6sen lassen. Im Gegenteil: Mit Hilfe der Pferdekommunikation begibt sich der Mensch auf eine Ebene, in der er sich einer K\u00f6rpersprache bedient, die aus der Natur des Pferdes abgeleitet ist. Pferde brauchen klare Strukturen, Respekt und Vertrauen gehen immer Hand in Hand. Aus diesem Grunde ist es auch enorm wichtig jederzeit freundlich, aber konsequent mit dem Pferd zu sein, damit es eine harmonische Partnerschaft mit uns eingeht, wobei es den Menschen als \u201eLeittier\u201c dieser Zweierherde akzeptiert und ihm vertraut.<br>Sollten bei Ihrem Pferd also Probleme vorhanden sein, von denen Sie hoffen, dass ich Ihnen mittels Pferdekommunikation weiterhelfen kann, z\u00f6gern Sie nicht, mich zu kontaktieren. Gerne nehme ich Ihr Pferd oder Pony ins Training und freue mich, wenn ich helfen kann.<\/p>\n\n\n\n<p>Bewu\u00dft m\u00f6chte ich mich hierbei nicht auf die Lehre eines einzelnen Trainers festlegen. Ich habe in meinen Kursen einige Methoden verschiedener Pferdemenschen kennen gelernt und kann aus meiner Erfahrung sagen, dass nicht jede Vorgehensweise pauschal auf jedes Pferd oder auch jeden Menschen pa\u00dft. Allen gemeinsam ist jedoch, dass im Mittelpunkt das Wohlergehen des Pferdes und der artgerechte Umgang mit ihm steht.<\/p>\n","protected":false},"excerpt":{"rendered":"<p>Es kann manchmal vorkommen, dass das Verhalten des Pferdes seinem Besitzer Schwierigkeiten bereitet oder f\u00fcr diesen nicht unbedingt verst\u00e4ndlich ist. Angefangen von st\u00e4ndigem Kauen am F\u00fchrstrick bis hin zu \u00c4ngsten oder Widersetzlichkeiten des Tieres in bestimmten Situationen k\u00f6nnen die Nerven des Reiters ganz sch\u00f6n strapaziert werden. Doch je mehr die Emotionen wie \u00c4rger in solchen&hellip;&nbsp;<\/p>\n","protected":false},"author":5,"featured_media":0,"parent":109,"menu_order":0,"comment_status":"closed","ping_status":"closed","template":"","meta":{"_acf_changed":false,"neve_meta_sidebar":"","neve_meta_container":"","neve_meta_enable_content_width":"","neve_meta_content_width":0,"neve_meta_title_alignment":"","neve_meta_author_avatar":"","neve_post_elements_order":"","neve_meta_disable_header":"","neve_meta_disable_footer":"","neve_meta_disable_title":"","neve_meta_reading_time":"","_themeisle_gutenberg_block_has_review":false,"footnotes":""},"class_list":["post-304","page","type-page","status-publish","hentry"],"acf":[],"yoast_head":"<!-- This site is optimized with the Yoast SEO plugin v27.5 - https:\/\/yoast.com\/product\/yoast-seo-wordpress\/ -->\n<title>Pferdekommunikation und Horsemanship - isi-beritt.com<\/title>\n<meta name=\"description\" content=\"Pferdegerechte Ausbildung, Anreiten und Beritt von Islandpferden, APM am Pferd, hilfe bei einem Problempferd\" \/>\n<meta name=\"robots\" content=\"index, follow, max-snippet:-1, max-image-preview:large, max-video-preview:-1\" \/>\n<link rel=\"canonical\" href=\"https:\/\/isi-beritt.com\/index.php\/wissenswertes\/pferdekommunikation-und-horsemanship\/\" \/>\n<meta property=\"og:locale\" content=\"de_DE\" \/>\n<meta property=\"og:type\" content=\"article\" \/>\n<meta property=\"og:title\" content=\"Pferdekommunikation und Horsemanship - isi-beritt.com\" \/>\n<meta property=\"og:description\" content=\"Pferdegerechte Ausbildung, Anreiten und Beritt von Islandpferden, APM am Pferd, hilfe bei einem Problempferd\" \/>\n<meta property=\"og:url\" content=\"https:\/\/isi-beritt.com\/index.php\/wissenswertes\/pferdekommunikation-und-horsemanship\/\" \/>\n<meta property=\"og:site_name\" content=\"isi-beritt.com\" \/>\n<meta property=\"article:modified_time\" content=\"2023-06-10T15:25:43+00:00\" \/>\n<meta name=\"twitter:card\" content=\"summary_large_image\" \/>\n<meta name=\"twitter:label1\" content=\"Gesch\u00e4tzte Lesezeit\" \/>\n\t<meta name=\"twitter:data1\" content=\"2\u00a0Minuten\" \/>\n<script type=\"application\/ld+json\" class=\"yoast-schema-graph\">{\"@context\":\"https:\\\/\\\/schema.org\",\"@graph\":[{\"@type\":\"WebPage\",\"@id\":\"https:\\\/\\\/isi-beritt.com\\\/index.php\\\/wissenswertes\\\/pferdekommunikation-und-horsemanship\\\/\",\"url\":\"https:\\\/\\\/isi-beritt.com\\\/index.php\\\/wissenswertes\\\/pferdekommunikation-und-horsemanship\\\/\",\"name\":\"Pferdekommunikation und Horsemanship - isi-beritt.com\",\"isPartOf\":{\"@id\":\"https:\\\/\\\/isi-beritt.com\\\/#website\"},\"datePublished\":\"2019-12-08T15:33:29+00:00\",\"dateModified\":\"2023-06-10T15:25:43+00:00\",\"description\":\"Pferdegerechte Ausbildung, Anreiten und Beritt von Islandpferden, APM am Pferd, hilfe bei einem Problempferd\",\"breadcrumb\":{\"@id\":\"https:\\\/\\\/isi-beritt.com\\\/index.php\\\/wissenswertes\\\/pferdekommunikation-und-horsemanship\\\/#breadcrumb\"},\"inLanguage\":\"de\",\"potentialAction\":[{\"@type\":\"ReadAction\",\"target\":[\"https:\\\/\\\/isi-beritt.com\\\/index.php\\\/wissenswertes\\\/pferdekommunikation-und-horsemanship\\\/\"]}]},{\"@type\":\"BreadcrumbList\",\"@id\":\"https:\\\/\\\/isi-beritt.com\\\/index.php\\\/wissenswertes\\\/pferdekommunikation-und-horsemanship\\\/#breadcrumb\",\"itemListElement\":[{\"@type\":\"ListItem\",\"position\":1,\"name\":\"Startseite\",\"item\":\"https:\\\/\\\/isi-beritt.com\\\/\"},{\"@type\":\"ListItem\",\"position\":2,\"name\":\"Wissenswertes\",\"item\":\"https:\\\/\\\/isi-beritt.com\\\/index.php\\\/wissenswertes\\\/\"},{\"@type\":\"ListItem\",\"position\":3,\"name\":\"Pferdekommunikation und Horsemanship\"}]},{\"@type\":\"WebSite\",\"@id\":\"https:\\\/\\\/isi-beritt.com\\\/#website\",\"url\":\"https:\\\/\\\/isi-beritt.com\\\/\",\"name\":\"isi-beritt.com\",\"description\":\"Pferdegerechte Ausbildung, Anreiten und Beritt von Pferden, Reitunterricht nach biomechanischen Grunds\u00e4tzen, APM am Pferd, Hilfe bei einem Problempferd\",\"publisher\":{\"@id\":\"https:\\\/\\\/isi-beritt.com\\\/#organization\"},\"potentialAction\":[{\"@type\":\"SearchAction\",\"target\":{\"@type\":\"EntryPoint\",\"urlTemplate\":\"https:\\\/\\\/isi-beritt.com\\\/?s={search_term_string}\"},\"query-input\":{\"@type\":\"PropertyValueSpecification\",\"valueRequired\":true,\"valueName\":\"search_term_string\"}}],\"inLanguage\":\"de\"},{\"@type\":\"Organization\",\"@id\":\"https:\\\/\\\/isi-beritt.com\\\/#organization\",\"name\":\"isi-beritt.com\",\"url\":\"https:\\\/\\\/isi-beritt.com\\\/\",\"logo\":{\"@type\":\"ImageObject\",\"inLanguage\":\"de\",\"@id\":\"https:\\\/\\\/isi-beritt.com\\\/#\\\/schema\\\/logo\\\/image\\\/\",\"url\":\"https:\\/\\/mlicc7hvrqis.i.optimole.com\\/w:180\\/h:150\\/q:mauto\\/f:best\\/ig:avif\\/https:\\/\\/isi-beritt.com\\/wp-content\\/uploads\\/2019\\/09\\/ISI_Tolt-frei.gif\",\"contentUrl\":\"https:\\/\\/mlicc7hvrqis.i.optimole.com\\/w:180\\/h:150\\/q:mauto\\/f:best\\/ig:avif\\/https:\\/\\/isi-beritt.com\\/wp-content\\/uploads\\/2019\\/09\\/ISI_Tolt-frei.gif\",\"width\":180,\"height\":150,\"caption\":\"isi-beritt.com\"},\"image\":{\"@id\":\"https:\\\/\\\/isi-beritt.com\\\/#\\\/schema\\\/logo\\\/image\\\/\"}}]}<\/script>\n<!-- \/ Yoast SEO plugin. -->","yoast_head_json":{"title":"Pferdekommunikation und Horsemanship - isi-beritt.com","description":"Pferdegerechte Ausbildung, Anreiten und Beritt von Islandpferden, APM am Pferd, hilfe bei einem Problempferd","robots":{"index":"index","follow":"follow","max-snippet":"max-snippet:-1","max-image-preview":"max-image-preview:large","max-video-preview":"max-video-preview:-1"},"canonical":"https:\/\/isi-beritt.com\/index.php\/wissenswertes\/pferdekommunikation-und-horsemanship\/","og_locale":"de_DE","og_type":"article","og_title":"Pferdekommunikation und Horsemanship - isi-beritt.com","og_description":"Pferdegerechte Ausbildung, Anreiten und Beritt von Islandpferden, APM am Pferd, hilfe bei einem Problempferd","og_url":"https:\/\/isi-beritt.com\/index.php\/wissenswertes\/pferdekommunikation-und-horsemanship\/","og_site_name":"isi-beritt.com","article_modified_time":"2023-06-10T15:25:43+00:00","twitter_card":"summary_large_image","twitter_misc":{"Gesch\u00e4tzte Lesezeit":"2\u00a0Minuten"},"schema":{"@context":"https:\/\/schema.org","@graph":[{"@type":"WebPage","@id":"https:\/\/isi-beritt.com\/index.php\/wissenswertes\/pferdekommunikation-und-horsemanship\/","url":"https:\/\/isi-beritt.com\/index.php\/wissenswertes\/pferdekommunikation-und-horsemanship\/","name":"Pferdekommunikation und Horsemanship - isi-beritt.com","isPartOf":{"@id":"https:\/\/isi-beritt.com\/#website"},"datePublished":"2019-12-08T15:33:29+00:00","dateModified":"2023-06-10T15:25:43+00:00","description":"Pferdegerechte Ausbildung, Anreiten und Beritt von Islandpferden, APM am Pferd, hilfe bei einem Problempferd","breadcrumb":{"@id":"https:\/\/isi-beritt.com\/index.php\/wissenswertes\/pferdekommunikation-und-horsemanship\/#breadcrumb"},"inLanguage":"de","potentialAction":[{"@type":"ReadAction","target":["https:\/\/isi-beritt.com\/index.php\/wissenswertes\/pferdekommunikation-und-horsemanship\/"]}]},{"@type":"BreadcrumbList","@id":"https:\/\/isi-beritt.com\/index.php\/wissenswertes\/pferdekommunikation-und-horsemanship\/#breadcrumb","itemListElement":[{"@type":"ListItem","position":1,"name":"Startseite","item":"https:\/\/isi-beritt.com\/"},{"@type":"ListItem","position":2,"name":"Wissenswertes","item":"https:\/\/isi-beritt.com\/index.php\/wissenswertes\/"},{"@type":"ListItem","position":3,"name":"Pferdekommunikation und Horsemanship"}]},{"@type":"WebSite","@id":"https:\/\/isi-beritt.com\/#website","url":"https:\/\/isi-beritt.com\/","name":"isi-beritt.com","description":"Pferdegerechte Ausbildung, Anreiten und Beritt von Pferden, Reitunterricht nach biomechanischen Grunds\u00e4tzen, APM am Pferd, Hilfe bei einem Problempferd","publisher":{"@id":"https:\/\/isi-beritt.com\/#organization"},"potentialAction":[{"@type":"SearchAction","target":{"@type":"EntryPoint","urlTemplate":"https:\/\/isi-beritt.com\/?s={search_term_string}"},"query-input":{"@type":"PropertyValueSpecification","valueRequired":true,"valueName":"search_term_string"}}],"inLanguage":"de"},{"@type":"Organization","@id":"https:\/\/isi-beritt.com\/#organization","name":"isi-beritt.com","url":"https:\/\/isi-beritt.com\/","logo":{"@type":"ImageObject","inLanguage":"de","@id":"https:\/\/isi-beritt.com\/#\/schema\/logo\/image\/","url":"https:\/\/mlicc7hvrqis.i.optimole.com\/w:180\/h:150\/q:mauto\/f:best\/ig:avif\/https:\/\/isi-beritt.com\/wp-content\/uploads\/2019\/09\/ISI_Tolt-frei.gif","contentUrl":"https:\/\/mlicc7hvrqis.i.optimole.com\/w:180\/h:150\/q:mauto\/f:best\/ig:avif\/https:\/\/isi-beritt.com\/wp-content\/uploads\/2019\/09\/ISI_Tolt-frei.gif","width":180,"height":150,"caption":"isi-beritt.com"},"image":{"@id":"https:\/\/isi-beritt.com\/#\/schema\/logo\/image\/"}}]}},"publishpress_future_action":{"enabled":false,"date":"2026-05-07 01:19:24","action":"change-status","newStatus":"draft","terms":[],"taxonomy":"","extraData":[]},"publishpress_future_workflow_manual_trigger":{"enabledWorkflows":[]},"_links":{"self":[{"href":"https:\/\/isi-beritt.com\/index.php\/wp-json\/wp\/v2\/pages\/304","targetHints":{"allow":["GET"]}}],"collection":[{"href":"https:\/\/isi-beritt.com\/index.php\/wp-json\/wp\/v2\/pages"}],"about":[{"href":"https:\/\/isi-beritt.com\/index.php\/wp-json\/wp\/v2\/types\/page"}],"author":[{"embeddable":true,"href":"https:\/\/isi-beritt.com\/index.php\/wp-json\/wp\/v2\/users\/5"}],"replies":[{"embeddable":true,"href":"https:\/\/isi-beritt.com\/index.php\/wp-json\/wp\/v2\/comments?post=304"}],"version-history":[{"count":1,"href":"https:\/\/isi-beritt.com\/index.php\/wp-json\/wp\/v2\/pages\/304\/revisions"}],"predecessor-version":[{"id":1504,"href":"https:\/\/isi-beritt.com\/index.php\/wp-json\/wp\/v2\/pages\/304\/revisions\/1504"}],"up":[{"embeddable":true,"href":"https:\/\/isi-beritt.com\/index.php\/wp-json\/wp\/v2\/pages\/109"}],"wp:attachment":[{"href":"https:\/\/isi-beritt.com\/index.php\/wp-json\/wp\/v2\/media?parent=304"}],"curies":[{"name":"wp","href":"https:\/\/api.w.org\/{rel}","templated":true}]}}