{"id":308,"date":"2019-12-07T16:05:39","date_gmt":"2019-12-07T14:05:39","guid":{"rendered":"http:\/\/isi-beritt.homepage.t-online.de\/wordpress\/?page_id=308"},"modified":"2019-12-12T20:06:18","modified_gmt":"2019-12-12T18:06:18","slug":"pferdegerecht-was-heisst-das-eigentlich","status":"publish","type":"page","link":"https:\/\/isi-beritt.com\/index.php\/wissenswertes\/pferdegerecht-was-heisst-das-eigentlich\/","title":{"rendered":"&#8222;Pferdegerecht&#8220; &#8211; Was hei\u00dft das eigentlich?"},"content":{"rendered":"<div class=\"breadcrumbs align  wp-block-bcn-breadcrumb-trail has-text-color has-background\" vocab=\"https:\/\/schema.org\/\" typeof=\"BreadcrumbList\">\n\t<span><\/span>\n\t<span property=\"itemListElement\" typeof=\"ListItem\"><a property=\"item\" typeof=\"WebPage\" title=\"Go to isi-beritt.com.\" href=\"https:\/\/isi-beritt.com\" class=\"home\" aria-current=\"page\"><span property=\"name\">isi-beritt.com<\/span><\/a><meta property=\"position\" content=\"1\"><\/span><\/div>\n\n\n\n<h4 class=\"has-text-align-center wp-block-heading\">Instinkte des Pferdes und nat\u00fcrliche Verhaltensweisen sollten in Haltung, Umgang und Training Beachtung finden<\/h4>\n\n\n\n<p>Im Unterschied zu uns Menschen oder auch anderen uns nahestehenden domestizierten Haustieren wie dem Hund werden unsere Pferde in enormem Umfang durch ihre Instinkte geleitet. Diese sind sehr ausgepr\u00e4gt und auf ein einziges Hauptziel ausgerichtet: \u00dcberleben. Die Instinkte k\u00f6nnen einem Pferd nicht einfach \u201eaberzogen\u201c werden, zumindest nicht ohne dem Tier Schaden zuzuf\u00fcgen. Viel sinnvoller ist es, dass wir Menschen unser logisches Denkverm\u00f6gen einsetzen und uns das Wissen um die naturgegebenen Instinkte des Pferdes beim Umgang mit ihm zunutze machen.<\/p>\n\n\n\n<p>Pferde sind Herdentiere (siehe: \u201eDas Pferd als Herdentier\u201c auf dieser Seite). Um dem Pferd gute Rahmenbedingungen f\u00fcr ein zufriedenes Leben schaffen zu k\u00f6nnen, sollten wir dies zun\u00e4chst in unserer Pferdehaltung ber\u00fccksichtigen. Ein Pferd darf also nie allein oder ganz abgetrennt von Artgenossen gehalten werden. Zieht man in Betracht, dass wir uns ja nur eine begrenzte Zeit des Tages mit dem Pferd besch\u00e4ftigen, selbst wenn wir das so pferdegerecht wie m\u00f6glich tun, so ist das Tier den gesamten Rest des Tages \u201esich selbst \u00fcberlassen\u201c und nutzt die Wohn- und Besch\u00e4ftigungsm\u00f6glichkeiten, die wir ihm bereitstellen.<\/p>\n\n\n\n<p>Als Pflanzenfresser sind Pferde darauf angewiesen, dass ihnen den ganzen Tag \u00fcber oder zumindest in regelm\u00e4\u00dfigen Abst\u00e4nden ausreichend und am Besten qualitativ hochwertiges Futter zur Verf\u00fcgung steht. Ihr Verdauungssystem kann durch zu lange Pausen zwischen den einzelnen F\u00fctterungen in seiner Funktion beeintr\u00e4chtigt sein. Der Dauerfresser Pferd verbringt in der freien Wildbahn etwa 18 bis 22 Stunden mit der Nahrungsaufnahme, allerdings handelt es sich bei dem Futter dann in der Regel um karges Grasland. Wer nun allerdings sein leichtfuttriges Pferd den ganzen Tag auf eine fette Weide stellt oder es mit kalorienreichem Heu versorgt, das rund um die Uhr ad libitum zur Verf\u00fcgung steht, tut seinem Tier leider auch nichts Gutes: Unweigerlich wird es zur Verfettung und damit zu \u201eWohlstandserkrankungen\u201c kommen wie z.B. EMS (Equines metabolisches Syndrom), was auch mit noch so viel Bewegung nicht ausgeglichen werden kann!<br>Selbstverst\u00e4ndlich sollte das Pferd jederzeit Zugang zu sauberem Wasser haben. Ganz indiskutabel sollten f\u00fcr jeden Tierfreund nat\u00fcrlich jene Methoden sein, die in manchen Teilen der Welt angewandt wird, um die Pferde durch Wasser- und Nahrungsentzug gef\u00fcgig zu machen.<\/p>\n\n\n\n<p>Dass Pferde reine Pflanzenfresser sind, sollten wir selbstverst\u00e4ndlich auch in unserem Training bzw. im Umgang mit ihnen beachten. Anders als Fleischfresser, die ihre Beute erjagen m\u00fcssen, steht einem Pflanzenfresser Futter meistens einfach so zur Verf\u00fcgung. Aus diesem Grunde kann das Futter nicht wie beim jagenden Fleischfresser als \u201eBelohnung\u201c dienen. Die Methode, ein Pferd \u00fcber die Gabe von Leckerlis oder anderem Futter belohnen zu wollen, ist aus diesem Grunde schlichtweg nicht m\u00f6glich. Mal abgesehen von der Tatsache, dass das Leckerli dem Pferd gar nicht w\u00e4hrend der sehr kurzen Zeitspanne verabreicht werden kann, die das Pferd ben\u00f6tigt, um einen Bezug zur gerade vollbrachten Leistung herzustellen, ist auch wissenschaftlich erwiesen, dass bei Pflanzenfressern das Belohnungszentrum im Gehirn durch jegliche Nahrungsaufnahme nicht aktiviert wird. Leider f\u00f6rdert die Gabe von Futter aus der Hand meistens zudem noch Respektlosigkeit; der Mensch gibt zusammen mit dem Leckerli auch seinen h\u00f6heren Rang ab und macht sich selbst die Arbeit mit dem Tier unn\u00f6tig schwer, oft zu beobachten sind deswegen auch aufdringliche oder manchmal sogar bei\u00dfende Pferde. S\u00e4mtliche Pferde, die diese Verhaltensweisen zeigen, sind vom Menschen dazu erzogen worden, das sollten wir bedenken. Zu leichtfertig wird \u00fcber dieses Pferd dann geurteilt, als w\u00e4re es \u201eb\u00f6se\u201c, und dabei zeigt es diese Verhaltensweise doch nur, weil sie ihm von einem Menschen beigebracht wurde! (Gleiches gilt \u00fcbrigens nicht nur f\u00fcr das F\u00fcttern aus der Hand, sondern auch f\u00fcr das Ablecken lassen: Der Mensch, der dieses tut, degradiert sich selbst zum Salzleckstein.)<\/p>\n\n\n\n<p>\u00dcberlebenswichtig f\u00fcr das Pferd ist sein Fluchtinstinkt. Pferde sind stets auf der Hut vor potentiellen Angreifern. Dessen sollte sich jeder bewusst sein, der Umgang mit einem Pferd hat. Alles was neu oder fremd ist, wird meistens zun\u00e4chst als m\u00f6gliche Gefahr wahrgenommen, dabei kann es durchaus vorkommen, dass das Pferd vor etwas Angst hat oder scheut, was wir nicht einmal bemerken. Wir k\u00f6nnen dem Pferd nur dadurch gerecht werden, dass wir seine \u00c4ngste ernst nehmen und Verst\u00e4ndnis f\u00fcr seine Gef\u00fchle zeigen. Der oft geh\u00f6rte Satz: \u201eDer muss da jetzt durch!\u201c ist deshalb absolut nicht mit pferdegerechten Trainingsmethoden vereinbar: Das Pferd ist in Momenten gro\u00dfer Angst oder gar Panik \u00fcberhaupt nicht in der Lage, die ihm gestellte Aufgabe in diesem Augenblick zu erf\u00fcllen, was auf seine nat\u00fcrlichen Gehirnprozesse sowie seine Energiebereitstellung im K\u00f6rper w\u00e4hrend Gefahrensituationen zur\u00fcckzuf\u00fchren ist. Wer diese und weitere wissenschaftlich erforschten Hintergr\u00fcnde kennt und ein Gesp\u00fcr daf\u00fcr mitbringt, in welcher Verfassung sich das Pferd gerade befindet, kann dann auch ad\u00e4quat reagieren und das Training entsprechend anpassen. Selbstverst\u00e4ndlich soll daraus dann keine \u201eVermeidungstaktik\u201c oder ein Verh\u00e4tscheln des Pferdes entstehen, sondern der Lernprozess kann kontinuierlich erfolgen, indem man sich St\u00fcck f\u00fcr St\u00fcck mit dem Pferd zusammen zum gew\u00fcnschten Ergebnis vorarbeitet. Das Pferd soll gef\u00f6rdert, aber nicht \u00fcberfordert werden und schon gar nicht soll es durch den Zustand der Reiz\u00fcberflutung in eine Situation gebracht werden, in der eine Panik provoziert wird. Es zeugt sicher nicht von Fachkompetenz, wenn der Mensch ausschlie\u00dflich seine eigenen Ziele und W\u00fcnsche vor Augen hat und das Pferd stets nur \u201ebeherrscht\u201c werden muss, um diese durchzusetzen. Wer sich im Gegenteil bem\u00fcht, sein Pferd zu verstehen, ist in der Lage durch dieses Verst\u00e4ndnis eine Basis des Vertrauens zu schaffen, auf der dann eine solide Partnerschaft wachsen kann, die sowohl f\u00fcr das Tier als auch f\u00fcr den Menschen ein Gewinn ist.<\/p>\n\n\n\n<h4 class=\"has-text-align-center wp-block-heading\">  Damit ein Trainingserfolg nachhaltig erreicht werden kann, muss das Pferd k\u00f6rperlich, seelisch und geistig in der Lage sein, die gestellten Aufgaben zu erf\u00fcllen. <\/h4>\n\n\n\n<p><br>Au\u00dferdem sollte man dem Pferd immer mit Wohlwollen begegnen und sich klar dar\u00fcber sein, dass alles, was das Pferd gerade tut, in dem begr\u00fcndet ist, was ihm entweder zuvor schon (unabsichtlich?) beigebracht wurde oder was es in diesem Moment gerade als \u201eAufgabe\u201c verstanden hat. Es gibt keine \u201eb\u00f6sen\u201c Pferde; ein taktisch geplantes Vorgehen, um uns zu \u00e4rgern, ist ihnen nicht m\u00f6glich. Pferde\u00a0reagieren\u00a0auf uns Menschen oder auf die Umwelt im Allgemeinen. Sollte also eine Aufgabe, die man dem Pferd gestellt hat, nicht (richtig) erf\u00fcllt werden, sollte man den \u201eFehler\u201c nicht prim\u00e4r beim Pferd suchen wollen, auch wenn dieses die Aufgabe offensichtlich falsch verstanden hat. Durch eine konstruktive Selbstreflektion ist der Mensch in der Lage, eventuell eine andere Vorgehensweise w\u00e4hlen zu k\u00f6nnen, um sein Ziel mit Ruhe und Geduld zu erreichen. Jedes Pferd, das in seinem Menschen einen so verst\u00e4ndnisvollen Partner an seiner Seite wei\u00df, wird es ihm ohne Zweifel danken!<\/p>\n\n\n\n<p class=\"has-text-align-center\"><strong>\u00a9 by Astrid Winterhalter<br>www.isi-beritt.com<\/strong><\/p>\n","protected":false},"excerpt":{"rendered":"<p>Instinkte des Pferdes und nat\u00fcrliche Verhaltensweisen sollten in Haltung, Umgang und Training Beachtung finden Im Unterschied zu uns Menschen oder auch anderen uns nahestehenden domestizierten Haustieren wie dem Hund werden unsere Pferde in enormem Umfang durch ihre Instinkte geleitet. Diese sind sehr ausgepr\u00e4gt und auf ein einziges Hauptziel ausgerichtet: \u00dcberleben. Die Instinkte k\u00f6nnen einem Pferd&hellip;&nbsp;<\/p>\n","protected":false},"author":5,"featured_media":0,"parent":109,"menu_order":0,"comment_status":"closed","ping_status":"closed","template":"","meta":{"_acf_changed":false,"neve_meta_sidebar":"","neve_meta_container":"","neve_meta_enable_content_width":"","neve_meta_content_width":0,"neve_meta_title_alignment":"","neve_meta_author_avatar":"","neve_post_elements_order":"","neve_meta_disable_header":"","neve_meta_disable_footer":"","neve_meta_disable_title":"","neve_meta_reading_time":"","_themeisle_gutenberg_block_has_review":false,"footnotes":""},"class_list":["post-308","page","type-page","status-publish","hentry"],"acf":[],"yoast_head":"<!-- This site is optimized with the Yoast SEO plugin v27.3 - https:\/\/yoast.com\/product\/yoast-seo-wordpress\/ -->\n<title>&quot;Pferdegerecht&quot; - Was hei\u00dft das eigentlich? - isi-beritt.com<\/title>\n<meta name=\"description\" content=\"Pferdegerechte Ausbildung, Anreiten und Beritt von Islandpferden, APM am Pferd, hilfe bei einem Problempferd\" \/>\n<meta name=\"robots\" content=\"index, follow, max-snippet:-1, max-image-preview:large, max-video-preview:-1\" \/>\n<link rel=\"canonical\" href=\"https:\/\/isi-beritt.com\/index.php\/wissenswertes\/pferdegerecht-was-heisst-das-eigentlich\/\" \/>\n<meta property=\"og:locale\" content=\"de_DE\" \/>\n<meta property=\"og:type\" content=\"article\" \/>\n<meta property=\"og:title\" content=\"&quot;Pferdegerecht&quot; - Was hei\u00dft das eigentlich? - isi-beritt.com\" \/>\n<meta property=\"og:description\" content=\"Pferdegerechte Ausbildung, Anreiten und Beritt von Islandpferden, APM am Pferd, hilfe bei einem Problempferd\" \/>\n<meta property=\"og:url\" content=\"https:\/\/isi-beritt.com\/index.php\/wissenswertes\/pferdegerecht-was-heisst-das-eigentlich\/\" \/>\n<meta property=\"og:site_name\" content=\"isi-beritt.com\" \/>\n<meta property=\"article:modified_time\" content=\"2019-12-12T18:06:18+00:00\" \/>\n<meta name=\"twitter:card\" content=\"summary_large_image\" \/>\n<meta name=\"twitter:label1\" content=\"Gesch\u00e4tzte Lesezeit\" \/>\n\t<meta name=\"twitter:data1\" content=\"6\u00a0Minuten\" \/>\n<script type=\"application\/ld+json\" class=\"yoast-schema-graph\">{\"@context\":\"https:\\\/\\\/schema.org\",\"@graph\":[{\"@type\":\"WebPage\",\"@id\":\"https:\\\/\\\/isi-beritt.com\\\/index.php\\\/wissenswertes\\\/pferdegerecht-was-heisst-das-eigentlich\\\/\",\"url\":\"https:\\\/\\\/isi-beritt.com\\\/index.php\\\/wissenswertes\\\/pferdegerecht-was-heisst-das-eigentlich\\\/\",\"name\":\"\\\"Pferdegerecht\\\" - Was hei\u00dft das eigentlich? - isi-beritt.com\",\"isPartOf\":{\"@id\":\"https:\\\/\\\/isi-beritt.com\\\/#website\"},\"datePublished\":\"2019-12-07T14:05:39+00:00\",\"dateModified\":\"2019-12-12T18:06:18+00:00\",\"description\":\"Pferdegerechte Ausbildung, Anreiten und Beritt von Islandpferden, APM am Pferd, hilfe bei einem Problempferd\",\"breadcrumb\":{\"@id\":\"https:\\\/\\\/isi-beritt.com\\\/index.php\\\/wissenswertes\\\/pferdegerecht-was-heisst-das-eigentlich\\\/#breadcrumb\"},\"inLanguage\":\"de\",\"potentialAction\":[{\"@type\":\"ReadAction\",\"target\":[\"https:\\\/\\\/isi-beritt.com\\\/index.php\\\/wissenswertes\\\/pferdegerecht-was-heisst-das-eigentlich\\\/\"]}]},{\"@type\":\"BreadcrumbList\",\"@id\":\"https:\\\/\\\/isi-beritt.com\\\/index.php\\\/wissenswertes\\\/pferdegerecht-was-heisst-das-eigentlich\\\/#breadcrumb\",\"itemListElement\":[{\"@type\":\"ListItem\",\"position\":1,\"name\":\"Startseite\",\"item\":\"https:\\\/\\\/isi-beritt.com\\\/\"},{\"@type\":\"ListItem\",\"position\":2,\"name\":\"Wissenswertes\",\"item\":\"https:\\\/\\\/isi-beritt.com\\\/index.php\\\/wissenswertes\\\/\"},{\"@type\":\"ListItem\",\"position\":3,\"name\":\"&#8222;Pferdegerecht&#8220; &#8211; Was hei\u00dft das eigentlich?\"}]},{\"@type\":\"WebSite\",\"@id\":\"https:\\\/\\\/isi-beritt.com\\\/#website\",\"url\":\"https:\\\/\\\/isi-beritt.com\\\/\",\"name\":\"isi-beritt.com\",\"description\":\"Pferdegerechte Ausbildung, Anreiten und Beritt von Pferden, Reitunterricht nach biomechanischen Grunds\u00e4tzen, APM am Pferd, Hilfe bei einem Problempferd\",\"publisher\":{\"@id\":\"https:\\\/\\\/isi-beritt.com\\\/#organization\"},\"potentialAction\":[{\"@type\":\"SearchAction\",\"target\":{\"@type\":\"EntryPoint\",\"urlTemplate\":\"https:\\\/\\\/isi-beritt.com\\\/?s={search_term_string}\"},\"query-input\":{\"@type\":\"PropertyValueSpecification\",\"valueRequired\":true,\"valueName\":\"search_term_string\"}}],\"inLanguage\":\"de\"},{\"@type\":\"Organization\",\"@id\":\"https:\\\/\\\/isi-beritt.com\\\/#organization\",\"name\":\"isi-beritt.com\",\"url\":\"https:\\\/\\\/isi-beritt.com\\\/\",\"logo\":{\"@type\":\"ImageObject\",\"inLanguage\":\"de\",\"@id\":\"https:\\\/\\\/isi-beritt.com\\\/#\\\/schema\\\/logo\\\/image\\\/\",\"url\":\"https:\\/\\/mlicc7hvrqis.i.optimole.com\\/w:180\\/h:150\\/q:mauto\\/f:best\\/ig:avif\\/https:\\/\\/isi-beritt.com\\/wp-content\\/uploads\\/2019\\/09\\/ISI_Tolt-frei.gif\",\"contentUrl\":\"https:\\/\\/mlicc7hvrqis.i.optimole.com\\/w:180\\/h:150\\/q:mauto\\/f:best\\/ig:avif\\/https:\\/\\/isi-beritt.com\\/wp-content\\/uploads\\/2019\\/09\\/ISI_Tolt-frei.gif\",\"width\":180,\"height\":150,\"caption\":\"isi-beritt.com\"},\"image\":{\"@id\":\"https:\\\/\\\/isi-beritt.com\\\/#\\\/schema\\\/logo\\\/image\\\/\"}}]}<\/script>\n<!-- \/ Yoast SEO plugin. -->","yoast_head_json":{"title":"\"Pferdegerecht\" - Was hei\u00dft das eigentlich? - isi-beritt.com","description":"Pferdegerechte Ausbildung, Anreiten und Beritt von Islandpferden, APM am Pferd, hilfe bei einem Problempferd","robots":{"index":"index","follow":"follow","max-snippet":"max-snippet:-1","max-image-preview":"max-image-preview:large","max-video-preview":"max-video-preview:-1"},"canonical":"https:\/\/isi-beritt.com\/index.php\/wissenswertes\/pferdegerecht-was-heisst-das-eigentlich\/","og_locale":"de_DE","og_type":"article","og_title":"\"Pferdegerecht\" - Was hei\u00dft das eigentlich? - isi-beritt.com","og_description":"Pferdegerechte Ausbildung, Anreiten und Beritt von Islandpferden, APM am Pferd, hilfe bei einem Problempferd","og_url":"https:\/\/isi-beritt.com\/index.php\/wissenswertes\/pferdegerecht-was-heisst-das-eigentlich\/","og_site_name":"isi-beritt.com","article_modified_time":"2019-12-12T18:06:18+00:00","twitter_card":"summary_large_image","twitter_misc":{"Gesch\u00e4tzte Lesezeit":"6\u00a0Minuten"},"schema":{"@context":"https:\/\/schema.org","@graph":[{"@type":"WebPage","@id":"https:\/\/isi-beritt.com\/index.php\/wissenswertes\/pferdegerecht-was-heisst-das-eigentlich\/","url":"https:\/\/isi-beritt.com\/index.php\/wissenswertes\/pferdegerecht-was-heisst-das-eigentlich\/","name":"\"Pferdegerecht\" - Was hei\u00dft das eigentlich? - isi-beritt.com","isPartOf":{"@id":"https:\/\/isi-beritt.com\/#website"},"datePublished":"2019-12-07T14:05:39+00:00","dateModified":"2019-12-12T18:06:18+00:00","description":"Pferdegerechte Ausbildung, Anreiten und Beritt von Islandpferden, APM am Pferd, hilfe bei einem Problempferd","breadcrumb":{"@id":"https:\/\/isi-beritt.com\/index.php\/wissenswertes\/pferdegerecht-was-heisst-das-eigentlich\/#breadcrumb"},"inLanguage":"de","potentialAction":[{"@type":"ReadAction","target":["https:\/\/isi-beritt.com\/index.php\/wissenswertes\/pferdegerecht-was-heisst-das-eigentlich\/"]}]},{"@type":"BreadcrumbList","@id":"https:\/\/isi-beritt.com\/index.php\/wissenswertes\/pferdegerecht-was-heisst-das-eigentlich\/#breadcrumb","itemListElement":[{"@type":"ListItem","position":1,"name":"Startseite","item":"https:\/\/isi-beritt.com\/"},{"@type":"ListItem","position":2,"name":"Wissenswertes","item":"https:\/\/isi-beritt.com\/index.php\/wissenswertes\/"},{"@type":"ListItem","position":3,"name":"&#8222;Pferdegerecht&#8220; &#8211; Was hei\u00dft das eigentlich?"}]},{"@type":"WebSite","@id":"https:\/\/isi-beritt.com\/#website","url":"https:\/\/isi-beritt.com\/","name":"isi-beritt.com","description":"Pferdegerechte Ausbildung, Anreiten und Beritt von Pferden, Reitunterricht nach biomechanischen Grunds\u00e4tzen, APM am Pferd, Hilfe bei einem Problempferd","publisher":{"@id":"https:\/\/isi-beritt.com\/#organization"},"potentialAction":[{"@type":"SearchAction","target":{"@type":"EntryPoint","urlTemplate":"https:\/\/isi-beritt.com\/?s={search_term_string}"},"query-input":{"@type":"PropertyValueSpecification","valueRequired":true,"valueName":"search_term_string"}}],"inLanguage":"de"},{"@type":"Organization","@id":"https:\/\/isi-beritt.com\/#organization","name":"isi-beritt.com","url":"https:\/\/isi-beritt.com\/","logo":{"@type":"ImageObject","inLanguage":"de","@id":"https:\/\/isi-beritt.com\/#\/schema\/logo\/image\/","url":"https:\/\/mlicc7hvrqis.i.optimole.com\/w:180\/h:150\/q:mauto\/f:best\/ig:avif\/https:\/\/isi-beritt.com\/wp-content\/uploads\/2019\/09\/ISI_Tolt-frei.gif","contentUrl":"https:\/\/mlicc7hvrqis.i.optimole.com\/w:180\/h:150\/q:mauto\/f:best\/ig:avif\/https:\/\/isi-beritt.com\/wp-content\/uploads\/2019\/09\/ISI_Tolt-frei.gif","width":180,"height":150,"caption":"isi-beritt.com"},"image":{"@id":"https:\/\/isi-beritt.com\/#\/schema\/logo\/image\/"}}]}},"publishpress_future_action":{"enabled":false,"date":"2026-04-16 03:59:01","action":"change-status","newStatus":"draft","terms":[],"taxonomy":"","extraData":[]},"publishpress_future_workflow_manual_trigger":{"enabledWorkflows":[]},"_links":{"self":[{"href":"https:\/\/isi-beritt.com\/index.php\/wp-json\/wp\/v2\/pages\/308","targetHints":{"allow":["GET"]}}],"collection":[{"href":"https:\/\/isi-beritt.com\/index.php\/wp-json\/wp\/v2\/pages"}],"about":[{"href":"https:\/\/isi-beritt.com\/index.php\/wp-json\/wp\/v2\/types\/page"}],"author":[{"embeddable":true,"href":"https:\/\/isi-beritt.com\/index.php\/wp-json\/wp\/v2\/users\/5"}],"replies":[{"embeddable":true,"href":"https:\/\/isi-beritt.com\/index.php\/wp-json\/wp\/v2\/comments?post=308"}],"version-history":[{"count":0,"href":"https:\/\/isi-beritt.com\/index.php\/wp-json\/wp\/v2\/pages\/308\/revisions"}],"up":[{"embeddable":true,"href":"https:\/\/isi-beritt.com\/index.php\/wp-json\/wp\/v2\/pages\/109"}],"wp:attachment":[{"href":"https:\/\/isi-beritt.com\/index.php\/wp-json\/wp\/v2\/media?parent=308"}],"curies":[{"name":"wp","href":"https:\/\/api.w.org\/{rel}","templated":true}]}}