{"id":354,"date":"2019-12-08T20:40:16","date_gmt":"2019-12-08T18:40:16","guid":{"rendered":"http:\/\/isi-beritt.homepage.t-online.de\/wordpress\/?page_id=354"},"modified":"2022-03-15T17:49:28","modified_gmt":"2022-03-15T16:49:28","slug":"das-pferd-als-herdentier","status":"publish","type":"page","link":"https:\/\/isi-beritt.com\/index.php\/wissenswertes\/das-pferd-als-herdentier\/","title":{"rendered":"Das Pferd als Herdentier"},"content":{"rendered":"<div class=\"breadcrumbs align  wp-block-bcn-breadcrumb-trail has-text-color has-background\" vocab=\"https:\/\/schema.org\/\" typeof=\"BreadcrumbList\">\n\t<span><\/span>\n\t<span property=\"itemListElement\" typeof=\"ListItem\"><a property=\"item\" typeof=\"WebPage\" title=\"Go to isi-beritt.com.\" href=\"https:\/\/isi-beritt.com\" class=\"home\" aria-current=\"page\"><span property=\"name\">isi-beritt.com<\/span><\/a><meta property=\"position\" content=\"1\"><\/span><\/div>\n\n\n\n<h3 class=\"wp-block-heading\"><br><strong>Die nat\u00fcrliche Struktur eines Herdenverbandes<\/strong><\/h3>\n\n\n\n<p>Pferde sind Fluchttiere und stehen als Pflanzenfresser eher am Anfang der Nahrungskette. Betrachtet man auch ihre historischen Vorfahren, so k\u00f6nnen unsere heutigen Pferde auf eine Entwicklungsgeschichte von stolzen 50 Millionen Jahren zur\u00fcckblicken. Aufgrund der Tatsache dass das Pferd verschiedenen Fleischfressern als Beutetier zum Opfer fallen kann, ist diese lange Zeitspanne eine Geschichte des Erfolges, die von \u00dcberlebensstrategien gepr\u00e4gt ist, welche alle auch ein Teil unserer heutigen domestizierten Pferde sind und damit Einfluss auf ihr instinktives Verhalten haben.<\/p>\n\n\n\n<p>Doch worin ist dieser \u00dcberlebenserfolg begr\u00fcndet? Eine entscheidende Rolle dabei spielt der soziale Herdenverband. Von Natur aus leben Pferde in einer Gemeinschaft, der Herde, in der ganz klare Strukturen herrschen. Jede Herde wird angef\u00fchrt von einem Leittier, dem die anderen Mitglieder Respekt entgegenbringen und dem sie voll und ganz vertrauen k\u00f6nnen. Dem Leittier traut der Rest der Herde zu, dass er oder sie die Herde sch\u00fctzen kann und bei Gefahren rechtzeitig warnt, um die Flucht zu ergreifen. Allerdings muss jedes Pferd mit seinem Energiehaushalt sparsam umgehen, da es in freier Wildbahn bei einem zu viel an Flucht nicht mehr gen\u00fcgend Nahrung aufnehmen k\u00f6nnte, um auf Dauer zu \u00fcberleben. Es gilt also klug abzuw\u00e4gen, wann Zeit ist, um zu fressen, und wann man besser fliehen sollte. So wird ganz leicht offensichtlich, welch verantwortungsvolle Aufgabe dem Leittier zuf\u00e4llt.<\/p>\n\n\n\n<p>Doch auch der Rest der Herde ist optimal durchstrukturiert: Jedes Individuum kennt seinen Rang und wei\u00df, wem es z.B. seinen Platz an der Raufe \u00fcberlassen muss, oder wen es selbst wegschicken darf, um auf dessen Platz zu fressen. Im Allgemeinen wird diese Rangfolge innerhalb der Herde durch Rangk\u00e4mpfe oder -Spiele gekl\u00e4rt, und jedes Mitglied wei\u00df wo es hin geh\u00f6rt. Anders als bei vielen Menschen streben die Pferde allerdings nicht nach Macht und solche, die f\u00fcr diesen Job nicht geeignet sind, kommen auch nicht in greifbare N\u00e4he der Leittierposition. Ob ein Pferd eher als ranghoch oder rangniedrig gilt, scheint diesem schon in die Wiege gelegt zu sein. Aus dem rangniedrigsten Tier kann im Laufe seines Lebens also zumeist nie ein Leittier werden. Trotzdem kann sich die Rangfolge unter \u00e4hnlich hohen Individuen auch umdrehen. Folgende Grafik soll die Rangfolge innerhalb einer Herde beispielhaft verdeutlichen:<\/p>\n\n\n\n<p>Das Leitpferd A steht unangefochten an der Spitze der Herde, und h\u00e4lt seine Position souver\u00e4n \u00fcber den gesamten betrachteten Zeitraum hinweg, w\u00e4hrend das Pferd F das Schlusslicht bildet und als rangniedrigstes Herdenmitglied allen anderen den Vortritt l\u00e4sst, z.B. beim Fressen und Trinken. Da es aber zugleich den Schutz der gesamten Herde genie\u00dft, d\u00fcrfte es offensichtlich zufrieden mit seiner Position sein. In unserem Beispiel gestaltet sich die Herdenmitte aus 4 weiteren Mitgliedern, von denen B und C so dicht in der Rangfolge beieinanderstehen, dass sie ihre Position im Laufe der Zeit sogar tauschen. Auch die Individuen D und E sind rangm\u00e4\u00dfig so dicht zusammen, dass sich ihre Position innerhalb des Herdenverbandes ebenfalls umdrehen k\u00f6nnte.<\/p>\n\n\n\n<p>Der Sinn, der hinter dieser ganzen Struktur steckt, hei\u00dft \u00dcberleben und eine Herde wird sich jedesmal selbst so organisieren, dass dieses Ziel bestm\u00f6glich erreicht wird.<\/p>\n\n\n\n<div class=\"wp-block-image\"><figure class=\"aligncenter size-large\"><img data-opt-id=658463495  fetchpriority=\"high\" decoding=\"async\" src=\"https:\/\/mlicc7hvrqis.i.optimole.com\/w:auto\/h:auto\/q:mauto\/f:best\/ig:avif\/https:\/\/isi-beritt.com\/Upload\/Herdentier1.jpg\" alt=\"Rangfolge\/-wechsel\"\/><\/figure><\/div>\n\n\n\n<p> Werden neue Tiere in einen Herdenverband eingegliedert, so werden diese sich entsprechend ihrem angeborenen Rang in die bereits bestehende Struktur einf\u00fcgen, was sich dann in Rangk\u00e4mpfen mit denjenigen Pferden \u00e4u\u00dfert, die einen \u00e4hnlich hohen Rang bekleiden. <\/p>\n\n\n\n<h4 class=\"wp-block-heading\"> Die Bedeutung der Rangfolge in der Mensch-Pferd-Beziehung <\/h4>\n\n\n\n<p> Wie oben beschrieben f\u00fchlt sich ein Herdenmitglied von einem rangh\u00f6heren Tier besch\u00fctzt, vertraut diesem und bringt ihm Respekt entgegen. Vertrauen und Respekt sind in dieser Beziehung untrennbar miteinander verkn\u00fcpft. Wird dem Rangh\u00f6heren kein Respekt entgegengebracht, kann auch nicht auf seinen Schutz vertraut werden, was angesichts des Zieles \u201e\u00dcberleben\u201c als h\u00f6chst unklug zu betrachten w\u00e4re. Wie wirkt sich dieses Herdenverhalten nun auf die Mensch-Pferd-Beziehung aus?Da es sich hierbei um eine Beziehung zwischen Mitgliedern verschiedener Arten handelt, trifft der Begriff Herde in diesem Fall nat\u00fcrlich nur bedingt zu. Allerdings sind dem Pferd andere Verhaltensweisen als das von ihnen seit Urzeiten praktizierte Herdenverhalten fremd, was bedeutet, dass wir uns diesem Verhalten bewusst sein und klug damit umgehen sollten. Wenn wir m\u00f6chten, dass das Pferd uns vertraut und mit uns durch dick und d\u00fcnn geht, sind wir selbst verantwortlich daf\u00fcr, eine entsprechende Basis zu schaffen. Das Pferd kennt seinen eigenen Rang und ist wie wir wissen jederzeit gerne bereit, sich einem Rangh\u00f6heren unterzuordnen und ihm vertrauensvoll zu folgen, sofern sich dieser als souver\u00e4n erweist und den lebensnotwendigen Schutz bieten kann. Wenn der Mensch sich also mit ruhiger und freundlicher Konsequenz als rangh\u00f6her etablieren kann, ohne dabei jedoch durch unn\u00f6tig viel Druck Angst im Pferd erzeugt zu haben, wird ihm das Pferd h\u00f6flichen Respekt zollen und seinen Anweisungen gerne Folge leisten. <\/p>\n\n\n\n<div class=\"wp-block-image\"><figure class=\"aligncenter size-large\"><img data-opt-id=1580291722  fetchpriority=\"high\" decoding=\"async\" src=\"https:\/\/mlicc7hvrqis.i.optimole.com\/w:auto\/h:auto\/q:mauto\/f:best\/ig:avif\/https:\/\/isi-beritt.com\/Upload\/Herdentier2.jpg\" alt=\"Rang Pferd\/Mensch\"\/><\/figure><\/div>\n\n\n\n<p> In oben dargestelltem Diagramm ist der Optimalfall einer Mensch-Pferd-Beziehung dargestellt. Der Mensch erweist sich durch sein jederzeit konsequentes Verhalten als klarer F\u00fchrer; das Pferd ordnet sich gerne unter, da es auf den Schutz des Menschen bauen kann. Selbstverst\u00e4ndlich bringt es ihm damit auch den n\u00f6tigen Respekt entgegen. Die F\u00fchrungsposition des Menschen wird vom Pferd nicht als \u201eUnterdr\u00fcckung\u201c empfunden, sofern der Mensch sich durch ein jederzeit freundliches aber konsequentes Verhalten auszeichnet, sondern eher als \u201eEntlastung, da das Pferd nun von den Aufgaben, auf sich selbst acht zu geben, entbunden ist. Es vertraut dem Menschen und somit kann sich eine harmonische Beziehung einstellen, die sich doch eigentlich jeder Pferdebesitzer w\u00fcnscht. <\/p>\n\n\n\n<p>Probleme in einer Beziehung zwischen Mensch und Pferd entstehen grundlegend dadurch, dass im Umgang miteinander nicht jene Konsequenz eingehalten wird, derer das Pferd als Basis f\u00fcr eine Sicherheit aber bedarf. Entschlie\u00dft sich jemand dazu, seinem Pferd alle Freiheiten zu g\u00f6nnen und ihm keinerlei Vorschriften zu machen, also ein Laissez-faire-Stil, so tut er seinem Pferd damit leider nichts Gutes, obwohl dem Menschen, der sich gerade aus diesem Grunde selbst als \u201elieb zum Pferd\u201c bezeichnen w\u00fcrde, das nicht wirklich bewusst ist. Er produziert damit vorhersehbar eine Situation, in welcher sich das Pferd auf sich selbst gestellt sieht. Den Schutz, den eine Herde normalerweise bietet, gibt es in diesem Fall einfach nicht, in der Natur w\u00e4re das Pferd \u00fcber kurz oder lang dem Tode geweiht! (Eigentlich eine schreckliche Situation, wenn man das einmal aus der Sicht des Pferdes betrachtet!) Selbstverst\u00e4ndlich mangelt es in einer derartigen Beziehung auch an Respekt: Das Pferd, das nur tut was es will, braucht dem Menschen und seinen Anweisungen nicht zu folgen und zeigt allgemein ein respektloses Verhalten. Doch gleichzeitig respektiert auch der Mensch die Grundbed\u00fcrfnisse seines Pferdes nach Schutz nicht. Auch das muss man sich erst einmal klar machen und erkennen, wie wichtig es f\u00fcr das Pferd ist, einen sicheren Anf\u00fchrer an seiner Seite zu wissen! Im Extremfall kann eine Situation, in der das Pferd in der Rangfolge \u00fcber dem Menschen steht, sogar (f\u00fcr beide) lebensgef\u00e4hrlich werden!<\/p>\n\n\n\n<p>Selbst wenn ein Mensch im Umgang mit dem Pferd nicht den oben angesprochenen Laissez-faire-Stil walten l\u00e4sst, weil er durchaus von seinem Tier erwartet, dass die gestellten Aufgaben erf\u00fcllt werden, muss das nicht automatisch hei\u00dfen, dass er damit gleich ein guter souver\u00e4ner F\u00fchrer ist. Sollte jemand durch Inkonsequenz seinen eigenen Rang st\u00e4ndig so variabel erscheinen lassen, dass er mal \u00fcber dem Pferd steht und sich ihm im n\u00e4chsten Moment durch eine unbedachte Geste unterordnet, nur um im Folgenden wieder Kommandos zu erteilen, ist das Unverst\u00e4ndnis des Tieres ohne Zweifel vorprogrammiert. Einerseits wird vom Menschen, damit er seine rangh\u00f6here Position wieder gewinnen kann, mehr Druck (in welcher Form auch immer) ausge\u00fcbt werden, als es n\u00f6tig w\u00e4re, wenn er konstant den h\u00f6heren Rang bekleidet. Andererseits kann auf so einer wackeligen Basis das Pferd auch nicht das n\u00f6tige Grundvertrauen aufbauen. Worauf soll es sich auch verlassen k\u00f6nnen, wenn es beispielsweise dem Menschen das Futter aus der Hand \u201enehmen\u201c (Der Rangh\u00f6here frisst dem unter ihm Stehenden das Futter weg!), an ihm herum knabbern oder ihn durch Ablecken zum \u201eSalzleckstein\u201c degradieren darf und dann im n\u00e4chsten Moment Gehorsam von ihm verlangt wird.<br>Aus Sicht des Pferdes k\u00f6nnte sich somit folgendes beispielhaftes Rangschema ergeben:<\/p>\n\n\n\n<div class=\"wp-block-image\"><figure class=\"aligncenter size-large\"><img data-opt-id=530965139  fetchpriority=\"high\" decoding=\"async\" src=\"https:\/\/mlicc7hvrqis.i.optimole.com\/w:auto\/h:auto\/q:mauto\/f:best\/ig:avif\/https:\/\/isi-beritt.com\/Upload\/Herdentier3.jpg\" alt=\"wechselnde Rangfolge zwischen Mensch und Pferd\"\/><\/figure><\/div>\n\n\n\n<p>Das Pferd, das von Natur aus im Herdenverband klare Strukturen und eine eindeutige Rangfolge gewohnt ist, was nicht zuletzt Sicherheit bedeutet, wird hierbei mit einer ihm v\u00f6llig fremden Situation konfrontiert und muss st\u00e4ndig zwischen der Rolle des Leittiers und des Rangniederen hin und her wechseln. Als Basis f\u00fcr eine vertrauensvolle Partnerschaft zwischen Mensch und Pferd kann diese Situation also kaum dienen.<\/p>\n\n\n\n<p>Ich m\u00f6chte mit diesem kleinen Exkurs in die Bedeutung der Rangfolge zwischen Pferd und Mensch niemanden in seiner Art mit Pferden umzugehen kritisieren. Gl\u00fccklicherweise leben wir in einer Gesellschaft, in der normalerweise jeder das Beste f\u00fcr sein Tier m\u00f6chte und jeder ist sich sicher, dass das, was er tut, auch das Beste f\u00fcr sein Pferd ist. Ich m\u00f6chte Sie hiermit einfach nur dazu einladen, die Dinge einmal aus der Sicht des Pferdes zu betrachten. Welches Verhalten w\u00fcrde sich ein Pferd von seinem menschlichen Gegen\u00fcber w\u00fcnschen, damit es mit Zufriedenheit eine harmonische Partnerschaft mit ihm eingehen m\u00f6chte?<\/p>\n\n\n\n<p class=\"has-text-align-center has-small-font-size\"><strong>\u00a9 by Astrid Winterhalter<br>www.isi-beritt.com<\/strong><\/p>\n","protected":false},"excerpt":{"rendered":"<p>Die nat\u00fcrliche Struktur eines Herdenverbandes Pferde sind Fluchttiere und stehen als Pflanzenfresser eher am Anfang der Nahrungskette. Betrachtet man auch ihre historischen Vorfahren, so k\u00f6nnen unsere heutigen Pferde auf eine Entwicklungsgeschichte von stolzen 50 Millionen Jahren zur\u00fcckblicken. Aufgrund der Tatsache dass das Pferd verschiedenen Fleischfressern als Beutetier zum Opfer fallen kann, ist diese lange Zeitspanne&hellip;&nbsp;<\/p>\n","protected":false},"author":5,"featured_media":0,"parent":109,"menu_order":2,"comment_status":"closed","ping_status":"closed","template":"","meta":{"_acf_changed":false,"neve_meta_sidebar":"","neve_meta_container":"","neve_meta_enable_content_width":"","neve_meta_content_width":0,"neve_meta_title_alignment":"","neve_meta_author_avatar":"","neve_post_elements_order":"","neve_meta_disable_header":"","neve_meta_disable_footer":"","neve_meta_disable_title":"","neve_meta_reading_time":"","_themeisle_gutenberg_block_has_review":false,"footnotes":""},"class_list":["post-354","page","type-page","status-publish","hentry"],"acf":[],"yoast_head":"<!-- This site is optimized with the Yoast SEO plugin v27.4 - https:\/\/yoast.com\/product\/yoast-seo-wordpress\/ -->\n<title>Das Pferd als Herdentier - isi-beritt.com<\/title>\n<meta name=\"description\" content=\"Pferdegerechte Ausbildung, Anreiten und Beritt von Islandpferden, APM am Pferd, hilfe bei einem Problempferd\" \/>\n<meta name=\"robots\" content=\"index, follow, max-snippet:-1, max-image-preview:large, max-video-preview:-1\" \/>\n<link rel=\"canonical\" href=\"https:\/\/isi-beritt.com\/index.php\/wissenswertes\/das-pferd-als-herdentier\/\" \/>\n<meta property=\"og:locale\" content=\"de_DE\" \/>\n<meta property=\"og:type\" content=\"article\" \/>\n<meta property=\"og:title\" content=\"Das Pferd als Herdentier - isi-beritt.com\" \/>\n<meta property=\"og:description\" content=\"Pferdegerechte Ausbildung, Anreiten und Beritt von Islandpferden, APM am Pferd, hilfe bei einem Problempferd\" \/>\n<meta property=\"og:url\" content=\"https:\/\/isi-beritt.com\/index.php\/wissenswertes\/das-pferd-als-herdentier\/\" \/>\n<meta property=\"og:site_name\" content=\"isi-beritt.com\" \/>\n<meta property=\"article:modified_time\" content=\"2022-03-15T16:49:28+00:00\" \/>\n<meta property=\"og:image\" content=\"https:\/\/mlicc7hvrqis.i.optimole.com\/w:auto\/h:auto\/q:mauto\/f:best\/ig:avif\/https:\/\/isi-beritt.com\/Upload\/Herdentier1.jpg\" \/>\n<meta name=\"twitter:card\" content=\"summary_large_image\" \/>\n<meta name=\"twitter:label1\" content=\"Gesch\u00e4tzte Lesezeit\" \/>\n\t<meta name=\"twitter:data1\" content=\"9\u00a0Minuten\" \/>\n<script type=\"application\/ld+json\" class=\"yoast-schema-graph\">{\"@context\":\"https:\\\/\\\/schema.org\",\"@graph\":[{\"@type\":\"WebPage\",\"@id\":\"https:\\\/\\\/isi-beritt.com\\\/index.php\\\/wissenswertes\\\/das-pferd-als-herdentier\\\/\",\"url\":\"https:\\\/\\\/isi-beritt.com\\\/index.php\\\/wissenswertes\\\/das-pferd-als-herdentier\\\/\",\"name\":\"Das Pferd als Herdentier - isi-beritt.com\",\"isPartOf\":{\"@id\":\"https:\\\/\\\/isi-beritt.com\\\/#website\"},\"primaryImageOfPage\":{\"@id\":\"https:\\\/\\\/isi-beritt.com\\\/index.php\\\/wissenswertes\\\/das-pferd-als-herdentier\\\/#primaryimage\"},\"image\":{\"@id\":\"https:\\\/\\\/isi-beritt.com\\\/index.php\\\/wissenswertes\\\/das-pferd-als-herdentier\\\/#primaryimage\"},\"thumbnailUrl\":\"https:\\/\\/isi-beritt.com\\/Upload\\/Herdentier1.jpg\",\"datePublished\":\"2019-12-08T18:40:16+00:00\",\"dateModified\":\"2022-03-15T16:49:28+00:00\",\"description\":\"Pferdegerechte Ausbildung, Anreiten und Beritt von Islandpferden, APM am Pferd, hilfe bei einem Problempferd\",\"breadcrumb\":{\"@id\":\"https:\\\/\\\/isi-beritt.com\\\/index.php\\\/wissenswertes\\\/das-pferd-als-herdentier\\\/#breadcrumb\"},\"inLanguage\":\"de\",\"potentialAction\":[{\"@type\":\"ReadAction\",\"target\":[\"https:\\\/\\\/isi-beritt.com\\\/index.php\\\/wissenswertes\\\/das-pferd-als-herdentier\\\/\"]}]},{\"@type\":\"ImageObject\",\"inLanguage\":\"de\",\"@id\":\"https:\\\/\\\/isi-beritt.com\\\/index.php\\\/wissenswertes\\\/das-pferd-als-herdentier\\\/#primaryimage\",\"url\":\"https:\\/\\/isi-beritt.com\\/Upload\\/Herdentier1.jpg\",\"contentUrl\":\"https:\\/\\/isi-beritt.com\\/Upload\\/Herdentier1.jpg\"},{\"@type\":\"BreadcrumbList\",\"@id\":\"https:\\\/\\\/isi-beritt.com\\\/index.php\\\/wissenswertes\\\/das-pferd-als-herdentier\\\/#breadcrumb\",\"itemListElement\":[{\"@type\":\"ListItem\",\"position\":1,\"name\":\"Startseite\",\"item\":\"https:\\\/\\\/isi-beritt.com\\\/\"},{\"@type\":\"ListItem\",\"position\":2,\"name\":\"Wissenswertes\",\"item\":\"https:\\\/\\\/isi-beritt.com\\\/index.php\\\/wissenswertes\\\/\"},{\"@type\":\"ListItem\",\"position\":3,\"name\":\"Das Pferd als Herdentier\"}]},{\"@type\":\"WebSite\",\"@id\":\"https:\\\/\\\/isi-beritt.com\\\/#website\",\"url\":\"https:\\\/\\\/isi-beritt.com\\\/\",\"name\":\"isi-beritt.com\",\"description\":\"Pferdegerechte Ausbildung, Anreiten und Beritt von Pferden, Reitunterricht nach biomechanischen Grunds\u00e4tzen, APM am Pferd, Hilfe bei einem Problempferd\",\"publisher\":{\"@id\":\"https:\\\/\\\/isi-beritt.com\\\/#organization\"},\"potentialAction\":[{\"@type\":\"SearchAction\",\"target\":{\"@type\":\"EntryPoint\",\"urlTemplate\":\"https:\\\/\\\/isi-beritt.com\\\/?s={search_term_string}\"},\"query-input\":{\"@type\":\"PropertyValueSpecification\",\"valueRequired\":true,\"valueName\":\"search_term_string\"}}],\"inLanguage\":\"de\"},{\"@type\":\"Organization\",\"@id\":\"https:\\\/\\\/isi-beritt.com\\\/#organization\",\"name\":\"isi-beritt.com\",\"url\":\"https:\\\/\\\/isi-beritt.com\\\/\",\"logo\":{\"@type\":\"ImageObject\",\"inLanguage\":\"de\",\"@id\":\"https:\\\/\\\/isi-beritt.com\\\/#\\\/schema\\\/logo\\\/image\\\/\",\"url\":\"https:\\/\\/mlicc7hvrqis.i.optimole.com\\/w:180\\/h:150\\/q:mauto\\/f:best\\/ig:avif\\/https:\\/\\/isi-beritt.com\\/wp-content\\/uploads\\/2019\\/09\\/ISI_Tolt-frei.gif\",\"contentUrl\":\"https:\\/\\/mlicc7hvrqis.i.optimole.com\\/w:180\\/h:150\\/q:mauto\\/f:best\\/ig:avif\\/https:\\/\\/isi-beritt.com\\/wp-content\\/uploads\\/2019\\/09\\/ISI_Tolt-frei.gif\",\"width\":180,\"height\":150,\"caption\":\"isi-beritt.com\"},\"image\":{\"@id\":\"https:\\\/\\\/isi-beritt.com\\\/#\\\/schema\\\/logo\\\/image\\\/\"}}]}<\/script>\n<!-- \/ Yoast SEO plugin. -->","yoast_head_json":{"title":"Das Pferd als Herdentier - isi-beritt.com","description":"Pferdegerechte Ausbildung, Anreiten und Beritt von Islandpferden, APM am Pferd, hilfe bei einem Problempferd","robots":{"index":"index","follow":"follow","max-snippet":"max-snippet:-1","max-image-preview":"max-image-preview:large","max-video-preview":"max-video-preview:-1"},"canonical":"https:\/\/isi-beritt.com\/index.php\/wissenswertes\/das-pferd-als-herdentier\/","og_locale":"de_DE","og_type":"article","og_title":"Das Pferd als Herdentier - isi-beritt.com","og_description":"Pferdegerechte Ausbildung, Anreiten und Beritt von Islandpferden, APM am Pferd, hilfe bei einem Problempferd","og_url":"https:\/\/isi-beritt.com\/index.php\/wissenswertes\/das-pferd-als-herdentier\/","og_site_name":"isi-beritt.com","article_modified_time":"2022-03-15T16:49:28+00:00","og_image":[{"url":"https:\/\/mlicc7hvrqis.i.optimole.com\/w:auto\/h:auto\/q:mauto\/f:best\/ig:avif\/https:\/\/isi-beritt.com\/Upload\/Herdentier1.jpg","type":"","width":"","height":""}],"twitter_card":"summary_large_image","twitter_misc":{"Gesch\u00e4tzte Lesezeit":"9\u00a0Minuten"},"schema":{"@context":"https:\/\/schema.org","@graph":[{"@type":"WebPage","@id":"https:\/\/isi-beritt.com\/index.php\/wissenswertes\/das-pferd-als-herdentier\/","url":"https:\/\/isi-beritt.com\/index.php\/wissenswertes\/das-pferd-als-herdentier\/","name":"Das Pferd als Herdentier - isi-beritt.com","isPartOf":{"@id":"https:\/\/isi-beritt.com\/#website"},"primaryImageOfPage":{"@id":"https:\/\/isi-beritt.com\/index.php\/wissenswertes\/das-pferd-als-herdentier\/#primaryimage"},"image":{"@id":"https:\/\/isi-beritt.com\/index.php\/wissenswertes\/das-pferd-als-herdentier\/#primaryimage"},"thumbnailUrl":"https:\/\/mlicc7hvrqis.i.optimole.com\/w:auto\/h:auto\/q:mauto\/f:best\/ig:avif\/https:\/\/isi-beritt.com\/Upload\/Herdentier1.jpg","datePublished":"2019-12-08T18:40:16+00:00","dateModified":"2022-03-15T16:49:28+00:00","description":"Pferdegerechte Ausbildung, Anreiten und Beritt von Islandpferden, APM am Pferd, hilfe bei einem Problempferd","breadcrumb":{"@id":"https:\/\/isi-beritt.com\/index.php\/wissenswertes\/das-pferd-als-herdentier\/#breadcrumb"},"inLanguage":"de","potentialAction":[{"@type":"ReadAction","target":["https:\/\/isi-beritt.com\/index.php\/wissenswertes\/das-pferd-als-herdentier\/"]}]},{"@type":"ImageObject","inLanguage":"de","@id":"https:\/\/isi-beritt.com\/index.php\/wissenswertes\/das-pferd-als-herdentier\/#primaryimage","url":"https:\/\/mlicc7hvrqis.i.optimole.com\/w:auto\/h:auto\/q:mauto\/f:best\/ig:avif\/https:\/\/isi-beritt.com\/Upload\/Herdentier1.jpg","contentUrl":"https:\/\/mlicc7hvrqis.i.optimole.com\/w:auto\/h:auto\/q:mauto\/f:best\/ig:avif\/https:\/\/isi-beritt.com\/Upload\/Herdentier1.jpg"},{"@type":"BreadcrumbList","@id":"https:\/\/isi-beritt.com\/index.php\/wissenswertes\/das-pferd-als-herdentier\/#breadcrumb","itemListElement":[{"@type":"ListItem","position":1,"name":"Startseite","item":"https:\/\/isi-beritt.com\/"},{"@type":"ListItem","position":2,"name":"Wissenswertes","item":"https:\/\/isi-beritt.com\/index.php\/wissenswertes\/"},{"@type":"ListItem","position":3,"name":"Das Pferd als Herdentier"}]},{"@type":"WebSite","@id":"https:\/\/isi-beritt.com\/#website","url":"https:\/\/isi-beritt.com\/","name":"isi-beritt.com","description":"Pferdegerechte Ausbildung, Anreiten und Beritt von Pferden, Reitunterricht nach biomechanischen Grunds\u00e4tzen, APM am Pferd, Hilfe bei einem Problempferd","publisher":{"@id":"https:\/\/isi-beritt.com\/#organization"},"potentialAction":[{"@type":"SearchAction","target":{"@type":"EntryPoint","urlTemplate":"https:\/\/isi-beritt.com\/?s={search_term_string}"},"query-input":{"@type":"PropertyValueSpecification","valueRequired":true,"valueName":"search_term_string"}}],"inLanguage":"de"},{"@type":"Organization","@id":"https:\/\/isi-beritt.com\/#organization","name":"isi-beritt.com","url":"https:\/\/isi-beritt.com\/","logo":{"@type":"ImageObject","inLanguage":"de","@id":"https:\/\/isi-beritt.com\/#\/schema\/logo\/image\/","url":"https:\/\/mlicc7hvrqis.i.optimole.com\/w:180\/h:150\/q:mauto\/f:best\/ig:avif\/https:\/\/isi-beritt.com\/wp-content\/uploads\/2019\/09\/ISI_Tolt-frei.gif","contentUrl":"https:\/\/mlicc7hvrqis.i.optimole.com\/w:180\/h:150\/q:mauto\/f:best\/ig:avif\/https:\/\/isi-beritt.com\/wp-content\/uploads\/2019\/09\/ISI_Tolt-frei.gif","width":180,"height":150,"caption":"isi-beritt.com"},"image":{"@id":"https:\/\/isi-beritt.com\/#\/schema\/logo\/image\/"}}]}},"publishpress_future_action":{"enabled":false,"date":"2026-04-24 06:58:04","action":"change-status","newStatus":"draft","terms":[],"taxonomy":"","extraData":[]},"publishpress_future_workflow_manual_trigger":{"enabledWorkflows":[]},"_links":{"self":[{"href":"https:\/\/isi-beritt.com\/index.php\/wp-json\/wp\/v2\/pages\/354","targetHints":{"allow":["GET"]}}],"collection":[{"href":"https:\/\/isi-beritt.com\/index.php\/wp-json\/wp\/v2\/pages"}],"about":[{"href":"https:\/\/isi-beritt.com\/index.php\/wp-json\/wp\/v2\/types\/page"}],"author":[{"embeddable":true,"href":"https:\/\/isi-beritt.com\/index.php\/wp-json\/wp\/v2\/users\/5"}],"replies":[{"embeddable":true,"href":"https:\/\/isi-beritt.com\/index.php\/wp-json\/wp\/v2\/comments?post=354"}],"version-history":[{"count":0,"href":"https:\/\/isi-beritt.com\/index.php\/wp-json\/wp\/v2\/pages\/354\/revisions"}],"up":[{"embeddable":true,"href":"https:\/\/isi-beritt.com\/index.php\/wp-json\/wp\/v2\/pages\/109"}],"wp:attachment":[{"href":"https:\/\/isi-beritt.com\/index.php\/wp-json\/wp\/v2\/media?parent=354"}],"curies":[{"name":"wp","href":"https:\/\/api.w.org\/{rel}","templated":true}]}}