{"id":358,"date":"2019-12-08T20:41:04","date_gmt":"2019-12-08T18:41:04","guid":{"rendered":"http:\/\/isi-beritt.homepage.t-online.de\/wordpress\/?page_id=358"},"modified":"2020-08-20T16:48:21","modified_gmt":"2020-08-20T14:48:21","slug":"hilfengebung-beim-reiten","status":"publish","type":"page","link":"https:\/\/isi-beritt.com\/index.php\/wissenswertes\/hilfengebung-beim-reiten\/","title":{"rendered":"Hilfengebung beim Reiten"},"content":{"rendered":"<div class=\"breadcrumbs align  wp-block-bcn-breadcrumb-trail has-text-color has-background\" vocab=\"https:\/\/schema.org\/\" typeof=\"BreadcrumbList\">\n\t<span><\/span>\n\t<span property=\"itemListElement\" typeof=\"ListItem\"><a property=\"item\" typeof=\"WebPage\" title=\"Go to isi-beritt.com.\" href=\"https:\/\/isi-beritt.com\" class=\"home\" aria-current=\"page\"><span property=\"name\">isi-beritt.com<\/span><\/a><meta property=\"position\" content=\"1\"><\/span><\/div>\n\n\n\n<p>Gutes Reiten setzt eine zwischen Pferd und Reiter abgestimmte Kommunikation voraus, damit das Pferd den Wunsch des Menschen bez\u00fcglich Richtung und Gangart versteht und diesen dann entsprechend umsetzen kann. Je feiner diese Signale, auch reiterliche Hilfen genannt, mit zunehmender \u00dcbungszeit werden, desto harmonischer wirkt das Pferd-Reiter-Paar.<\/p>\n\n\n\n<p>Man unterscheidet folgende&nbsp;Hilfengruppen:<br>&#8211; Gewichtshilfen<br>&#8211; Schenkelhilfen<br>&#8211; Z\u00fcgelhilfen<br>&#8211; unterst\u00fctzende Hilfen<\/p>\n\n\n\n<p>Betrachtet man das Pferd in den drei Abschnitten Vorhand, Mittelhand und Hinterhand, so l\u00e4sst sich die Haupt-Einwirkungszone jeder Hilfe auch optisch verdeutlichen:<\/p>\n\n\n\n<p class=\"has-text-align-center\"> <\/p>\n\n\n\n<div class=\"wp-block-image\"><figure class=\"aligncenter size-large\"><img data-opt-id=1068594675  fetchpriority=\"high\" decoding=\"async\" src=\"https:\/\/mlicc7hvrqis.i.optimole.com\/w:auto\/h:auto\/q:mauto\/f:best\/ig:avif\/https:\/\/isi-beritt.com\/wp-content\/uploads\/2019\/12\/Hilfe-Pferd-2.jpg\" alt=\"Unterteilung des Pferdes f\u00fcr die einzelnen Hilfen\"\/><\/figure><\/div>\n\n\n\n<p> Die \u00dcberg\u00e4nge der Einwirkungszonen sind selbstverst\u00e4ndlich flie\u00dfend. <\/p>\n\n\n\n<p>Erst durch das feine und korrekte Zusammenwirken aller Hilfen, also die passende Kombination der entsprechenden Hilfen kann ein klarer Befehl ans Pferd erfolgen. Weil dieses Zusammenwirken f\u00fcr jedes Pferd unterschiedlich ist, muss der Reiter erst ein Gef\u00fchl daf\u00fcr entwickeln im richtigen Augenblick mit der passenden Dosierung der jeweiligen Hilfen einzuwirken.<\/p>\n\n\n\n<p>Nebenbei bemerkt ist eine korrekte Hilfengebung auch aus dem Grunde wichtig, dass der Reiter seinem Pferd die passende Unterst\u00fctzung beim Reiten geben kann, damit dieses dabei bestm\u00f6glich gymnastiziert wird und lange fit und gesund bleibt.<\/p>\n","protected":false},"excerpt":{"rendered":"<p>Gutes Reiten setzt eine zwischen Pferd und Reiter abgestimmte Kommunikation voraus, damit das Pferd den Wunsch des Menschen bez\u00fcglich Richtung und Gangart versteht und diesen dann entsprechend umsetzen kann. Je feiner diese Signale, auch reiterliche Hilfen genannt, mit zunehmender \u00dcbungszeit werden, desto harmonischer wirkt das Pferd-Reiter-Paar. Man unterscheidet folgende&nbsp;Hilfengruppen:&#8211; Gewichtshilfen&#8211; Schenkelhilfen&#8211; Z\u00fcgelhilfen&#8211; unterst\u00fctzende Hilfen Betrachtet&hellip;&nbsp;<\/p>\n","protected":false},"author":5,"featured_media":0,"parent":109,"menu_order":4,"comment_status":"closed","ping_status":"closed","template":"","meta":{"_acf_changed":false,"neve_meta_sidebar":"","neve_meta_container":"","neve_meta_enable_content_width":"","neve_meta_content_width":0,"neve_meta_title_alignment":"","neve_meta_author_avatar":"","neve_post_elements_order":"","neve_meta_disable_header":"","neve_meta_disable_footer":"","neve_meta_disable_title":"","neve_meta_reading_time":"","_themeisle_gutenberg_block_has_review":false,"footnotes":""},"class_list":["post-358","page","type-page","status-publish","hentry"],"acf":[],"yoast_head":"<!-- This site is optimized with the Yoast SEO plugin v27.4 - https:\/\/yoast.com\/product\/yoast-seo-wordpress\/ -->\n<title>Hilfengebung beim Reiten - isi-beritt.com<\/title>\n<meta name=\"description\" content=\"Pferdegerechte Ausbildung, Anreiten und Beritt von Islandpferden, APM am Pferd, hilfe bei einem Problempferd\" \/>\n<meta name=\"robots\" content=\"index, follow, max-snippet:-1, max-image-preview:large, max-video-preview:-1\" \/>\n<link rel=\"canonical\" href=\"https:\/\/isi-beritt.com\/index.php\/wissenswertes\/hilfengebung-beim-reiten\/\" \/>\n<meta property=\"og:locale\" content=\"de_DE\" \/>\n<meta property=\"og:type\" content=\"article\" \/>\n<meta property=\"og:title\" content=\"Hilfengebung beim Reiten - isi-beritt.com\" \/>\n<meta property=\"og:description\" content=\"Pferdegerechte Ausbildung, Anreiten und Beritt von Islandpferden, APM am Pferd, hilfe bei einem Problempferd\" \/>\n<meta property=\"og:url\" content=\"https:\/\/isi-beritt.com\/index.php\/wissenswertes\/hilfengebung-beim-reiten\/\" \/>\n<meta property=\"og:site_name\" content=\"isi-beritt.com\" \/>\n<meta property=\"article:modified_time\" content=\"2020-08-20T14:48:21+00:00\" \/>\n<meta property=\"og:image\" content=\"https:\/\/mlicc7hvrqis.i.optimole.com\/w:auto\/h:auto\/q:mauto\/f:best\/ig:avif\/https:\/\/isi-beritt.com\/wp-content\/uploads\/2019\/12\/Hilfe-Pferd-2.jpg\" \/>\n<meta name=\"twitter:card\" content=\"summary_large_image\" \/>\n<meta name=\"twitter:label1\" content=\"Gesch\u00e4tzte Lesezeit\" \/>\n\t<meta name=\"twitter:data1\" content=\"1\u00a0Minute\" \/>\n<script type=\"application\/ld+json\" class=\"yoast-schema-graph\">{\"@context\":\"https:\\\/\\\/schema.org\",\"@graph\":[{\"@type\":\"WebPage\",\"@id\":\"https:\\\/\\\/isi-beritt.com\\\/index.php\\\/wissenswertes\\\/hilfengebung-beim-reiten\\\/\",\"url\":\"https:\\\/\\\/isi-beritt.com\\\/index.php\\\/wissenswertes\\\/hilfengebung-beim-reiten\\\/\",\"name\":\"Hilfengebung beim Reiten - isi-beritt.com\",\"isPartOf\":{\"@id\":\"https:\\\/\\\/isi-beritt.com\\\/#website\"},\"primaryImageOfPage\":{\"@id\":\"https:\\\/\\\/isi-beritt.com\\\/index.php\\\/wissenswertes\\\/hilfengebung-beim-reiten\\\/#primaryimage\"},\"image\":{\"@id\":\"https:\\\/\\\/isi-beritt.com\\\/index.php\\\/wissenswertes\\\/hilfengebung-beim-reiten\\\/#primaryimage\"},\"thumbnailUrl\":\"https:\\/\\/isi-beritt.com\\/wp-content\\/uploads\\/2019\\/12\\/Hilfe-Pferd-2.jpg\",\"datePublished\":\"2019-12-08T18:41:04+00:00\",\"dateModified\":\"2020-08-20T14:48:21+00:00\",\"description\":\"Pferdegerechte Ausbildung, Anreiten und Beritt von Islandpferden, APM am Pferd, hilfe bei einem Problempferd\",\"breadcrumb\":{\"@id\":\"https:\\\/\\\/isi-beritt.com\\\/index.php\\\/wissenswertes\\\/hilfengebung-beim-reiten\\\/#breadcrumb\"},\"inLanguage\":\"de\",\"potentialAction\":[{\"@type\":\"ReadAction\",\"target\":[\"https:\\\/\\\/isi-beritt.com\\\/index.php\\\/wissenswertes\\\/hilfengebung-beim-reiten\\\/\"]}]},{\"@type\":\"ImageObject\",\"inLanguage\":\"de\",\"@id\":\"https:\\\/\\\/isi-beritt.com\\\/index.php\\\/wissenswertes\\\/hilfengebung-beim-reiten\\\/#primaryimage\",\"url\":\"https:\\/\\/isi-beritt.com\\/wp-content\\/uploads\\/2019\\/12\\/Hilfe-Pferd-2.jpg\",\"contentUrl\":\"https:\\/\\/isi-beritt.com\\/wp-content\\/uploads\\/2019\\/12\\/Hilfe-Pferd-2.jpg\",\"width\":400,\"height\":348,\"caption\":\"Hilfen am Pferd\"},{\"@type\":\"BreadcrumbList\",\"@id\":\"https:\\\/\\\/isi-beritt.com\\\/index.php\\\/wissenswertes\\\/hilfengebung-beim-reiten\\\/#breadcrumb\",\"itemListElement\":[{\"@type\":\"ListItem\",\"position\":1,\"name\":\"Startseite\",\"item\":\"https:\\\/\\\/isi-beritt.com\\\/\"},{\"@type\":\"ListItem\",\"position\":2,\"name\":\"Wissenswertes\",\"item\":\"https:\\\/\\\/isi-beritt.com\\\/index.php\\\/wissenswertes\\\/\"},{\"@type\":\"ListItem\",\"position\":3,\"name\":\"Hilfengebung beim Reiten\"}]},{\"@type\":\"WebSite\",\"@id\":\"https:\\\/\\\/isi-beritt.com\\\/#website\",\"url\":\"https:\\\/\\\/isi-beritt.com\\\/\",\"name\":\"isi-beritt.com\",\"description\":\"Pferdegerechte Ausbildung, Anreiten und Beritt von Pferden, Reitunterricht nach biomechanischen Grunds\u00e4tzen, APM am Pferd, Hilfe bei einem Problempferd\",\"publisher\":{\"@id\":\"https:\\\/\\\/isi-beritt.com\\\/#organization\"},\"potentialAction\":[{\"@type\":\"SearchAction\",\"target\":{\"@type\":\"EntryPoint\",\"urlTemplate\":\"https:\\\/\\\/isi-beritt.com\\\/?s={search_term_string}\"},\"query-input\":{\"@type\":\"PropertyValueSpecification\",\"valueRequired\":true,\"valueName\":\"search_term_string\"}}],\"inLanguage\":\"de\"},{\"@type\":\"Organization\",\"@id\":\"https:\\\/\\\/isi-beritt.com\\\/#organization\",\"name\":\"isi-beritt.com\",\"url\":\"https:\\\/\\\/isi-beritt.com\\\/\",\"logo\":{\"@type\":\"ImageObject\",\"inLanguage\":\"de\",\"@id\":\"https:\\\/\\\/isi-beritt.com\\\/#\\\/schema\\\/logo\\\/image\\\/\",\"url\":\"https:\\/\\/mlicc7hvrqis.i.optimole.com\\/w:180\\/h:150\\/q:mauto\\/f:best\\/ig:avif\\/https:\\/\\/isi-beritt.com\\/wp-content\\/uploads\\/2019\\/09\\/ISI_Tolt-frei.gif\",\"contentUrl\":\"https:\\/\\/mlicc7hvrqis.i.optimole.com\\/w:180\\/h:150\\/q:mauto\\/f:best\\/ig:avif\\/https:\\/\\/isi-beritt.com\\/wp-content\\/uploads\\/2019\\/09\\/ISI_Tolt-frei.gif\",\"width\":180,\"height\":150,\"caption\":\"isi-beritt.com\"},\"image\":{\"@id\":\"https:\\\/\\\/isi-beritt.com\\\/#\\\/schema\\\/logo\\\/image\\\/\"}}]}<\/script>\n<!-- \/ Yoast SEO plugin. -->","yoast_head_json":{"title":"Hilfengebung beim Reiten - isi-beritt.com","description":"Pferdegerechte Ausbildung, Anreiten und Beritt von Islandpferden, APM am Pferd, hilfe bei einem Problempferd","robots":{"index":"index","follow":"follow","max-snippet":"max-snippet:-1","max-image-preview":"max-image-preview:large","max-video-preview":"max-video-preview:-1"},"canonical":"https:\/\/isi-beritt.com\/index.php\/wissenswertes\/hilfengebung-beim-reiten\/","og_locale":"de_DE","og_type":"article","og_title":"Hilfengebung beim Reiten - isi-beritt.com","og_description":"Pferdegerechte Ausbildung, Anreiten und Beritt von Islandpferden, APM am Pferd, hilfe bei einem Problempferd","og_url":"https:\/\/isi-beritt.com\/index.php\/wissenswertes\/hilfengebung-beim-reiten\/","og_site_name":"isi-beritt.com","article_modified_time":"2020-08-20T14:48:21+00:00","og_image":[{"url":"https:\/\/mlicc7hvrqis.i.optimole.com\/w:auto\/h:auto\/q:mauto\/f:best\/ig:avif\/https:\/\/isi-beritt.com\/wp-content\/uploads\/2019\/12\/Hilfe-Pferd-2.jpg","type":"","width":"","height":""}],"twitter_card":"summary_large_image","twitter_misc":{"Gesch\u00e4tzte Lesezeit":"1\u00a0Minute"},"schema":{"@context":"https:\/\/schema.org","@graph":[{"@type":"WebPage","@id":"https:\/\/isi-beritt.com\/index.php\/wissenswertes\/hilfengebung-beim-reiten\/","url":"https:\/\/isi-beritt.com\/index.php\/wissenswertes\/hilfengebung-beim-reiten\/","name":"Hilfengebung beim Reiten - isi-beritt.com","isPartOf":{"@id":"https:\/\/isi-beritt.com\/#website"},"primaryImageOfPage":{"@id":"https:\/\/isi-beritt.com\/index.php\/wissenswertes\/hilfengebung-beim-reiten\/#primaryimage"},"image":{"@id":"https:\/\/isi-beritt.com\/index.php\/wissenswertes\/hilfengebung-beim-reiten\/#primaryimage"},"thumbnailUrl":"https:\/\/mlicc7hvrqis.i.optimole.com\/w:auto\/h:auto\/q:mauto\/f:best\/ig:avif\/https:\/\/isi-beritt.com\/wp-content\/uploads\/2019\/12\/Hilfe-Pferd-2.jpg","datePublished":"2019-12-08T18:41:04+00:00","dateModified":"2020-08-20T14:48:21+00:00","description":"Pferdegerechte Ausbildung, Anreiten und Beritt von Islandpferden, APM am Pferd, hilfe bei einem Problempferd","breadcrumb":{"@id":"https:\/\/isi-beritt.com\/index.php\/wissenswertes\/hilfengebung-beim-reiten\/#breadcrumb"},"inLanguage":"de","potentialAction":[{"@type":"ReadAction","target":["https:\/\/isi-beritt.com\/index.php\/wissenswertes\/hilfengebung-beim-reiten\/"]}]},{"@type":"ImageObject","inLanguage":"de","@id":"https:\/\/isi-beritt.com\/index.php\/wissenswertes\/hilfengebung-beim-reiten\/#primaryimage","url":"https:\/\/mlicc7hvrqis.i.optimole.com\/w:auto\/h:auto\/q:mauto\/f:best\/ig:avif\/https:\/\/isi-beritt.com\/wp-content\/uploads\/2019\/12\/Hilfe-Pferd-2.jpg","contentUrl":"https:\/\/mlicc7hvrqis.i.optimole.com\/w:auto\/h:auto\/q:mauto\/f:best\/ig:avif\/https:\/\/isi-beritt.com\/wp-content\/uploads\/2019\/12\/Hilfe-Pferd-2.jpg","width":400,"height":348,"caption":"Hilfen am Pferd"},{"@type":"BreadcrumbList","@id":"https:\/\/isi-beritt.com\/index.php\/wissenswertes\/hilfengebung-beim-reiten\/#breadcrumb","itemListElement":[{"@type":"ListItem","position":1,"name":"Startseite","item":"https:\/\/isi-beritt.com\/"},{"@type":"ListItem","position":2,"name":"Wissenswertes","item":"https:\/\/isi-beritt.com\/index.php\/wissenswertes\/"},{"@type":"ListItem","position":3,"name":"Hilfengebung beim Reiten"}]},{"@type":"WebSite","@id":"https:\/\/isi-beritt.com\/#website","url":"https:\/\/isi-beritt.com\/","name":"isi-beritt.com","description":"Pferdegerechte Ausbildung, Anreiten und Beritt von Pferden, Reitunterricht nach biomechanischen Grunds\u00e4tzen, APM am Pferd, Hilfe bei einem Problempferd","publisher":{"@id":"https:\/\/isi-beritt.com\/#organization"},"potentialAction":[{"@type":"SearchAction","target":{"@type":"EntryPoint","urlTemplate":"https:\/\/isi-beritt.com\/?s={search_term_string}"},"query-input":{"@type":"PropertyValueSpecification","valueRequired":true,"valueName":"search_term_string"}}],"inLanguage":"de"},{"@type":"Organization","@id":"https:\/\/isi-beritt.com\/#organization","name":"isi-beritt.com","url":"https:\/\/isi-beritt.com\/","logo":{"@type":"ImageObject","inLanguage":"de","@id":"https:\/\/isi-beritt.com\/#\/schema\/logo\/image\/","url":"https:\/\/mlicc7hvrqis.i.optimole.com\/w:180\/h:150\/q:mauto\/f:best\/ig:avif\/https:\/\/isi-beritt.com\/wp-content\/uploads\/2019\/09\/ISI_Tolt-frei.gif","contentUrl":"https:\/\/mlicc7hvrqis.i.optimole.com\/w:180\/h:150\/q:mauto\/f:best\/ig:avif\/https:\/\/isi-beritt.com\/wp-content\/uploads\/2019\/09\/ISI_Tolt-frei.gif","width":180,"height":150,"caption":"isi-beritt.com"},"image":{"@id":"https:\/\/isi-beritt.com\/#\/schema\/logo\/image\/"}}]}},"publishpress_future_action":{"enabled":false,"date":"2026-04-23 17:34:22","action":"change-status","newStatus":"draft","terms":[],"taxonomy":"","extraData":[]},"publishpress_future_workflow_manual_trigger":{"enabledWorkflows":[]},"_links":{"self":[{"href":"https:\/\/isi-beritt.com\/index.php\/wp-json\/wp\/v2\/pages\/358","targetHints":{"allow":["GET"]}}],"collection":[{"href":"https:\/\/isi-beritt.com\/index.php\/wp-json\/wp\/v2\/pages"}],"about":[{"href":"https:\/\/isi-beritt.com\/index.php\/wp-json\/wp\/v2\/types\/page"}],"author":[{"embeddable":true,"href":"https:\/\/isi-beritt.com\/index.php\/wp-json\/wp\/v2\/users\/5"}],"replies":[{"embeddable":true,"href":"https:\/\/isi-beritt.com\/index.php\/wp-json\/wp\/v2\/comments?post=358"}],"version-history":[{"count":0,"href":"https:\/\/isi-beritt.com\/index.php\/wp-json\/wp\/v2\/pages\/358\/revisions"}],"up":[{"embeddable":true,"href":"https:\/\/isi-beritt.com\/index.php\/wp-json\/wp\/v2\/pages\/109"}],"wp:attachment":[{"href":"https:\/\/isi-beritt.com\/index.php\/wp-json\/wp\/v2\/media?parent=358"}],"curies":[{"name":"wp","href":"https:\/\/api.w.org\/{rel}","templated":true}]}}