{"id":55,"date":"2019-08-27T20:06:32","date_gmt":"2019-08-27T18:06:32","guid":{"rendered":"http:\/\/isi-beritt.homepage.t-online.de\/wordpress?page_id=55"},"modified":"2020-05-13T16:06:07","modified_gmt":"2020-05-13T15:06:07","slug":"aufbau-rekonvaleszenter-pferde","status":"publish","type":"page","link":"https:\/\/isi-beritt.com\/index.php\/wissenswertes\/gesunderhaltung-aelterer-pferde\/aufbau-rekonvaleszenter-pferde\/","title":{"rendered":"Aufbau rekonvaleszenter Pferde"},"content":{"rendered":"<div class=\"breadcrumbs align  wp-block-bcn-breadcrumb-trail has-text-color has-background\" vocab=\"https:\/\/schema.org\/\" typeof=\"BreadcrumbList\">\n\t<span><\/span>\n\t<span property=\"itemListElement\" typeof=\"ListItem\"><a property=\"item\" typeof=\"WebPage\" title=\"Go to isi-beritt.com.\" href=\"https:\/\/isi-beritt.com\" class=\"home\" aria-current=\"page\"><span property=\"name\">isi-beritt.com<\/span><\/a><meta property=\"position\" content=\"1\"><\/span><\/div>\n\n\n\n<p><\/p>\n\n\n\n<p>Wenn wir uns in Folge einer Verletzung weniger bewegen, wird relativ schnell Muskelmasse abgebaut. Das merkt jeder am eigenen K\u00f6rper, der eine Auszeit von seiner sportlichen Bet\u00e4tigung nehmen muss. Bei unseren Pferden ist es nicht anders. Wenn diese nach Verletzungen, Krankheiten oder gar Operationen l\u00e4nger stehen mussten, oder zumindest nicht regelm\u00e4\u00dfig geritten oder bewegt worden sind, sollte man sie langsam wieder antrainieren, ehe man die sonst \u00fcblichen Leistungen von ihnen verlangt.<\/p>\n\n\n\n<p>Um mit dem Antrainieren nach l\u00e4ngeren Pausen wieder anzufangen, eignen sich zu Beginn immer Bodenarbeit mit gymnastizierenden \u00dcbungen oder auch Spazierg\u00e4nge. Durch die Arbeit an der Longe bzw. Doppellonge kann man in Folge auch schnellere Gangarten wieder einf\u00fchren, ohne das noch geschw\u00e4chte Pferd mit einem Reiter zu belasten. Es ist wichtig hierbei schon darauf zu achten, dass das Pferd die Tendenz findet, locker vorw\u00e4rts-abw\u00e4rts zu gehen und es somit eine entspannte Dehnungshaltung in der Oberlinie annehmen kann. Dadurch werden die langen R\u00fcckenmuskeln gekr\u00e4ftigt, die sp\u00e4ter wieder das Reitergewicht aufnehmen k\u00f6nnen sollen. Diese Tragf\u00e4higkeit ist f\u00fcr die dauerhafte Gesunderhaltung des Pferder\u00fcckens immens wichtig.<\/p>\n\n\n\n<p>Bei einem Pferd, welches f\u00fcrs Reiten wieder schonend fit gemacht werden soll, kann man nun das Gewicht auf dem R\u00fccken kontinuierlich steigern. Zu Beginn kann man einfach den (gut sitzenden) Sattel auflegen, der ja schon ein paar Kilo wiegt und das Pferd wie bisher gef\u00fchrt oder an der Longe bewegen.<\/p>\n\n\n\n<p>Irgendwann ist es dann auf jeden Fall so weit, dass wieder ein Reiter auf dem Pferd Platz nehmen sollte. Im Idealfall ist dieser dann sehr leicht und sollte das Antrainieren kontinuierlich steigernd aufbauen. Es ist enorm wichtig, dass der Reiter ein gutes Gesp\u00fcr daf\u00fcr hat, die jeweilige Leistungsgrenze des Pferdes nicht zu \u00fcberschreiten, sondern die Trainingseinheit rechtzeitig zu beenden, bevor eine \u00dcberforderung des Tieres eintritt. Au\u00dferdem sollte auch gerade unter der Belastung des Reitergewichts darauf geachtet werden, dass die Vorw\u00e4rts-Abw\u00e4rts-Tendenz beibehalten wird, um die Tragkraft des Pferder\u00fcckens weiter auszubilden, damit dieser sp\u00e4ter dann wieder schwerere Reiter tragen kann, ohne Schaden zu nehmen.<\/p>\n\n\n\n<p>Gerne bin ich Ihnen beim Aufbau und dem schonenden Wiederantrainieren Ihres Pferdes behilflich, falls dieses Problem einmal auf Sie zukommen sollte.<\/p>\n","protected":false},"excerpt":{"rendered":"<p>Wenn wir uns in Folge einer Verletzung weniger bewegen, wird relativ schnell Muskelmasse abgebaut. Das merkt jeder am eigenen K\u00f6rper, der eine Auszeit von seiner sportlichen Bet\u00e4tigung nehmen muss. Bei unseren Pferden ist es nicht anders. Wenn diese nach Verletzungen, Krankheiten oder gar Operationen l\u00e4nger stehen mussten, oder zumindest nicht regelm\u00e4\u00dfig geritten oder bewegt worden&hellip;&nbsp;<\/p>\n","protected":false},"author":5,"featured_media":0,"parent":57,"menu_order":0,"comment_status":"closed","ping_status":"closed","template":"","meta":{"_acf_changed":false,"neve_meta_sidebar":"","neve_meta_container":"","neve_meta_enable_content_width":"","neve_meta_content_width":0,"neve_meta_title_alignment":"","neve_meta_author_avatar":"","neve_post_elements_order":"","neve_meta_disable_header":"","neve_meta_disable_footer":"","neve_meta_disable_title":"","neve_meta_reading_time":"","_themeisle_gutenberg_block_has_review":false,"footnotes":""},"class_list":["post-55","page","type-page","status-publish","hentry"],"acf":[],"yoast_head":"<!-- This site is optimized with the Yoast SEO plugin v27.5 - https:\/\/yoast.com\/product\/yoast-seo-wordpress\/ -->\n<title>Aufbau rekonvaleszenter Pferde - isi-beritt.com<\/title>\n<meta name=\"description\" content=\"Pferdegerechte Ausbildung, Anreiten und Beritt von Islandpferden, APM am Pferd, hilfe bei einem Problempferd\" \/>\n<meta name=\"robots\" content=\"index, follow, max-snippet:-1, max-image-preview:large, max-video-preview:-1\" \/>\n<link rel=\"canonical\" href=\"https:\/\/isi-beritt.com\/index.php\/wissenswertes\/gesunderhaltung-aelterer-pferde\/aufbau-rekonvaleszenter-pferde\/\" \/>\n<meta property=\"og:locale\" content=\"de_DE\" \/>\n<meta property=\"og:type\" content=\"article\" \/>\n<meta property=\"og:title\" content=\"Aufbau rekonvaleszenter Pferde - isi-beritt.com\" \/>\n<meta property=\"og:description\" content=\"Pferdegerechte Ausbildung, Anreiten und Beritt von Islandpferden, APM am Pferd, hilfe bei einem Problempferd\" \/>\n<meta property=\"og:url\" content=\"https:\/\/isi-beritt.com\/index.php\/wissenswertes\/gesunderhaltung-aelterer-pferde\/aufbau-rekonvaleszenter-pferde\/\" \/>\n<meta property=\"og:site_name\" content=\"isi-beritt.com\" \/>\n<meta property=\"article:modified_time\" content=\"2020-05-13T15:06:07+00:00\" \/>\n<meta name=\"twitter:card\" content=\"summary_large_image\" \/>\n<meta name=\"twitter:label1\" content=\"Gesch\u00e4tzte Lesezeit\" \/>\n\t<meta name=\"twitter:data1\" content=\"2\u00a0Minuten\" \/>\n<script type=\"application\/ld+json\" class=\"yoast-schema-graph\">{\"@context\":\"https:\\\/\\\/schema.org\",\"@graph\":[{\"@type\":\"WebPage\",\"@id\":\"https:\\\/\\\/isi-beritt.com\\\/index.php\\\/wissenswertes\\\/gesunderhaltung-aelterer-pferde\\\/aufbau-rekonvaleszenter-pferde\\\/\",\"url\":\"https:\\\/\\\/isi-beritt.com\\\/index.php\\\/wissenswertes\\\/gesunderhaltung-aelterer-pferde\\\/aufbau-rekonvaleszenter-pferde\\\/\",\"name\":\"Aufbau rekonvaleszenter Pferde - isi-beritt.com\",\"isPartOf\":{\"@id\":\"https:\\\/\\\/isi-beritt.com\\\/#website\"},\"datePublished\":\"2019-08-27T18:06:32+00:00\",\"dateModified\":\"2020-05-13T15:06:07+00:00\",\"description\":\"Pferdegerechte Ausbildung, Anreiten und Beritt von Islandpferden, APM am Pferd, hilfe bei einem Problempferd\",\"breadcrumb\":{\"@id\":\"https:\\\/\\\/isi-beritt.com\\\/index.php\\\/wissenswertes\\\/gesunderhaltung-aelterer-pferde\\\/aufbau-rekonvaleszenter-pferde\\\/#breadcrumb\"},\"inLanguage\":\"de\",\"potentialAction\":[{\"@type\":\"ReadAction\",\"target\":[\"https:\\\/\\\/isi-beritt.com\\\/index.php\\\/wissenswertes\\\/gesunderhaltung-aelterer-pferde\\\/aufbau-rekonvaleszenter-pferde\\\/\"]}]},{\"@type\":\"BreadcrumbList\",\"@id\":\"https:\\\/\\\/isi-beritt.com\\\/index.php\\\/wissenswertes\\\/gesunderhaltung-aelterer-pferde\\\/aufbau-rekonvaleszenter-pferde\\\/#breadcrumb\",\"itemListElement\":[{\"@type\":\"ListItem\",\"position\":1,\"name\":\"Startseite\",\"item\":\"https:\\\/\\\/isi-beritt.com\\\/\"},{\"@type\":\"ListItem\",\"position\":2,\"name\":\"Wissenswertes\",\"item\":\"https:\\\/\\\/isi-beritt.com\\\/index.php\\\/wissenswertes\\\/\"},{\"@type\":\"ListItem\",\"position\":3,\"name\":\"Gesunderhaltung \u00e4lterer Pferde\",\"item\":\"https:\\\/\\\/isi-beritt.com\\\/index.php\\\/wissenswertes\\\/gesunderhaltung-aelterer-pferde\\\/\"},{\"@type\":\"ListItem\",\"position\":4,\"name\":\"Aufbau rekonvaleszenter Pferde\"}]},{\"@type\":\"WebSite\",\"@id\":\"https:\\\/\\\/isi-beritt.com\\\/#website\",\"url\":\"https:\\\/\\\/isi-beritt.com\\\/\",\"name\":\"isi-beritt.com\",\"description\":\"Pferdegerechte Ausbildung, Anreiten und Beritt von Pferden, Reitunterricht nach biomechanischen Grunds\u00e4tzen, APM am Pferd, Hilfe bei einem Problempferd\",\"publisher\":{\"@id\":\"https:\\\/\\\/isi-beritt.com\\\/#organization\"},\"potentialAction\":[{\"@type\":\"SearchAction\",\"target\":{\"@type\":\"EntryPoint\",\"urlTemplate\":\"https:\\\/\\\/isi-beritt.com\\\/?s={search_term_string}\"},\"query-input\":{\"@type\":\"PropertyValueSpecification\",\"valueRequired\":true,\"valueName\":\"search_term_string\"}}],\"inLanguage\":\"de\"},{\"@type\":\"Organization\",\"@id\":\"https:\\\/\\\/isi-beritt.com\\\/#organization\",\"name\":\"isi-beritt.com\",\"url\":\"https:\\\/\\\/isi-beritt.com\\\/\",\"logo\":{\"@type\":\"ImageObject\",\"inLanguage\":\"de\",\"@id\":\"https:\\\/\\\/isi-beritt.com\\\/#\\\/schema\\\/logo\\\/image\\\/\",\"url\":\"https:\\/\\/mlicc7hvrqis.i.optimole.com\\/w:180\\/h:150\\/q:mauto\\/f:best\\/ig:avif\\/https:\\/\\/isi-beritt.com\\/wp-content\\/uploads\\/2019\\/09\\/ISI_Tolt-frei.gif\",\"contentUrl\":\"https:\\/\\/mlicc7hvrqis.i.optimole.com\\/w:180\\/h:150\\/q:mauto\\/f:best\\/ig:avif\\/https:\\/\\/isi-beritt.com\\/wp-content\\/uploads\\/2019\\/09\\/ISI_Tolt-frei.gif\",\"width\":180,\"height\":150,\"caption\":\"isi-beritt.com\"},\"image\":{\"@id\":\"https:\\\/\\\/isi-beritt.com\\\/#\\\/schema\\\/logo\\\/image\\\/\"}}]}<\/script>\n<!-- \/ Yoast SEO plugin. -->","yoast_head_json":{"title":"Aufbau rekonvaleszenter Pferde - isi-beritt.com","description":"Pferdegerechte Ausbildung, Anreiten und Beritt von Islandpferden, APM am Pferd, hilfe bei einem Problempferd","robots":{"index":"index","follow":"follow","max-snippet":"max-snippet:-1","max-image-preview":"max-image-preview:large","max-video-preview":"max-video-preview:-1"},"canonical":"https:\/\/isi-beritt.com\/index.php\/wissenswertes\/gesunderhaltung-aelterer-pferde\/aufbau-rekonvaleszenter-pferde\/","og_locale":"de_DE","og_type":"article","og_title":"Aufbau rekonvaleszenter Pferde - isi-beritt.com","og_description":"Pferdegerechte Ausbildung, Anreiten und Beritt von Islandpferden, APM am Pferd, hilfe bei einem Problempferd","og_url":"https:\/\/isi-beritt.com\/index.php\/wissenswertes\/gesunderhaltung-aelterer-pferde\/aufbau-rekonvaleszenter-pferde\/","og_site_name":"isi-beritt.com","article_modified_time":"2020-05-13T15:06:07+00:00","twitter_card":"summary_large_image","twitter_misc":{"Gesch\u00e4tzte Lesezeit":"2\u00a0Minuten"},"schema":{"@context":"https:\/\/schema.org","@graph":[{"@type":"WebPage","@id":"https:\/\/isi-beritt.com\/index.php\/wissenswertes\/gesunderhaltung-aelterer-pferde\/aufbau-rekonvaleszenter-pferde\/","url":"https:\/\/isi-beritt.com\/index.php\/wissenswertes\/gesunderhaltung-aelterer-pferde\/aufbau-rekonvaleszenter-pferde\/","name":"Aufbau rekonvaleszenter Pferde - isi-beritt.com","isPartOf":{"@id":"https:\/\/isi-beritt.com\/#website"},"datePublished":"2019-08-27T18:06:32+00:00","dateModified":"2020-05-13T15:06:07+00:00","description":"Pferdegerechte Ausbildung, Anreiten und Beritt von Islandpferden, APM am Pferd, hilfe bei einem Problempferd","breadcrumb":{"@id":"https:\/\/isi-beritt.com\/index.php\/wissenswertes\/gesunderhaltung-aelterer-pferde\/aufbau-rekonvaleszenter-pferde\/#breadcrumb"},"inLanguage":"de","potentialAction":[{"@type":"ReadAction","target":["https:\/\/isi-beritt.com\/index.php\/wissenswertes\/gesunderhaltung-aelterer-pferde\/aufbau-rekonvaleszenter-pferde\/"]}]},{"@type":"BreadcrumbList","@id":"https:\/\/isi-beritt.com\/index.php\/wissenswertes\/gesunderhaltung-aelterer-pferde\/aufbau-rekonvaleszenter-pferde\/#breadcrumb","itemListElement":[{"@type":"ListItem","position":1,"name":"Startseite","item":"https:\/\/isi-beritt.com\/"},{"@type":"ListItem","position":2,"name":"Wissenswertes","item":"https:\/\/isi-beritt.com\/index.php\/wissenswertes\/"},{"@type":"ListItem","position":3,"name":"Gesunderhaltung \u00e4lterer Pferde","item":"https:\/\/isi-beritt.com\/index.php\/wissenswertes\/gesunderhaltung-aelterer-pferde\/"},{"@type":"ListItem","position":4,"name":"Aufbau rekonvaleszenter Pferde"}]},{"@type":"WebSite","@id":"https:\/\/isi-beritt.com\/#website","url":"https:\/\/isi-beritt.com\/","name":"isi-beritt.com","description":"Pferdegerechte Ausbildung, Anreiten und Beritt von Pferden, Reitunterricht nach biomechanischen Grunds\u00e4tzen, APM am Pferd, Hilfe bei einem Problempferd","publisher":{"@id":"https:\/\/isi-beritt.com\/#organization"},"potentialAction":[{"@type":"SearchAction","target":{"@type":"EntryPoint","urlTemplate":"https:\/\/isi-beritt.com\/?s={search_term_string}"},"query-input":{"@type":"PropertyValueSpecification","valueRequired":true,"valueName":"search_term_string"}}],"inLanguage":"de"},{"@type":"Organization","@id":"https:\/\/isi-beritt.com\/#organization","name":"isi-beritt.com","url":"https:\/\/isi-beritt.com\/","logo":{"@type":"ImageObject","inLanguage":"de","@id":"https:\/\/isi-beritt.com\/#\/schema\/logo\/image\/","url":"https:\/\/mlicc7hvrqis.i.optimole.com\/w:180\/h:150\/q:mauto\/f:best\/ig:avif\/https:\/\/isi-beritt.com\/wp-content\/uploads\/2019\/09\/ISI_Tolt-frei.gif","contentUrl":"https:\/\/mlicc7hvrqis.i.optimole.com\/w:180\/h:150\/q:mauto\/f:best\/ig:avif\/https:\/\/isi-beritt.com\/wp-content\/uploads\/2019\/09\/ISI_Tolt-frei.gif","width":180,"height":150,"caption":"isi-beritt.com"},"image":{"@id":"https:\/\/isi-beritt.com\/#\/schema\/logo\/image\/"}}]}},"publishpress_future_action":{"enabled":false,"date":"2026-05-18 13:15:26","action":"change-status","newStatus":"draft","terms":[],"taxonomy":"","extraData":[]},"publishpress_future_workflow_manual_trigger":{"enabledWorkflows":[]},"_links":{"self":[{"href":"https:\/\/isi-beritt.com\/index.php\/wp-json\/wp\/v2\/pages\/55","targetHints":{"allow":["GET"]}}],"collection":[{"href":"https:\/\/isi-beritt.com\/index.php\/wp-json\/wp\/v2\/pages"}],"about":[{"href":"https:\/\/isi-beritt.com\/index.php\/wp-json\/wp\/v2\/types\/page"}],"author":[{"embeddable":true,"href":"https:\/\/isi-beritt.com\/index.php\/wp-json\/wp\/v2\/users\/5"}],"replies":[{"embeddable":true,"href":"https:\/\/isi-beritt.com\/index.php\/wp-json\/wp\/v2\/comments?post=55"}],"version-history":[{"count":0,"href":"https:\/\/isi-beritt.com\/index.php\/wp-json\/wp\/v2\/pages\/55\/revisions"}],"up":[{"embeddable":true,"href":"https:\/\/isi-beritt.com\/index.php\/wp-json\/wp\/v2\/pages\/57"}],"wp:attachment":[{"href":"https:\/\/isi-beritt.com\/index.php\/wp-json\/wp\/v2\/media?parent=55"}],"curies":[{"name":"wp","href":"https:\/\/api.w.org\/{rel}","templated":true}]}}