{"id":57,"date":"2019-08-27T20:06:50","date_gmt":"2019-08-27T19:06:50","guid":{"rendered":"http:\/\/isi-beritt.homepage.t-online.de\/wordpress?page_id=57"},"modified":"2023-06-10T16:22:35","modified_gmt":"2023-06-10T15:22:35","slug":"gesunderhaltung-aelterer-pferde","status":"publish","type":"page","link":"https:\/\/isi-beritt.com\/index.php\/wissenswertes\/gesunderhaltung-aelterer-pferde\/","title":{"rendered":"Gesunderhaltung \u00e4lterer Pferde"},"content":{"rendered":"<div class=\"breadcrumbs align  wp-block-bcn-breadcrumb-trail has-text-color has-background\" vocab=\"https:\/\/schema.org\/\" typeof=\"BreadcrumbList\">\n\t<span><\/span>\n\t<span property=\"itemListElement\" typeof=\"ListItem\"><a property=\"item\" typeof=\"WebPage\" title=\"Go to isi-beritt.com.\" href=\"https:\/\/isi-beritt.com\" class=\"home\" aria-current=\"page\"><span property=\"name\">isi-beritt.com<\/span><\/a><meta property=\"position\" content=\"1\"><\/span><\/div>\n\n\n\n<p><\/p>\n\n\n\n<p>Pferde, die ihr Leben lang aktiv waren und irgendwann aus Altersgr\u00fcnden oder in Folge einer Krankheit in \u201eRente\u201c geschickt werden, gehen ganz unterschiedlich mit dieser einschneidenden Ver\u00e4nderung um. Im Optimalfall genie\u00dfen sie es, ihre Zeit in Ruhe im Kreise von Artgenossen auf der Weide zu verbringen.<\/p>\n\n\n\n<p>Es kann aber auch vorkommen, dass sie sich langweilen, sich vernachl\u00e4ssigt f\u00fchlen und eher apathisch werden. Ich habe die Erfahrung gemacht, dass solche Pferde wieder mehr Freude am Leben bekommen, wenn man sie regelm\u00e4\u00dfig im Rahmen ihrer M\u00f6glichkeiten bewegt und sich ganz allgemein weiter um sie k\u00fcmmert. Das verschafft ihnen Abwechslung und gibt ihnen das gute Gef\u00fchl gebraucht zu werden. Sie aber einfach ins Kinderreiten zu integrieren ist auch nicht f\u00fcr jedes Pferd die optimale L\u00f6sung, wenn Charakter und Temperament des Tieres nicht zu dieser Aufgabe passen. Eventuell liegt es dem einen oder anderen Pferd mehr, hin und wieder einen Ausritt ins Gel\u00e4nde zu unternehmen, wobei man sich dann auch mal schneller als Schritt bewegen kann, wenn die Gesundheit dies zul\u00e4sst. Aber auch regelm\u00e4\u00dfiges Training auf dem Reitplatz, Bodenarbeit und Longieren tragen dazu bei, das \u00e4ltere Pferd k\u00f6rperlich und geistig fit zu halten.<\/p>\n\n\n\n<p>Falls Sie ein solches Pferd besitzen, dem Sie einen aktiven Ruhestand und damit ein langes, gesundes Leben g\u00f6nnen m\u00f6chten, es aber aus Zeitmangel oder sonstigen Gr\u00fcnden nicht selbst bewegen k\u00f6nnen, biete ich Ihnen gerne meine Unterst\u00fctzung an. Da ich sehr leicht bin, kann ich oft auch noch jene Pferde reiten, f\u00fcr die ein normalgewichtiger Reiter vielleicht schon zu schwer ist. Somit kann ich Ihrem Pferd nach seinen Bed\u00fcrfnissen regelm\u00e4\u00dfige Bewegung und viel Abwechslung bieten, da ich von Bodenarbeit \u00fcber Longe, Doppellonge, Gymnastizierung auf dem Reitplatz bis hin zu gem\u00fctlichen Ausritten variieren kann.<\/p>\n","protected":false},"excerpt":{"rendered":"<p>Pferde, die ihr Leben lang aktiv waren und irgendwann aus Altersgr\u00fcnden oder in Folge einer Krankheit in \u201eRente\u201c geschickt werden, gehen ganz unterschiedlich mit dieser einschneidenden Ver\u00e4nderung um. Im Optimalfall genie\u00dfen sie es, ihre Zeit in Ruhe im Kreise von Artgenossen auf der Weide zu verbringen. Es kann aber auch vorkommen, dass sie sich langweilen,&hellip;&nbsp;<\/p>\n","protected":false},"author":5,"featured_media":0,"parent":109,"menu_order":0,"comment_status":"closed","ping_status":"closed","template":"","meta":{"_acf_changed":false,"neve_meta_sidebar":"","neve_meta_container":"","neve_meta_enable_content_width":"","neve_meta_content_width":0,"neve_meta_title_alignment":"","neve_meta_author_avatar":"","neve_post_elements_order":"","neve_meta_disable_header":"","neve_meta_disable_footer":"","neve_meta_disable_title":"","neve_meta_reading_time":"","_themeisle_gutenberg_block_has_review":false,"footnotes":""},"class_list":["post-57","page","type-page","status-publish","hentry"],"acf":[],"yoast_head":"<!-- This site is optimized with the Yoast SEO plugin v27.4 - https:\/\/yoast.com\/product\/yoast-seo-wordpress\/ -->\n<title>Gesunderhaltung \u00e4lterer Pferde - isi-beritt.com<\/title>\n<meta name=\"description\" content=\"Pferdegerechte Ausbildung, Anreiten und Beritt von Islandpferden, APM am Pferd, hilfe bei einem Problempferd\" \/>\n<meta name=\"robots\" content=\"index, follow, max-snippet:-1, max-image-preview:large, max-video-preview:-1\" \/>\n<link rel=\"canonical\" href=\"https:\/\/isi-beritt.com\/index.php\/wissenswertes\/gesunderhaltung-aelterer-pferde\/\" \/>\n<meta property=\"og:locale\" content=\"de_DE\" \/>\n<meta property=\"og:type\" content=\"article\" \/>\n<meta property=\"og:title\" content=\"Gesunderhaltung \u00e4lterer Pferde - isi-beritt.com\" \/>\n<meta property=\"og:description\" content=\"Pferdegerechte Ausbildung, Anreiten und Beritt von Islandpferden, APM am Pferd, hilfe bei einem Problempferd\" \/>\n<meta property=\"og:url\" content=\"https:\/\/isi-beritt.com\/index.php\/wissenswertes\/gesunderhaltung-aelterer-pferde\/\" \/>\n<meta property=\"og:site_name\" content=\"isi-beritt.com\" \/>\n<meta property=\"article:modified_time\" content=\"2023-06-10T15:22:35+00:00\" \/>\n<meta name=\"twitter:card\" content=\"summary_large_image\" \/>\n<meta name=\"twitter:label1\" content=\"Gesch\u00e4tzte Lesezeit\" \/>\n\t<meta name=\"twitter:data1\" content=\"2\u00a0Minuten\" \/>\n<script type=\"application\/ld+json\" class=\"yoast-schema-graph\">{\"@context\":\"https:\\\/\\\/schema.org\",\"@graph\":[{\"@type\":\"WebPage\",\"@id\":\"https:\\\/\\\/isi-beritt.com\\\/index.php\\\/wissenswertes\\\/gesunderhaltung-aelterer-pferde\\\/\",\"url\":\"https:\\\/\\\/isi-beritt.com\\\/index.php\\\/wissenswertes\\\/gesunderhaltung-aelterer-pferde\\\/\",\"name\":\"Gesunderhaltung \u00e4lterer Pferde - isi-beritt.com\",\"isPartOf\":{\"@id\":\"https:\\\/\\\/isi-beritt.com\\\/#website\"},\"datePublished\":\"2019-08-27T19:06:50+00:00\",\"dateModified\":\"2023-06-10T15:22:35+00:00\",\"description\":\"Pferdegerechte Ausbildung, Anreiten und Beritt von Islandpferden, APM am Pferd, hilfe bei einem Problempferd\",\"breadcrumb\":{\"@id\":\"https:\\\/\\\/isi-beritt.com\\\/index.php\\\/wissenswertes\\\/gesunderhaltung-aelterer-pferde\\\/#breadcrumb\"},\"inLanguage\":\"de\",\"potentialAction\":[{\"@type\":\"ReadAction\",\"target\":[\"https:\\\/\\\/isi-beritt.com\\\/index.php\\\/wissenswertes\\\/gesunderhaltung-aelterer-pferde\\\/\"]}]},{\"@type\":\"BreadcrumbList\",\"@id\":\"https:\\\/\\\/isi-beritt.com\\\/index.php\\\/wissenswertes\\\/gesunderhaltung-aelterer-pferde\\\/#breadcrumb\",\"itemListElement\":[{\"@type\":\"ListItem\",\"position\":1,\"name\":\"Startseite\",\"item\":\"https:\\\/\\\/isi-beritt.com\\\/\"},{\"@type\":\"ListItem\",\"position\":2,\"name\":\"Wissenswertes\",\"item\":\"https:\\\/\\\/isi-beritt.com\\\/index.php\\\/wissenswertes\\\/\"},{\"@type\":\"ListItem\",\"position\":3,\"name\":\"Gesunderhaltung \u00e4lterer Pferde\"}]},{\"@type\":\"WebSite\",\"@id\":\"https:\\\/\\\/isi-beritt.com\\\/#website\",\"url\":\"https:\\\/\\\/isi-beritt.com\\\/\",\"name\":\"isi-beritt.com\",\"description\":\"Pferdegerechte Ausbildung, Anreiten und Beritt von Pferden, Reitunterricht nach biomechanischen Grunds\u00e4tzen, APM am Pferd, Hilfe bei einem Problempferd\",\"publisher\":{\"@id\":\"https:\\\/\\\/isi-beritt.com\\\/#organization\"},\"potentialAction\":[{\"@type\":\"SearchAction\",\"target\":{\"@type\":\"EntryPoint\",\"urlTemplate\":\"https:\\\/\\\/isi-beritt.com\\\/?s={search_term_string}\"},\"query-input\":{\"@type\":\"PropertyValueSpecification\",\"valueRequired\":true,\"valueName\":\"search_term_string\"}}],\"inLanguage\":\"de\"},{\"@type\":\"Organization\",\"@id\":\"https:\\\/\\\/isi-beritt.com\\\/#organization\",\"name\":\"isi-beritt.com\",\"url\":\"https:\\\/\\\/isi-beritt.com\\\/\",\"logo\":{\"@type\":\"ImageObject\",\"inLanguage\":\"de\",\"@id\":\"https:\\\/\\\/isi-beritt.com\\\/#\\\/schema\\\/logo\\\/image\\\/\",\"url\":\"https:\\/\\/mlicc7hvrqis.i.optimole.com\\/w:180\\/h:150\\/q:mauto\\/f:best\\/ig:avif\\/https:\\/\\/isi-beritt.com\\/wp-content\\/uploads\\/2019\\/09\\/ISI_Tolt-frei.gif\",\"contentUrl\":\"https:\\/\\/mlicc7hvrqis.i.optimole.com\\/w:180\\/h:150\\/q:mauto\\/f:best\\/ig:avif\\/https:\\/\\/isi-beritt.com\\/wp-content\\/uploads\\/2019\\/09\\/ISI_Tolt-frei.gif\",\"width\":180,\"height\":150,\"caption\":\"isi-beritt.com\"},\"image\":{\"@id\":\"https:\\\/\\\/isi-beritt.com\\\/#\\\/schema\\\/logo\\\/image\\\/\"}}]}<\/script>\n<!-- \/ Yoast SEO plugin. -->","yoast_head_json":{"title":"Gesunderhaltung \u00e4lterer Pferde - isi-beritt.com","description":"Pferdegerechte Ausbildung, Anreiten und Beritt von Islandpferden, APM am Pferd, hilfe bei einem Problempferd","robots":{"index":"index","follow":"follow","max-snippet":"max-snippet:-1","max-image-preview":"max-image-preview:large","max-video-preview":"max-video-preview:-1"},"canonical":"https:\/\/isi-beritt.com\/index.php\/wissenswertes\/gesunderhaltung-aelterer-pferde\/","og_locale":"de_DE","og_type":"article","og_title":"Gesunderhaltung \u00e4lterer Pferde - isi-beritt.com","og_description":"Pferdegerechte Ausbildung, Anreiten und Beritt von Islandpferden, APM am Pferd, hilfe bei einem Problempferd","og_url":"https:\/\/isi-beritt.com\/index.php\/wissenswertes\/gesunderhaltung-aelterer-pferde\/","og_site_name":"isi-beritt.com","article_modified_time":"2023-06-10T15:22:35+00:00","twitter_card":"summary_large_image","twitter_misc":{"Gesch\u00e4tzte Lesezeit":"2\u00a0Minuten"},"schema":{"@context":"https:\/\/schema.org","@graph":[{"@type":"WebPage","@id":"https:\/\/isi-beritt.com\/index.php\/wissenswertes\/gesunderhaltung-aelterer-pferde\/","url":"https:\/\/isi-beritt.com\/index.php\/wissenswertes\/gesunderhaltung-aelterer-pferde\/","name":"Gesunderhaltung \u00e4lterer Pferde - isi-beritt.com","isPartOf":{"@id":"https:\/\/isi-beritt.com\/#website"},"datePublished":"2019-08-27T19:06:50+00:00","dateModified":"2023-06-10T15:22:35+00:00","description":"Pferdegerechte Ausbildung, Anreiten und Beritt von Islandpferden, APM am Pferd, hilfe bei einem Problempferd","breadcrumb":{"@id":"https:\/\/isi-beritt.com\/index.php\/wissenswertes\/gesunderhaltung-aelterer-pferde\/#breadcrumb"},"inLanguage":"de","potentialAction":[{"@type":"ReadAction","target":["https:\/\/isi-beritt.com\/index.php\/wissenswertes\/gesunderhaltung-aelterer-pferde\/"]}]},{"@type":"BreadcrumbList","@id":"https:\/\/isi-beritt.com\/index.php\/wissenswertes\/gesunderhaltung-aelterer-pferde\/#breadcrumb","itemListElement":[{"@type":"ListItem","position":1,"name":"Startseite","item":"https:\/\/isi-beritt.com\/"},{"@type":"ListItem","position":2,"name":"Wissenswertes","item":"https:\/\/isi-beritt.com\/index.php\/wissenswertes\/"},{"@type":"ListItem","position":3,"name":"Gesunderhaltung \u00e4lterer Pferde"}]},{"@type":"WebSite","@id":"https:\/\/isi-beritt.com\/#website","url":"https:\/\/isi-beritt.com\/","name":"isi-beritt.com","description":"Pferdegerechte Ausbildung, Anreiten und Beritt von Pferden, Reitunterricht nach biomechanischen Grunds\u00e4tzen, APM am Pferd, Hilfe bei einem Problempferd","publisher":{"@id":"https:\/\/isi-beritt.com\/#organization"},"potentialAction":[{"@type":"SearchAction","target":{"@type":"EntryPoint","urlTemplate":"https:\/\/isi-beritt.com\/?s={search_term_string}"},"query-input":{"@type":"PropertyValueSpecification","valueRequired":true,"valueName":"search_term_string"}}],"inLanguage":"de"},{"@type":"Organization","@id":"https:\/\/isi-beritt.com\/#organization","name":"isi-beritt.com","url":"https:\/\/isi-beritt.com\/","logo":{"@type":"ImageObject","inLanguage":"de","@id":"https:\/\/isi-beritt.com\/#\/schema\/logo\/image\/","url":"https:\/\/mlicc7hvrqis.i.optimole.com\/w:180\/h:150\/q:mauto\/f:best\/ig:avif\/https:\/\/isi-beritt.com\/wp-content\/uploads\/2019\/09\/ISI_Tolt-frei.gif","contentUrl":"https:\/\/mlicc7hvrqis.i.optimole.com\/w:180\/h:150\/q:mauto\/f:best\/ig:avif\/https:\/\/isi-beritt.com\/wp-content\/uploads\/2019\/09\/ISI_Tolt-frei.gif","width":180,"height":150,"caption":"isi-beritt.com"},"image":{"@id":"https:\/\/isi-beritt.com\/#\/schema\/logo\/image\/"}}]}},"publishpress_future_action":{"enabled":false,"date":"2026-04-24 06:57:40","action":"change-status","newStatus":"draft","terms":[],"taxonomy":"","extraData":[]},"publishpress_future_workflow_manual_trigger":{"enabledWorkflows":[]},"_links":{"self":[{"href":"https:\/\/isi-beritt.com\/index.php\/wp-json\/wp\/v2\/pages\/57","targetHints":{"allow":["GET"]}}],"collection":[{"href":"https:\/\/isi-beritt.com\/index.php\/wp-json\/wp\/v2\/pages"}],"about":[{"href":"https:\/\/isi-beritt.com\/index.php\/wp-json\/wp\/v2\/types\/page"}],"author":[{"embeddable":true,"href":"https:\/\/isi-beritt.com\/index.php\/wp-json\/wp\/v2\/users\/5"}],"replies":[{"embeddable":true,"href":"https:\/\/isi-beritt.com\/index.php\/wp-json\/wp\/v2\/comments?post=57"}],"version-history":[{"count":1,"href":"https:\/\/isi-beritt.com\/index.php\/wp-json\/wp\/v2\/pages\/57\/revisions"}],"predecessor-version":[{"id":1500,"href":"https:\/\/isi-beritt.com\/index.php\/wp-json\/wp\/v2\/pages\/57\/revisions\/1500"}],"up":[{"embeddable":true,"href":"https:\/\/isi-beritt.com\/index.php\/wp-json\/wp\/v2\/pages\/109"}],"wp:attachment":[{"href":"https:\/\/isi-beritt.com\/index.php\/wp-json\/wp\/v2\/media?parent=57"}],"curies":[{"name":"wp","href":"https:\/\/api.w.org\/{rel}","templated":true}]}}