{"id":61,"date":"2019-08-27T20:07:15","date_gmt":"2019-08-27T19:07:15","guid":{"rendered":"http:\/\/isi-beritt.homepage.t-online.de\/wordpress?page_id=61"},"modified":"2023-06-10T16:22:53","modified_gmt":"2023-06-10T15:22:53","slug":"apm-akupunktmassage-am-pferd","status":"publish","type":"page","link":"https:\/\/isi-beritt.com\/index.php\/wissenswertes\/gesunderhaltung-aelterer-pferde\/apm-akupunktmassage-am-pferd\/","title":{"rendered":"APM-Akupunktmassage am Pferd"},"content":{"rendered":"<div class=\"breadcrumbs align  wp-block-bcn-breadcrumb-trail has-text-color has-background\" vocab=\"https:\/\/schema.org\/\" typeof=\"BreadcrumbList\">\n\t<span><\/span>\n\t<span property=\"itemListElement\" typeof=\"ListItem\"><a property=\"item\" typeof=\"WebPage\" title=\"Go to isi-beritt.com.\" href=\"https:\/\/isi-beritt.com\" class=\"home\" aria-current=\"page\"><span property=\"name\">isi-beritt.com<\/span><\/a><meta property=\"position\" content=\"1\"><\/span><\/div>\n\n\n\n<p><\/p>\n\n\n\n<p>Bei der APM handelt es sich um eine sanfte Therapiemethode ohne Benadelung, die ihre Urspr\u00fcnge in der traditionellen chinesischen Medizin (TCM) hat und in den 80er und 90er Jahren des letzten Jahrhunderts vom Menschen auf das Tier \u00fcbertragen und weiterentwickelt wurde. Sie begr\u00fcndet sich auf der fern\u00f6stlichen Sichtweise, dass im K\u00f6rper ein Energiefluss besteht. Hierbei flie\u00dft die Energie entlang der Meridiane, was in einem gesunden Organismus zu einer gleichm\u00e4\u00dfigen Verteilung der Energie im gesamten K\u00f6rper f\u00fchrt, die sich in stetiger Bewegung befindet. Diese frei flie\u00dfende Energie wirkt gleicherma\u00dfen als \u201einnerer Arzt\u201c, der den Organismus gesund erh\u00e4lt.<\/p>\n\n\n\n<div class=\"wp-block-image\"><figure class=\"aligncenter size-large\"><a href=\"https:\/\/mlicc7hvrqis.i.optimole.com\/w:auto\/h:auto\/q:mauto\/f:best\/ig:avif\/https:\/\/isi-beritt.com\/wp-content\/uploads\/2020\/01\/dsc_3264.jpg\" target=\"_blank\" rel=\"noopener noreferrer\"><img data-opt-id=1475471623  fetchpriority=\"high\" decoding=\"async\" width=\"294\" height=\"198\" src=\"https:\/\/mlicc7hvrqis.i.optimole.com\/w:auto\/h:auto\/q:mauto\/f:best\/ig:avif\/https:\/\/isi-beritt.com\/wp-content\/uploads\/2020\/01\/dsc_3264.jpg\" alt=\"APM am Pferd\" class=\"wp-image-600\"\/><\/a><\/figure><\/div>\n\n\n\n<p>\u201eKrankheit ist eine St\u00f6rung des Energieflusses\u201c, davon war Willy Penzel (1918 bis 1985), der Begr\u00fcnder der APM im europ\u00e4ischen Raum, \u00fcberzeugt. Stellt man sich die Energie als ein flie\u00dfendes System vor, \u00e4hnlich dem Wasser in einem Flussbett, so kann man sich auch leicht ausmalen, dass durch Verunreinigungen oder Staud\u00e4mme innerhalb dieses Flussbettes Barrieren geschaffen werden k\u00f6nnen, die ein st\u00f6rungsfreies Weiterflie\u00dfen behindern. Es wird sich vor einem Staudamm zu viel Wasser ansammeln, w\u00e4hrend es dahinter eher einem Mangel an Wasser gleichkommt. \u00dcbertragen auf den Energiefluss sprechen wir von F\u00fclle- bzw. Leerezust\u00e4nden, die es mit Hilfe der APM zu therapieren gilt, um wieder zu einem gleichm\u00e4\u00dfig und frei flie\u00dfenden Energiezustand zu gelangen.<\/p>\n\n\n\n<p>Kaum ein Organismus bleibt im Laufe der Zeit unbeeintr\u00e4chtigt von solchen Barrieren, die den Energiefluss behindern. Gr\u00fcnde f\u00fcr Energieflussst\u00f6rungen k\u00f6nnen Verletzungen, Unf\u00e4lle oder auch Traumata sein, also Begebenheiten, die sich physisch oder psychisch im K\u00f6rper auswirken und damit Energief\u00fclle- oder Energieleerezust\u00e4nde hinterlassen, welche unbehandelt ein Leben lang einfach da sind. Allerdings wird sich nicht jede Flussst\u00f6rung gleich in einem bestimmten Krankheitsbild manifestieren. Manchmal trifft der Therapeut auf ein Sammelsurium dieser F\u00fclle- und Leerezust\u00e4nde bis sich eine Krankheit physischer oder psychischer Art bemerkbar macht, und muss zun\u00e4chst einmal mit Hilfe der Spannungsausgleichsmassage Ordnung im Durcheinander des Energiehaushalts schaffen; die den Fluss behindernden Barrieren sozusagen zur Seite r\u00e4umen. Nicht zu untersch\u00e4tzen beim Pferd sind Energieflussst\u00f6rungen durch Narben, wozu auch das Brandzeichen, der eingespritzte Chip oder bei Wallachen die Kastrationsnarbe z\u00e4hlen, ebenso Kron- und Ballentritte, die sonst leicht \u00fcbersehen werden.<\/p>\n\n\n\n<p>M\u00f6chte man sein Pferd mittels APM therapieren lassen, sollte man beachten, dass das Pferd vorher weder geputzt noch warmgeritten oder \u2013longiert werden darf. Bei der Befunderhebung, die zu Beginn jeder Therapieeinheit steht, wird der gesamte K\u00f6rper des Pferdes auf F\u00fclle- bzw. Leerezust\u00e4nde hin untersucht und anhand dieses Ergebnisses erfolgt dann die Therapie. Hierbei werden mit sanftem Druck mit Hilfe eines Massagest\u00e4bchens oder auch einer B\u00fcrste jene Meridiane stimuliert, die zu wenig Energie f\u00fchren und F\u00fcllezust\u00e4nde werden \u00fcber die Meridiane in Flie\u00dfrichtung abgeleitet. Sollten mehrere Energieflussst\u00f6rungen vorliegen, wird zun\u00e4chst die gravierendste behandelt. Anders als in der westlichen Medizin ist es hierbei unerheblich wie sich das Krankheitsbild \u00e4u\u00dfert, denn es werden nicht die Symptome behandelt, sondern das gesamte System des Energieflusses wird durch die Spannungsausgleichsmassage harmonisiert und der \u201einnere Arzt\u201c damit sozusagen aktiviert. Ein K\u00f6rper mit ungehindert gleichm\u00e4\u00dfig flie\u00dfender Energie ist somit die Grundlage f\u00fcr Gesundheit, emotionale Ausgeglichenheit und Lebensfreude.<\/p>\n\n\n\n<h4 class=\"wp-block-heading\">  APM \u2013 Ein Selbstversuch  <\/h4>\n\n\n\n<p class=\"has-medium-font-size\">Nachdem ich den Lehrgang APM am Pferd besucht hatte und auch schon erste Behandlungserfolge mit der Spannungsausgleichsmassage erzielen konnte, hat es mich doch sehr besch\u00e4ftigt wie sich so eine Therapie f\u00fcr das Pferd wohl anf\u00fchlt. So bin ich auf die Suche gegangen und habe mich nach Therapeuten umgesehen, die APM-Behandlungen am Menschen durchf\u00fchren. Um so gut wie m\u00f6glich einen Vergleich ziehen zu k\u00f6nnen, habe ich mich f\u00fcr einen Therapeuten entschieden, der nach der gleichen Methode vorgeht wie ich sie anwende:<\/p>\n\n\n\n<p>Am Anfang stand das Lokalisieren von F\u00fclle- und Leere-Zust\u00e4nden im K\u00f6rper und danach arbeitete der Therapeut&nbsp; an der Energieharmonisierung mittels SAM (Spannungsausgleichsmassage). In meinem Falle lautete der Befund: \u201eextreme Leere im oberen R\u00fccken, v.a. im Brustwirbels\u00e4ulenbereich\u201c. Der Therapeut hat dann die entsprechenden Meridiane mit dem St\u00e4bchen gezogen. Interessanterweise konnte ich einzelne Meridiane anhand ihrer Lage wiedererkennen, da ihr Verlauf vergleichbar mit den entsprechenden Meridianen am Pferd ist.<\/p>\n\n\n\n<p>Nach der Behandlung habe ich erst einmal eine angenehme W\u00e4rme in den behandelten K\u00f6rperstellen gef\u00fchlt, ob das nun auf die direkte Ber\u00fchrung der Massage zur\u00fcckzuf\u00fchren ist, oder ob sich da schon flie\u00dfende Energie gemeldet hat, ist schwer zu sagen. Was allerdings meines Erachtens au\u00dfergew\u00f6hnlich war, war die Tatsache, dass ich \u00fcberall auf der Haut so eine Art sanftes Kribbeln gef\u00fchlt habe, so als ob ein warmer Wind dar\u00fcber haucht, und das nicht nur entlang der behandelten Meridiane.<\/p>\n\n\n\n<p>Ich wurde darauf hingewiesen, dass sich der Energieausgleich im Laufe der n\u00e4chsten 2 Tage einpendeln w\u00fcrde. (Beim Pferd dauert die Harmonisierung nach dem Ebbe-Flut-Effekt etwa 3 Tage.)<br>Im Laufe des Abends war auch wirklich zu f\u00fchlen wie die Extremit\u00e4ten mal k\u00e4lter und mal w\u00e4rmer wurden. Und jetzt kommt der Hammer: Ich war ja zu der Behandlung gegangen aus reinem Interesse daran zu erkunden wie behandelte Pferde sich f\u00fchlen, obwohl ich sagen w\u00fcrde, dass ich gesund bin und es mir eigentlich gut geht. Jedenfalls, als ich am Morgen danach aufgewacht bin, stellte ich \u00fcberrascht fest, dass mir gar nichts weh tat! \u00dcblicherweise hatte ich solange ich denken kann beim Aufwachen immer R\u00fcckenschmerzen im Bereich der Brustwirbels\u00e4ule, die erst vergangen sind, wenn ich aufgestanden bin und mich bewegt hatte, weshalb ich auch noch nie lange im Bett liegen bleiben konnte. Aber das war f\u00fcr mich schon so zur Normalit\u00e4t geworden, dass ich mir nie Gedanken dar\u00fcber gemacht habe, und an diesem Morgen merkte ich dann doch tats\u00e4chlich sehr bewusst, dass mein R\u00fccken zum ersten Mal nicht schmerzt, wenn ich aufwache! Ich bin von der Wirkung dieser APM-Behandlung wirklich \u00fcberw\u00e4ltigt!<\/p>\n","protected":false},"excerpt":{"rendered":"<p>Bei der APM handelt es sich um eine sanfte Therapiemethode ohne Benadelung, die ihre Urspr\u00fcnge in der traditionellen chinesischen Medizin (TCM) hat und in den 80er und 90er Jahren des letzten Jahrhunderts vom Menschen auf das Tier \u00fcbertragen und weiterentwickelt wurde. Sie begr\u00fcndet sich auf der fern\u00f6stlichen Sichtweise, dass im K\u00f6rper ein Energiefluss besteht. Hierbei&hellip;&nbsp;<\/p>\n","protected":false},"author":5,"featured_media":0,"parent":57,"menu_order":0,"comment_status":"closed","ping_status":"closed","template":"","meta":{"_acf_changed":false,"neve_meta_sidebar":"","neve_meta_container":"","neve_meta_enable_content_width":"","neve_meta_content_width":0,"neve_meta_title_alignment":"","neve_meta_author_avatar":"","neve_post_elements_order":"","neve_meta_disable_header":"","neve_meta_disable_footer":"","neve_meta_disable_title":"","neve_meta_reading_time":"","_themeisle_gutenberg_block_has_review":false,"footnotes":""},"class_list":["post-61","page","type-page","status-publish","hentry"],"acf":[],"yoast_head":"<!-- This site is optimized with the Yoast SEO plugin v27.4 - https:\/\/yoast.com\/product\/yoast-seo-wordpress\/ -->\n<title>APM-Akupunktmassage am Pferd - isi-beritt.com<\/title>\n<meta name=\"description\" content=\"Pferdegerechte Ausbildung, Anreiten und Beritt von Islandpferden, APM am Pferd, hilfe bei einem Problempferd\" \/>\n<meta name=\"robots\" content=\"index, follow, max-snippet:-1, max-image-preview:large, max-video-preview:-1\" \/>\n<link rel=\"canonical\" href=\"https:\/\/isi-beritt.com\/index.php\/wissenswertes\/gesunderhaltung-aelterer-pferde\/apm-akupunktmassage-am-pferd\/\" \/>\n<meta property=\"og:locale\" content=\"de_DE\" \/>\n<meta property=\"og:type\" content=\"article\" \/>\n<meta property=\"og:title\" content=\"APM-Akupunktmassage am Pferd - isi-beritt.com\" \/>\n<meta property=\"og:description\" content=\"Pferdegerechte Ausbildung, Anreiten und Beritt von Islandpferden, APM am Pferd, hilfe bei einem Problempferd\" \/>\n<meta property=\"og:url\" content=\"https:\/\/isi-beritt.com\/index.php\/wissenswertes\/gesunderhaltung-aelterer-pferde\/apm-akupunktmassage-am-pferd\/\" \/>\n<meta property=\"og:site_name\" content=\"isi-beritt.com\" \/>\n<meta property=\"article:modified_time\" content=\"2023-06-10T15:22:53+00:00\" \/>\n<meta property=\"og:image\" content=\"https:\/\/mlicc7hvrqis.i.optimole.com\/w:auto\/h:auto\/q:mauto\/f:best\/ig:avif\/https:\/\/isi-beritt.com\/wp-content\/uploads\/2020\/01\/dsc_3264.jpg\" \/>\n<meta name=\"twitter:card\" content=\"summary_large_image\" \/>\n<meta name=\"twitter:label1\" content=\"Gesch\u00e4tzte Lesezeit\" \/>\n\t<meta name=\"twitter:data1\" content=\"5\u00a0Minuten\" \/>\n<script type=\"application\/ld+json\" class=\"yoast-schema-graph\">{\"@context\":\"https:\\\/\\\/schema.org\",\"@graph\":[{\"@type\":\"WebPage\",\"@id\":\"https:\\\/\\\/isi-beritt.com\\\/index.php\\\/wissenswertes\\\/gesunderhaltung-aelterer-pferde\\\/apm-akupunktmassage-am-pferd\\\/\",\"url\":\"https:\\\/\\\/isi-beritt.com\\\/index.php\\\/wissenswertes\\\/gesunderhaltung-aelterer-pferde\\\/apm-akupunktmassage-am-pferd\\\/\",\"name\":\"APM-Akupunktmassage am Pferd - isi-beritt.com\",\"isPartOf\":{\"@id\":\"https:\\\/\\\/isi-beritt.com\\\/#website\"},\"primaryImageOfPage\":{\"@id\":\"https:\\\/\\\/isi-beritt.com\\\/index.php\\\/wissenswertes\\\/gesunderhaltung-aelterer-pferde\\\/apm-akupunktmassage-am-pferd\\\/#primaryimage\"},\"image\":{\"@id\":\"https:\\\/\\\/isi-beritt.com\\\/index.php\\\/wissenswertes\\\/gesunderhaltung-aelterer-pferde\\\/apm-akupunktmassage-am-pferd\\\/#primaryimage\"},\"thumbnailUrl\":\"https:\\/\\/isi-beritt.com\\/wp-content\\/uploads\\/2020\\/01\\/dsc_3264.jpg\",\"datePublished\":\"2019-08-27T19:07:15+00:00\",\"dateModified\":\"2023-06-10T15:22:53+00:00\",\"description\":\"Pferdegerechte Ausbildung, Anreiten und Beritt von Islandpferden, APM am Pferd, hilfe bei einem Problempferd\",\"breadcrumb\":{\"@id\":\"https:\\\/\\\/isi-beritt.com\\\/index.php\\\/wissenswertes\\\/gesunderhaltung-aelterer-pferde\\\/apm-akupunktmassage-am-pferd\\\/#breadcrumb\"},\"inLanguage\":\"de\",\"potentialAction\":[{\"@type\":\"ReadAction\",\"target\":[\"https:\\\/\\\/isi-beritt.com\\\/index.php\\\/wissenswertes\\\/gesunderhaltung-aelterer-pferde\\\/apm-akupunktmassage-am-pferd\\\/\"]}]},{\"@type\":\"ImageObject\",\"inLanguage\":\"de\",\"@id\":\"https:\\\/\\\/isi-beritt.com\\\/index.php\\\/wissenswertes\\\/gesunderhaltung-aelterer-pferde\\\/apm-akupunktmassage-am-pferd\\\/#primaryimage\",\"url\":\"https:\\/\\/isi-beritt.com\\/wp-content\\/uploads\\/2020\\/01\\/dsc_3264.jpg\",\"contentUrl\":\"https:\\/\\/isi-beritt.com\\/wp-content\\/uploads\\/2020\\/01\\/dsc_3264.jpg\",\"width\":294,\"height\":198,\"caption\":\"APM am Pferd\"},{\"@type\":\"BreadcrumbList\",\"@id\":\"https:\\\/\\\/isi-beritt.com\\\/index.php\\\/wissenswertes\\\/gesunderhaltung-aelterer-pferde\\\/apm-akupunktmassage-am-pferd\\\/#breadcrumb\",\"itemListElement\":[{\"@type\":\"ListItem\",\"position\":1,\"name\":\"Startseite\",\"item\":\"https:\\\/\\\/isi-beritt.com\\\/\"},{\"@type\":\"ListItem\",\"position\":2,\"name\":\"Wissenswertes\",\"item\":\"https:\\\/\\\/isi-beritt.com\\\/index.php\\\/wissenswertes\\\/\"},{\"@type\":\"ListItem\",\"position\":3,\"name\":\"Gesunderhaltung \u00e4lterer Pferde\",\"item\":\"https:\\\/\\\/isi-beritt.com\\\/index.php\\\/wissenswertes\\\/gesunderhaltung-aelterer-pferde\\\/\"},{\"@type\":\"ListItem\",\"position\":4,\"name\":\"APM-Akupunktmassage am Pferd\"}]},{\"@type\":\"WebSite\",\"@id\":\"https:\\\/\\\/isi-beritt.com\\\/#website\",\"url\":\"https:\\\/\\\/isi-beritt.com\\\/\",\"name\":\"isi-beritt.com\",\"description\":\"Pferdegerechte Ausbildung, Anreiten und Beritt von Pferden, Reitunterricht nach biomechanischen Grunds\u00e4tzen, APM am Pferd, Hilfe bei einem Problempferd\",\"publisher\":{\"@id\":\"https:\\\/\\\/isi-beritt.com\\\/#organization\"},\"potentialAction\":[{\"@type\":\"SearchAction\",\"target\":{\"@type\":\"EntryPoint\",\"urlTemplate\":\"https:\\\/\\\/isi-beritt.com\\\/?s={search_term_string}\"},\"query-input\":{\"@type\":\"PropertyValueSpecification\",\"valueRequired\":true,\"valueName\":\"search_term_string\"}}],\"inLanguage\":\"de\"},{\"@type\":\"Organization\",\"@id\":\"https:\\\/\\\/isi-beritt.com\\\/#organization\",\"name\":\"isi-beritt.com\",\"url\":\"https:\\\/\\\/isi-beritt.com\\\/\",\"logo\":{\"@type\":\"ImageObject\",\"inLanguage\":\"de\",\"@id\":\"https:\\\/\\\/isi-beritt.com\\\/#\\\/schema\\\/logo\\\/image\\\/\",\"url\":\"https:\\/\\/mlicc7hvrqis.i.optimole.com\\/w:180\\/h:150\\/q:mauto\\/f:best\\/ig:avif\\/https:\\/\\/isi-beritt.com\\/wp-content\\/uploads\\/2019\\/09\\/ISI_Tolt-frei.gif\",\"contentUrl\":\"https:\\/\\/mlicc7hvrqis.i.optimole.com\\/w:180\\/h:150\\/q:mauto\\/f:best\\/ig:avif\\/https:\\/\\/isi-beritt.com\\/wp-content\\/uploads\\/2019\\/09\\/ISI_Tolt-frei.gif\",\"width\":180,\"height\":150,\"caption\":\"isi-beritt.com\"},\"image\":{\"@id\":\"https:\\\/\\\/isi-beritt.com\\\/#\\\/schema\\\/logo\\\/image\\\/\"}}]}<\/script>\n<!-- \/ Yoast SEO plugin. -->","yoast_head_json":{"title":"APM-Akupunktmassage am Pferd - isi-beritt.com","description":"Pferdegerechte Ausbildung, Anreiten und Beritt von Islandpferden, APM am Pferd, hilfe bei einem Problempferd","robots":{"index":"index","follow":"follow","max-snippet":"max-snippet:-1","max-image-preview":"max-image-preview:large","max-video-preview":"max-video-preview:-1"},"canonical":"https:\/\/isi-beritt.com\/index.php\/wissenswertes\/gesunderhaltung-aelterer-pferde\/apm-akupunktmassage-am-pferd\/","og_locale":"de_DE","og_type":"article","og_title":"APM-Akupunktmassage am Pferd - isi-beritt.com","og_description":"Pferdegerechte Ausbildung, Anreiten und Beritt von Islandpferden, APM am Pferd, hilfe bei einem Problempferd","og_url":"https:\/\/isi-beritt.com\/index.php\/wissenswertes\/gesunderhaltung-aelterer-pferde\/apm-akupunktmassage-am-pferd\/","og_site_name":"isi-beritt.com","article_modified_time":"2023-06-10T15:22:53+00:00","og_image":[{"url":"https:\/\/mlicc7hvrqis.i.optimole.com\/w:auto\/h:auto\/q:mauto\/f:best\/ig:avif\/https:\/\/isi-beritt.com\/wp-content\/uploads\/2020\/01\/dsc_3264.jpg","type":"","width":"","height":""}],"twitter_card":"summary_large_image","twitter_misc":{"Gesch\u00e4tzte Lesezeit":"5\u00a0Minuten"},"schema":{"@context":"https:\/\/schema.org","@graph":[{"@type":"WebPage","@id":"https:\/\/isi-beritt.com\/index.php\/wissenswertes\/gesunderhaltung-aelterer-pferde\/apm-akupunktmassage-am-pferd\/","url":"https:\/\/isi-beritt.com\/index.php\/wissenswertes\/gesunderhaltung-aelterer-pferde\/apm-akupunktmassage-am-pferd\/","name":"APM-Akupunktmassage am Pferd - isi-beritt.com","isPartOf":{"@id":"https:\/\/isi-beritt.com\/#website"},"primaryImageOfPage":{"@id":"https:\/\/isi-beritt.com\/index.php\/wissenswertes\/gesunderhaltung-aelterer-pferde\/apm-akupunktmassage-am-pferd\/#primaryimage"},"image":{"@id":"https:\/\/isi-beritt.com\/index.php\/wissenswertes\/gesunderhaltung-aelterer-pferde\/apm-akupunktmassage-am-pferd\/#primaryimage"},"thumbnailUrl":"https:\/\/mlicc7hvrqis.i.optimole.com\/w:auto\/h:auto\/q:mauto\/f:best\/ig:avif\/https:\/\/isi-beritt.com\/wp-content\/uploads\/2020\/01\/dsc_3264.jpg","datePublished":"2019-08-27T19:07:15+00:00","dateModified":"2023-06-10T15:22:53+00:00","description":"Pferdegerechte Ausbildung, Anreiten und Beritt von Islandpferden, APM am Pferd, hilfe bei einem Problempferd","breadcrumb":{"@id":"https:\/\/isi-beritt.com\/index.php\/wissenswertes\/gesunderhaltung-aelterer-pferde\/apm-akupunktmassage-am-pferd\/#breadcrumb"},"inLanguage":"de","potentialAction":[{"@type":"ReadAction","target":["https:\/\/isi-beritt.com\/index.php\/wissenswertes\/gesunderhaltung-aelterer-pferde\/apm-akupunktmassage-am-pferd\/"]}]},{"@type":"ImageObject","inLanguage":"de","@id":"https:\/\/isi-beritt.com\/index.php\/wissenswertes\/gesunderhaltung-aelterer-pferde\/apm-akupunktmassage-am-pferd\/#primaryimage","url":"https:\/\/mlicc7hvrqis.i.optimole.com\/w:auto\/h:auto\/q:mauto\/f:best\/ig:avif\/https:\/\/isi-beritt.com\/wp-content\/uploads\/2020\/01\/dsc_3264.jpg","contentUrl":"https:\/\/mlicc7hvrqis.i.optimole.com\/w:auto\/h:auto\/q:mauto\/f:best\/ig:avif\/https:\/\/isi-beritt.com\/wp-content\/uploads\/2020\/01\/dsc_3264.jpg","width":294,"height":198,"caption":"APM am Pferd"},{"@type":"BreadcrumbList","@id":"https:\/\/isi-beritt.com\/index.php\/wissenswertes\/gesunderhaltung-aelterer-pferde\/apm-akupunktmassage-am-pferd\/#breadcrumb","itemListElement":[{"@type":"ListItem","position":1,"name":"Startseite","item":"https:\/\/isi-beritt.com\/"},{"@type":"ListItem","position":2,"name":"Wissenswertes","item":"https:\/\/isi-beritt.com\/index.php\/wissenswertes\/"},{"@type":"ListItem","position":3,"name":"Gesunderhaltung \u00e4lterer Pferde","item":"https:\/\/isi-beritt.com\/index.php\/wissenswertes\/gesunderhaltung-aelterer-pferde\/"},{"@type":"ListItem","position":4,"name":"APM-Akupunktmassage am Pferd"}]},{"@type":"WebSite","@id":"https:\/\/isi-beritt.com\/#website","url":"https:\/\/isi-beritt.com\/","name":"isi-beritt.com","description":"Pferdegerechte Ausbildung, Anreiten und Beritt von Pferden, Reitunterricht nach biomechanischen Grunds\u00e4tzen, APM am Pferd, Hilfe bei einem Problempferd","publisher":{"@id":"https:\/\/isi-beritt.com\/#organization"},"potentialAction":[{"@type":"SearchAction","target":{"@type":"EntryPoint","urlTemplate":"https:\/\/isi-beritt.com\/?s={search_term_string}"},"query-input":{"@type":"PropertyValueSpecification","valueRequired":true,"valueName":"search_term_string"}}],"inLanguage":"de"},{"@type":"Organization","@id":"https:\/\/isi-beritt.com\/#organization","name":"isi-beritt.com","url":"https:\/\/isi-beritt.com\/","logo":{"@type":"ImageObject","inLanguage":"de","@id":"https:\/\/isi-beritt.com\/#\/schema\/logo\/image\/","url":"https:\/\/mlicc7hvrqis.i.optimole.com\/w:180\/h:150\/q:mauto\/f:best\/ig:avif\/https:\/\/isi-beritt.com\/wp-content\/uploads\/2019\/09\/ISI_Tolt-frei.gif","contentUrl":"https:\/\/mlicc7hvrqis.i.optimole.com\/w:180\/h:150\/q:mauto\/f:best\/ig:avif\/https:\/\/isi-beritt.com\/wp-content\/uploads\/2019\/09\/ISI_Tolt-frei.gif","width":180,"height":150,"caption":"isi-beritt.com"},"image":{"@id":"https:\/\/isi-beritt.com\/#\/schema\/logo\/image\/"}}]}},"publishpress_future_action":{"enabled":false,"date":"2026-04-24 06:58:09","action":"change-status","newStatus":"draft","terms":[],"taxonomy":"","extraData":[]},"publishpress_future_workflow_manual_trigger":{"enabledWorkflows":[]},"_links":{"self":[{"href":"https:\/\/isi-beritt.com\/index.php\/wp-json\/wp\/v2\/pages\/61","targetHints":{"allow":["GET"]}}],"collection":[{"href":"https:\/\/isi-beritt.com\/index.php\/wp-json\/wp\/v2\/pages"}],"about":[{"href":"https:\/\/isi-beritt.com\/index.php\/wp-json\/wp\/v2\/types\/page"}],"author":[{"embeddable":true,"href":"https:\/\/isi-beritt.com\/index.php\/wp-json\/wp\/v2\/users\/5"}],"replies":[{"embeddable":true,"href":"https:\/\/isi-beritt.com\/index.php\/wp-json\/wp\/v2\/comments?post=61"}],"version-history":[{"count":1,"href":"https:\/\/isi-beritt.com\/index.php\/wp-json\/wp\/v2\/pages\/61\/revisions"}],"predecessor-version":[{"id":1501,"href":"https:\/\/isi-beritt.com\/index.php\/wp-json\/wp\/v2\/pages\/61\/revisions\/1501"}],"up":[{"embeddable":true,"href":"https:\/\/isi-beritt.com\/index.php\/wp-json\/wp\/v2\/pages\/57"}],"wp:attachment":[{"href":"https:\/\/isi-beritt.com\/index.php\/wp-json\/wp\/v2\/media?parent=61"}],"curies":[{"name":"wp","href":"https:\/\/api.w.org\/{rel}","templated":true}]}}