{"id":71,"date":"2019-08-27T20:08:58","date_gmt":"2019-08-27T19:08:58","guid":{"rendered":"http:\/\/isi-beritt.homepage.t-online.de\/wordpress?page_id=71"},"modified":"2023-06-10T16:25:24","modified_gmt":"2023-06-10T15:25:24","slug":"persoenliches","status":"publish","type":"page","link":"https:\/\/isi-beritt.com\/index.php\/kontakt\/persoenliches\/","title":{"rendered":"Pers&ouml;nliches"},"content":{"rendered":"<div class=\"breadcrumbs align  wp-block-bcn-breadcrumb-trail has-text-color has-background\" vocab=\"https:\/\/schema.org\/\" typeof=\"BreadcrumbList\">\n\t<span><\/span>\n\t<span property=\"itemListElement\" typeof=\"ListItem\"><a property=\"item\" typeof=\"WebPage\" title=\"Go to isi-beritt.com.\" href=\"https:\/\/isi-beritt.com\" class=\"home\" aria-current=\"page\"><span property=\"name\">isi-beritt.com<\/span><\/a><meta property=\"position\" content=\"1\"><\/span><\/div>\n\n\n\n<p>Tja, hier sollte ich nun mich selbst einmal vorstellen. Aber was gibt es da Wichtiges zu sagen?<\/p>\n\n\n\n<p>Vielleicht ist meine wichtigste Eigenschaft die Tierliebe, die somit das Fundament f\u00fcr meinen Einsatz f\u00fcr die Tiere bildet. Das Interesse f\u00fcr Pferde habe ich schon fr\u00fch entdeckt, als eine Freundin mich in der ersten Klasse zum Ponyreiten mitnahm. Fortan war ich vom \u201ePferdevirus\u201c befallen und konnte mir nichts Sch\u00f6neres mehr vorstellen.<\/p>\n\n\n\n<p>Als ich w\u00e4hrend der Projektwochen in der Unterstufe am Gymnasium im Rahmen des Projekts \u201eRund ums Pferd\u201c zum ersten Mal einen Isl\u00e4nderhof besuchen durfte, wurde mein Wunsch noch konkreter: Diese kleinen kompakten Isis mit der \u00fcppigen M\u00e4hne und ihrem speziellen Wesen entsprachen genau meinem Idealbild eines Pferdes! Sp\u00e4testens jetzt war mein Wunsch nach einem eigenen Islandpony geboren.<\/p>\n\n\n\n<p>So oft es ging (und meine Eltern mich fahren wollten) ging ich reiten, aber auch das ganze Drumherum war ebenfalls spannend f\u00fcr mich. Anders als manche anderen Kinder fand ich auch das Pferdeputzen immer ganz toll, weil mir auffiel wie es die Pferde genie\u00dfen k\u00f6nnen, wenn man sich mit Liebe um sie k\u00fcmmert.<\/p>\n\n\n\n<p>Sehr intensiv wurde mein Kontakt zu den Pferden, als ich w\u00e4hrend des Studiums regelm\u00e4\u00dfig auf einem Isl\u00e4nderhof aushalf. W\u00e4hrend mehr als vier Jahren mistete ich jeden Samstag die St\u00e4lle und bekam daf\u00fcr Reitunterricht oder durfte mit den Pferden ausreiten gehen. Beinahe t\u00e4glich hielt ich mich nun im Stall auf. Bald hatte ich nun auch ein Reitbeteiligungspferd und k\u00fcmmerte mich ebenso gerne um alle anderen Pferde im Stall, die dies n\u00f6tig hatten. Ich habe einen Asthmatiker inhaliert, mit Pferden mit R\u00fcckenproblemen Gymnastik gemacht und bei fast jedem Schmiedtermin die Hufe der Schulpferde aufgehoben.<\/p>\n\n\n\n<p>Da ich nicht sehr schwer bin, durfte ich auch jene Isis reiten, die sonst des Alters wegen oder nach Beinverletzungen nur noch f\u00fcr die Kinderreitstunden eingesetzt wurden. Und es war sch\u00f6n zu sehen, dass ich damit bei diesen Pferden auch wirklich etwas bewirken konnte: Selbst ein 27-j\u00e4hriger Schweinepasser kann locker traben lernen, die Beine von ehemals verletzten Pferden k\u00f6nnen mit Geduld wieder gekr\u00e4ftigt werden und jedes Pferd freut sich, wenn man ihm Zuwendung schenkt. Auch die Ausritte mit meinen Sch\u00fctzlingen haben sowohl ihnen als auch mir immer gefallen. Ich hatte sogar den Eindruck, dass manches Pferd nach einiger Zeit aus einer Art Lethargie erwacht ist und wieder mehr Spa\u00df am Leben bekam und gerne mit mir zusammen gearbeitet hat.<\/p>\n\n\n\n<p>Es hat nicht lange gedauert bis ich auch die M\u00f6glichkeit bekam, mich als erster Reiter auf ein Jungpferd zu setzen. Einerseits bot sich dies an, weil ich mit einem Gewicht von 48&nbsp;kg sehr leicht bin und andererseits auch ausreichend Mut und Pferdeverstand mitbrachte. Anfangs wurde ich longiert oder gef\u00fchrt und durfte sp\u00e4ter unter Anleitung der Reitlehrerin alleine reiten. Ich konnte recht schnell immer selbst\u00e4ndiger arbeiten bis ich dann die Jungpferde alleine ausbildete, wobei ich viele Erfahrungen sammeln konnte. Ich merkte, dass es genau das war, was ich mir immer gew\u00fcnscht hatte: Mit den Pferden zusammen etwas zu erarbeiten, was sowohl den Pferden als auch den Besitzern zugute kommt und die Harmonie zwischen Mensch und Pferd wachsen l\u00e4sst.<\/p>\n\n\n\n<p>Als eines Tages eine tr\u00e4chtige rohe Stute auf den Hof kam, f\u00fchlten wir uns sofort zueinander hingezogen. Vor ihrem \u201eSchwangerschaftsurlaub\u201c fing ich an mit ihr zu arbeiten und nach dem Mutterschutz ritt ich sie dann ein. Zwischendurch, noch vor der Geburt ihres Fohlens, habe ich sie \u00fcbrigens gekauft und konnte mir so den langgehegten Traum nach meinem eigenen Islandpony erf\u00fcllen.<\/p>\n\n\n\n<p>Im Laufe der Zeit habe ich auch einige Kurse und Weiterbildungen besucht (siehe unten) und schlie\u00dflich meine Leidenschaft zum Beruf (oder zur Berufung?) gemacht. Ich freue mich, wenn ich Menschen und ihren Pferden meine Unterst\u00fctzung anbieten kann und behandle jedes Pferd mit derselben Sorgfalt wie mein eigenes.<\/p>\n\n\n\n<p>Die Arbeit mit den Tieren beginnt und endet f\u00fcr mich nicht einfach auf dem Reitplatz, sondern ist bei jeglichem Kontakt mit den Pferden gegeben. Schon das Holen, Anbinden, Putzen und Richten sind Vorg\u00e4nge, bei denen ich voll und ganz bei der Sache bin und die ich gerne mit Ruhe und Geduld erledige, ebenso das Absatteln, F\u00fcttern und Wegbringen nach dem Reiten oder Longieren. Ich bin mir sicher, dass den Pferden bewusst ist, dass sie dabei jederzeit meine volle Aufmerksamkeit haben und ebenso aufmerksam verhalten sie sich dann auch bzw. lernen dies.<\/p>\n\n\n\n<p>Es gibt viele Pferde, die sich Unarten am Putzplatz angew\u00f6hnt haben und aus Langeweile z.B. am Strick knabbern. Dies ist aber meistens die logische Konsequenz, wenn sich ein Pferd langweilt, weil der Besitzer seine Aufmerksamkeit lieber einem Schw\u00e4tzchen oder einer Tasse Kaffee widmet, w\u00e4hrend er sein Pferd eben unbeachtet warten l\u00e4sst. Gerechterweise meine ich nur das von meinem Pferd verlangen zu k\u00f6nnen, was ich auch selber zu geben bereit bin. Wenn ich von einem Pferd Konzentration bei der Mitarbeit fordere, muss ich selbst mindestens genauso konzentriert sein. Aus diesem Grund vermeide ich so gut wie m\u00f6glich Ablenkungen, w\u00e4hrend ich mit einem Pferd arbeite und Anrufer auf meinem Handy landen dann meistens auf der Mailbox. Selbstverst\u00e4ndlich rufe ich dann aber gerne zur\u00fcck, sobald ich die Zeit dazu habe.<\/p>\n\n\n\n<p>Ich liebe die Tiere und den Umgang mit ihnen. Aus diesem Grunde ist es mir ein wichtiges Bed\u00fcrfnis, meine Arbeit mit den Pferden ernst zu nehmen und ihnen die Beachtung zu schenken, derer sie bed\u00fcrfen, um uns wiederum Vertrauen und Respekt entgegenbringen zu k\u00f6nnen.<\/p>\n\n\n\n<div class=\"wp-block-image\"><figure class=\"aligncenter size-large\"><img data-opt-id=1909526163  fetchpriority=\"high\" decoding=\"async\" src=\"https:\/\/mlicc7hvrqis.i.optimole.com\/w:auto\/h:auto\/q:mauto\/f:best\/ig:avif\/https:\/\/isi-beritt.com\/wp-content\/uploads\/2019\/12\/Spruch.gif\" alt=\"Spruch: Jedes Pferd ist etwas besonderes\"\/><\/figure><\/div>\n\n\n\n<h3 class=\"wp-block-heading\"><em>Qualifikationsnachweise:<\/em><\/h3>\n\n\n\n<h4 class=\"wp-block-heading\"><a href=\"https:\/\/ipzv.de\/\"> IPZV:<\/a><\/h4>\n\n\n\n<ul class=\"wp-block-list\"><li>Sachkundenachweis<\/li><li>Reitabzeichen Silber<\/li><li>Bereitereinf\u00fchrung<\/li><li>Rittbegleiter, Gel\u00e4nderittf\u00fchrer<\/li><li>Trainereinf\u00fchrung <\/li><\/ul>\n\n\n\n<h4 class=\"wp-block-heading\"><a href=\"https:\/\/andreakutschakademie.com\/\"> AKA Andrea Kutsch Akademie: <\/a><\/h4>\n\n\n\n<ul class=\"wp-block-list\"><li>Lehrgang Grundkurs (interspezifische Kommunikation)<\/li><li>Lehrgang Bodenkurs (Lerntheorien) <\/li><\/ul>\n\n\n\n<h4 class=\"wp-block-heading\"><a href=\"https:\/\/www.reiten360grad.de\/\"> Reiten 360\u00b0 <\/a><\/h4>\n\n\n\n<ul class=\"wp-block-list\"><li>Physio-Seminar: Reitpferdemuskulatur<\/li><li>Funktionelle Bewegungsanalyse<\/li><li>Biomechanik<\/li><li>Sattelseminar<\/li><li>Hufe und Hufstellung <\/li><\/ul>\n\n\n\n<h4 class=\"wp-block-heading\"><a href=\"https:\/\/www.apm-penzel.de\/\"> Europ\u00e4ische Penzel-Akademie: <\/a><\/h4>\n\n\n\n<ul class=\"wp-block-list\"><li> Akupunkt-Massage nach Penzel am Pferd (Teil 1: Energielehre, Meridiankunde) <\/li><\/ul>\n\n\n\n<h4 class=\"wp-block-heading\"> Sonstige Weiterbildungen: <\/h4>\n\n\n\n<ul class=\"wp-block-list\"><li>Bodenarbeit mit dem Knotenhalfter (nach Parelli)<\/li><li>Dualaktivierung (nach Geitner)<\/li><li>Jungpferdetraining<\/li><li>feines Gangreiten (bei Bernhard Podlech)<\/li><li>Grundlagen der akademischen Reitkunst (nach Bent Branderup)<\/li><li>Seminar Trittverletzungen (bei Horst Klinghart)<\/li><li>kontinuierlicher Reitunterricht bei verschiedenen Trainern <\/li><\/ul>\n","protected":false},"excerpt":{"rendered":"<p>Tja, hier sollte ich nun mich selbst einmal vorstellen. Aber was gibt es da Wichtiges zu sagen? Vielleicht ist meine wichtigste Eigenschaft die Tierliebe, die somit das Fundament f\u00fcr meinen Einsatz f\u00fcr die Tiere bildet. Das Interesse f\u00fcr Pferde habe ich schon fr\u00fch entdeckt, als eine Freundin mich in der ersten Klasse zum Ponyreiten mitnahm.&hellip;&nbsp;<\/p>\n","protected":false},"author":5,"featured_media":0,"parent":73,"menu_order":0,"comment_status":"closed","ping_status":"closed","template":"","meta":{"_acf_changed":false,"neve_meta_sidebar":"","neve_meta_container":"","neve_meta_enable_content_width":"","neve_meta_content_width":0,"neve_meta_title_alignment":"","neve_meta_author_avatar":"","neve_post_elements_order":"","neve_meta_disable_header":"","neve_meta_disable_footer":"","neve_meta_disable_title":"","neve_meta_reading_time":"","_themeisle_gutenberg_block_has_review":false,"footnotes":""},"class_list":["post-71","page","type-page","status-publish","hentry"],"acf":[],"yoast_head":"<!-- This site is optimized with the Yoast SEO plugin v27.4 - https:\/\/yoast.com\/product\/yoast-seo-wordpress\/ -->\n<title>Pers&ouml;nliches - isi-beritt.com<\/title>\n<meta name=\"description\" content=\"Vielleicht ist meine wichtigste Eigenschaft die Tierliebe, die somit das Fundament f\u00fcr meinen Einsatz f\u00fcr die Tiere bildet.\" \/>\n<meta name=\"robots\" content=\"index, follow, max-snippet:-1, max-image-preview:large, max-video-preview:-1\" \/>\n<link rel=\"canonical\" href=\"https:\/\/isi-beritt.com\/index.php\/kontakt\/persoenliches\/\" \/>\n<meta property=\"og:locale\" content=\"de_DE\" \/>\n<meta property=\"og:type\" content=\"article\" \/>\n<meta property=\"og:title\" content=\"Pers&ouml;nliches - isi-beritt.com\" \/>\n<meta property=\"og:description\" content=\"Vielleicht ist meine wichtigste Eigenschaft die Tierliebe, die somit das Fundament f\u00fcr meinen Einsatz f\u00fcr die Tiere bildet.\" \/>\n<meta property=\"og:url\" content=\"https:\/\/isi-beritt.com\/index.php\/kontakt\/persoenliches\/\" \/>\n<meta property=\"og:site_name\" content=\"isi-beritt.com\" \/>\n<meta property=\"article:modified_time\" content=\"2023-06-10T15:25:24+00:00\" \/>\n<meta property=\"og:image\" content=\"https:\/\/mlicc7hvrqis.i.optimole.com\/w:auto\/h:auto\/q:mauto\/f:best\/ig:avif\/https:\/\/isi-beritt.com\/wp-content\/uploads\/2019\/12\/Spruch.gif\" \/>\n<meta name=\"twitter:card\" content=\"summary_large_image\" \/>\n<meta name=\"twitter:label1\" content=\"Gesch\u00e4tzte Lesezeit\" \/>\n\t<meta name=\"twitter:data1\" content=\"5\u00a0Minuten\" \/>\n<script type=\"application\/ld+json\" class=\"yoast-schema-graph\">{\"@context\":\"https:\\\/\\\/schema.org\",\"@graph\":[{\"@type\":\"WebPage\",\"@id\":\"https:\\\/\\\/isi-beritt.com\\\/index.php\\\/kontakt\\\/persoenliches\\\/\",\"url\":\"https:\\\/\\\/isi-beritt.com\\\/index.php\\\/kontakt\\\/persoenliches\\\/\",\"name\":\"Pers&ouml;nliches - isi-beritt.com\",\"isPartOf\":{\"@id\":\"https:\\\/\\\/isi-beritt.com\\\/#website\"},\"primaryImageOfPage\":{\"@id\":\"https:\\\/\\\/isi-beritt.com\\\/index.php\\\/kontakt\\\/persoenliches\\\/#primaryimage\"},\"image\":{\"@id\":\"https:\\\/\\\/isi-beritt.com\\\/index.php\\\/kontakt\\\/persoenliches\\\/#primaryimage\"},\"thumbnailUrl\":\"https:\\/\\/isi-beritt.com\\/wp-content\\/uploads\\/2019\\/12\\/Spruch.gif\",\"datePublished\":\"2019-08-27T19:08:58+00:00\",\"dateModified\":\"2023-06-10T15:25:24+00:00\",\"description\":\"Vielleicht ist meine wichtigste Eigenschaft die Tierliebe, die somit das Fundament f\u00fcr meinen Einsatz f\u00fcr die Tiere bildet.\",\"breadcrumb\":{\"@id\":\"https:\\\/\\\/isi-beritt.com\\\/index.php\\\/kontakt\\\/persoenliches\\\/#breadcrumb\"},\"inLanguage\":\"de\",\"potentialAction\":[{\"@type\":\"ReadAction\",\"target\":[\"https:\\\/\\\/isi-beritt.com\\\/index.php\\\/kontakt\\\/persoenliches\\\/\"]}]},{\"@type\":\"ImageObject\",\"inLanguage\":\"de\",\"@id\":\"https:\\\/\\\/isi-beritt.com\\\/index.php\\\/kontakt\\\/persoenliches\\\/#primaryimage\",\"url\":\"https:\\/\\/isi-beritt.com\\/wp-content\\/uploads\\/2019\\/12\\/Spruch.gif\",\"contentUrl\":\"https:\\/\\/isi-beritt.com\\/wp-content\\/uploads\\/2019\\/12\\/Spruch.gif\",\"width\":708,\"height\":193,\"caption\":\"Spruch: Jedes Pferd ist etwas besonderes\"},{\"@type\":\"BreadcrumbList\",\"@id\":\"https:\\\/\\\/isi-beritt.com\\\/index.php\\\/kontakt\\\/persoenliches\\\/#breadcrumb\",\"itemListElement\":[{\"@type\":\"ListItem\",\"position\":1,\"name\":\"Startseite\",\"item\":\"https:\\\/\\\/isi-beritt.com\\\/\"},{\"@type\":\"ListItem\",\"position\":2,\"name\":\"Kontakt\",\"item\":\"https:\\\/\\\/isi-beritt.com\\\/index.php\\\/kontakt\\\/\"},{\"@type\":\"ListItem\",\"position\":3,\"name\":\"Pers\u00f6nliches\"}]},{\"@type\":\"WebSite\",\"@id\":\"https:\\\/\\\/isi-beritt.com\\\/#website\",\"url\":\"https:\\\/\\\/isi-beritt.com\\\/\",\"name\":\"isi-beritt.com\",\"description\":\"Pferdegerechte Ausbildung, Anreiten und Beritt von Pferden, Reitunterricht nach biomechanischen Grunds\u00e4tzen, APM am Pferd, Hilfe bei einem Problempferd\",\"publisher\":{\"@id\":\"https:\\\/\\\/isi-beritt.com\\\/#organization\"},\"potentialAction\":[{\"@type\":\"SearchAction\",\"target\":{\"@type\":\"EntryPoint\",\"urlTemplate\":\"https:\\\/\\\/isi-beritt.com\\\/?s={search_term_string}\"},\"query-input\":{\"@type\":\"PropertyValueSpecification\",\"valueRequired\":true,\"valueName\":\"search_term_string\"}}],\"inLanguage\":\"de\"},{\"@type\":\"Organization\",\"@id\":\"https:\\\/\\\/isi-beritt.com\\\/#organization\",\"name\":\"isi-beritt.com\",\"url\":\"https:\\\/\\\/isi-beritt.com\\\/\",\"logo\":{\"@type\":\"ImageObject\",\"inLanguage\":\"de\",\"@id\":\"https:\\\/\\\/isi-beritt.com\\\/#\\\/schema\\\/logo\\\/image\\\/\",\"url\":\"https:\\/\\/mlicc7hvrqis.i.optimole.com\\/w:180\\/h:150\\/q:mauto\\/f:best\\/ig:avif\\/https:\\/\\/isi-beritt.com\\/wp-content\\/uploads\\/2019\\/09\\/ISI_Tolt-frei.gif\",\"contentUrl\":\"https:\\/\\/mlicc7hvrqis.i.optimole.com\\/w:180\\/h:150\\/q:mauto\\/f:best\\/ig:avif\\/https:\\/\\/isi-beritt.com\\/wp-content\\/uploads\\/2019\\/09\\/ISI_Tolt-frei.gif\",\"width\":180,\"height\":150,\"caption\":\"isi-beritt.com\"},\"image\":{\"@id\":\"https:\\\/\\\/isi-beritt.com\\\/#\\\/schema\\\/logo\\\/image\\\/\"}}]}<\/script>\n<!-- \/ Yoast SEO plugin. -->","yoast_head_json":{"title":"Pers&ouml;nliches - isi-beritt.com","description":"Vielleicht ist meine wichtigste Eigenschaft die Tierliebe, die somit das Fundament f\u00fcr meinen Einsatz f\u00fcr die Tiere bildet.","robots":{"index":"index","follow":"follow","max-snippet":"max-snippet:-1","max-image-preview":"max-image-preview:large","max-video-preview":"max-video-preview:-1"},"canonical":"https:\/\/isi-beritt.com\/index.php\/kontakt\/persoenliches\/","og_locale":"de_DE","og_type":"article","og_title":"Pers&ouml;nliches - isi-beritt.com","og_description":"Vielleicht ist meine wichtigste Eigenschaft die Tierliebe, die somit das Fundament f\u00fcr meinen Einsatz f\u00fcr die Tiere bildet.","og_url":"https:\/\/isi-beritt.com\/index.php\/kontakt\/persoenliches\/","og_site_name":"isi-beritt.com","article_modified_time":"2023-06-10T15:25:24+00:00","og_image":[{"url":"https:\/\/mlicc7hvrqis.i.optimole.com\/w:auto\/h:auto\/q:mauto\/f:best\/ig:avif\/https:\/\/isi-beritt.com\/wp-content\/uploads\/2019\/12\/Spruch.gif","type":"","width":"","height":""}],"twitter_card":"summary_large_image","twitter_misc":{"Gesch\u00e4tzte Lesezeit":"5\u00a0Minuten"},"schema":{"@context":"https:\/\/schema.org","@graph":[{"@type":"WebPage","@id":"https:\/\/isi-beritt.com\/index.php\/kontakt\/persoenliches\/","url":"https:\/\/isi-beritt.com\/index.php\/kontakt\/persoenliches\/","name":"Pers&ouml;nliches - isi-beritt.com","isPartOf":{"@id":"https:\/\/isi-beritt.com\/#website"},"primaryImageOfPage":{"@id":"https:\/\/isi-beritt.com\/index.php\/kontakt\/persoenliches\/#primaryimage"},"image":{"@id":"https:\/\/isi-beritt.com\/index.php\/kontakt\/persoenliches\/#primaryimage"},"thumbnailUrl":"https:\/\/mlicc7hvrqis.i.optimole.com\/w:auto\/h:auto\/q:mauto\/f:best\/ig:avif\/https:\/\/isi-beritt.com\/wp-content\/uploads\/2019\/12\/Spruch.gif","datePublished":"2019-08-27T19:08:58+00:00","dateModified":"2023-06-10T15:25:24+00:00","description":"Vielleicht ist meine wichtigste Eigenschaft die Tierliebe, die somit das Fundament f\u00fcr meinen Einsatz f\u00fcr die Tiere bildet.","breadcrumb":{"@id":"https:\/\/isi-beritt.com\/index.php\/kontakt\/persoenliches\/#breadcrumb"},"inLanguage":"de","potentialAction":[{"@type":"ReadAction","target":["https:\/\/isi-beritt.com\/index.php\/kontakt\/persoenliches\/"]}]},{"@type":"ImageObject","inLanguage":"de","@id":"https:\/\/isi-beritt.com\/index.php\/kontakt\/persoenliches\/#primaryimage","url":"https:\/\/mlicc7hvrqis.i.optimole.com\/w:auto\/h:auto\/q:mauto\/f:best\/ig:avif\/https:\/\/isi-beritt.com\/wp-content\/uploads\/2019\/12\/Spruch.gif","contentUrl":"https:\/\/mlicc7hvrqis.i.optimole.com\/w:auto\/h:auto\/q:mauto\/f:best\/ig:avif\/https:\/\/isi-beritt.com\/wp-content\/uploads\/2019\/12\/Spruch.gif","width":708,"height":193,"caption":"Spruch: Jedes Pferd ist etwas besonderes"},{"@type":"BreadcrumbList","@id":"https:\/\/isi-beritt.com\/index.php\/kontakt\/persoenliches\/#breadcrumb","itemListElement":[{"@type":"ListItem","position":1,"name":"Startseite","item":"https:\/\/isi-beritt.com\/"},{"@type":"ListItem","position":2,"name":"Kontakt","item":"https:\/\/isi-beritt.com\/index.php\/kontakt\/"},{"@type":"ListItem","position":3,"name":"Pers\u00f6nliches"}]},{"@type":"WebSite","@id":"https:\/\/isi-beritt.com\/#website","url":"https:\/\/isi-beritt.com\/","name":"isi-beritt.com","description":"Pferdegerechte Ausbildung, Anreiten und Beritt von Pferden, Reitunterricht nach biomechanischen Grunds\u00e4tzen, APM am Pferd, Hilfe bei einem Problempferd","publisher":{"@id":"https:\/\/isi-beritt.com\/#organization"},"potentialAction":[{"@type":"SearchAction","target":{"@type":"EntryPoint","urlTemplate":"https:\/\/isi-beritt.com\/?s={search_term_string}"},"query-input":{"@type":"PropertyValueSpecification","valueRequired":true,"valueName":"search_term_string"}}],"inLanguage":"de"},{"@type":"Organization","@id":"https:\/\/isi-beritt.com\/#organization","name":"isi-beritt.com","url":"https:\/\/isi-beritt.com\/","logo":{"@type":"ImageObject","inLanguage":"de","@id":"https:\/\/isi-beritt.com\/#\/schema\/logo\/image\/","url":"https:\/\/mlicc7hvrqis.i.optimole.com\/w:180\/h:150\/q:mauto\/f:best\/ig:avif\/https:\/\/isi-beritt.com\/wp-content\/uploads\/2019\/09\/ISI_Tolt-frei.gif","contentUrl":"https:\/\/mlicc7hvrqis.i.optimole.com\/w:180\/h:150\/q:mauto\/f:best\/ig:avif\/https:\/\/isi-beritt.com\/wp-content\/uploads\/2019\/09\/ISI_Tolt-frei.gif","width":180,"height":150,"caption":"isi-beritt.com"},"image":{"@id":"https:\/\/isi-beritt.com\/#\/schema\/logo\/image\/"}}]}},"publishpress_future_action":{"enabled":false,"date":"2026-04-24 06:57:08","action":"change-status","newStatus":"draft","terms":[],"taxonomy":"","extraData":[]},"publishpress_future_workflow_manual_trigger":{"enabledWorkflows":[]},"_links":{"self":[{"href":"https:\/\/isi-beritt.com\/index.php\/wp-json\/wp\/v2\/pages\/71","targetHints":{"allow":["GET"]}}],"collection":[{"href":"https:\/\/isi-beritt.com\/index.php\/wp-json\/wp\/v2\/pages"}],"about":[{"href":"https:\/\/isi-beritt.com\/index.php\/wp-json\/wp\/v2\/types\/page"}],"author":[{"embeddable":true,"href":"https:\/\/isi-beritt.com\/index.php\/wp-json\/wp\/v2\/users\/5"}],"replies":[{"embeddable":true,"href":"https:\/\/isi-beritt.com\/index.php\/wp-json\/wp\/v2\/comments?post=71"}],"version-history":[{"count":1,"href":"https:\/\/isi-beritt.com\/index.php\/wp-json\/wp\/v2\/pages\/71\/revisions"}],"predecessor-version":[{"id":1503,"href":"https:\/\/isi-beritt.com\/index.php\/wp-json\/wp\/v2\/pages\/71\/revisions\/1503"}],"up":[{"embeddable":true,"href":"https:\/\/isi-beritt.com\/index.php\/wp-json\/wp\/v2\/pages\/73"}],"wp:attachment":[{"href":"https:\/\/isi-beritt.com\/index.php\/wp-json\/wp\/v2\/media?parent=71"}],"curies":[{"name":"wp","href":"https:\/\/api.w.org\/{rel}","templated":true}]}}