{"id":952,"date":"2022-02-06T17:07:05","date_gmt":"2022-02-06T16:07:05","guid":{"rendered":"https:\/\/isi-beritt.com\/?page_id=952"},"modified":"2023-06-10T16:24:49","modified_gmt":"2023-06-10T15:24:49","slug":"isi-individuell-strukturiert-intrinsisch","status":"publish","type":"page","link":"https:\/\/isi-beritt.com\/index.php\/wissenswertes\/isi-individuell-strukturiert-intrinsisch\/","title":{"rendered":"isi \u2013 individuell, strukturiert, intrinsisch"},"content":{"rendered":"\n<p>isi &#8211; allgemein gerbr\u00e4uchlich f\u00fcr die Abk\u00fcrzung von Islandpferd, hat aus meiner Sicht eine weitergehende, rasseunabh\u00e4ngige Bedeutung erlangt. Weil die oben genannten Adjektive f\u00fcr mich in jeglicher Trainingseinheit die Basis bilden, egal, ob es sich um Bodenarbeit, Beritt, Aus- und Weiterbildung oder Unterricht handelt, m\u00f6chte ich sie im Folgenden kurz erl\u00e4utern:<\/p>\n\n\n\n<p><strong><em>individuell<\/em><\/strong>: <br>Ein Training ist f\u00fcr Mensch und Pferd nur dann von Nutzen, wenn man beide dort abholt, wo sie gerade stehen. Aus diesem Grund orientiere ich mich sowohl an den W\u00fcnschen und Vorstellungen meiner Kunden, als auch daran, was im n\u00e4chsten Schritt erreichbar scheint. Manchmal m\u00fcssen allerdings Bewegungsmuster neu erlernt werden, bevor eine gesunde Muskulatur der Oberlinie erarbeitet werden kann.<\/p>\n\n\n\n<p><strong><em>strukturiert<\/em><\/strong>:<br>Der optimale Aufbau einer jeden Trainingseinheit sowie der gesamten Ausbildung im Laufe der Zeit basiert nach meinen Erkenntnissen aus jahrelanger Arbeit mit den Pferden auf der <a href=\"https:\/\/isi-beritt.com\/index.php\/wissenswertes\/die-skala-der-ausbildung\/\">Skala der Ausbildung<\/a>. Hierbei gilt: Vom Leichten zum Schweren und vom Bekannten zum Unbekannten. Ein weiterer wichtiger Aspekt ist f\u00fcr mich in diesem Zusammenhang die Tatsache, dass die Pferde die von ihnen erwartete Aufgabe auch verstehen d\u00fcrfen, damit deren Ausf\u00fchrung stressfrei umgesetzt werden kann. Nur in diesem k\u00f6rpertlich und mental entspannten Zustand kann die Bewegung durch den R\u00fccken erfolgen und die Lektion gymnastizierend wirken!<\/p>\n\n\n\n<p><em><strong>intrinsisch<\/strong><\/em>:<br>Bei jeglicher Arbeit mit dem Pferd ist es f\u00fcr mich von gr\u00f6\u00dfter Bedeutung, dass das Tier gerne und freiwillig mit mir arbeitet. Um die intrinsische Motivation zu f\u00f6rdern, ist die positive Verst\u00e4rkung aus meiner Sicht das beste Mittel. Wer f\u00fcr das, was er leistet, gelobt wird, wird auch gerne wieder Leistung erbringen. Gutes Timing, Einf\u00fchlungsverm\u00f6gen in die Sichtweise des Pferdes sowie eine klare und freundliche, aber kosequente Kommunikation sind der Schl\u00fcssel zum Erfolg.<\/p>\n","protected":false},"excerpt":{"rendered":"<p>isi &#8211; allgemein gerbr\u00e4uchlich f\u00fcr die Abk\u00fcrzung von Islandpferd, hat aus meiner Sicht eine weitergehende, rasseunabh\u00e4ngige Bedeutung erlangt. Weil die oben genannten Adjektive f\u00fcr mich in jeglicher Trainingseinheit die Basis bilden, egal, ob es sich um Bodenarbeit, Beritt, Aus- und Weiterbildung oder Unterricht handelt, m\u00f6chte ich sie im Folgenden kurz erl\u00e4utern: individuell: Ein Training ist&hellip;&nbsp;<\/p>\n","protected":false},"author":5,"featured_media":0,"parent":109,"menu_order":0,"comment_status":"closed","ping_status":"closed","template":"","meta":{"_acf_changed":false,"neve_meta_sidebar":"","neve_meta_container":"","neve_meta_enable_content_width":"","neve_meta_content_width":0,"neve_meta_title_alignment":"","neve_meta_author_avatar":"","neve_post_elements_order":"","neve_meta_disable_header":"","neve_meta_disable_footer":"","neve_meta_disable_title":"","neve_meta_reading_time":"","_themeisle_gutenberg_block_has_review":false,"footnotes":""},"class_list":["post-952","page","type-page","status-publish","hentry"],"acf":[],"yoast_head":"<!-- This site is optimized with the Yoast SEO plugin v27.4 - https:\/\/yoast.com\/product\/yoast-seo-wordpress\/ -->\n<title>isi \u2013 individuell, strukturiert, intrinsisch - isi-beritt.com<\/title>\n<meta name=\"description\" content=\"Pferdegerechte Ausbildung, Anreiten und Beritt von Islandpferden, APM am Pferd, hilfe bei einem Problempferd\" \/>\n<meta name=\"robots\" content=\"index, follow, max-snippet:-1, max-image-preview:large, max-video-preview:-1\" \/>\n<link rel=\"canonical\" href=\"https:\/\/isi-beritt.com\/index.php\/wissenswertes\/isi-individuell-strukturiert-intrinsisch\/\" \/>\n<meta property=\"og:locale\" content=\"de_DE\" \/>\n<meta property=\"og:type\" content=\"article\" \/>\n<meta property=\"og:title\" content=\"isi \u2013 individuell, strukturiert, intrinsisch - isi-beritt.com\" \/>\n<meta property=\"og:description\" content=\"Pferdegerechte Ausbildung, Anreiten und Beritt von Islandpferden, APM am Pferd, hilfe bei einem Problempferd\" \/>\n<meta property=\"og:url\" content=\"https:\/\/isi-beritt.com\/index.php\/wissenswertes\/isi-individuell-strukturiert-intrinsisch\/\" \/>\n<meta property=\"og:site_name\" content=\"isi-beritt.com\" \/>\n<meta property=\"article:modified_time\" content=\"2023-06-10T15:24:49+00:00\" \/>\n<meta name=\"twitter:card\" content=\"summary_large_image\" \/>\n<meta name=\"twitter:label1\" content=\"Gesch\u00e4tzte Lesezeit\" \/>\n\t<meta name=\"twitter:data1\" content=\"2\u00a0Minuten\" \/>\n<script type=\"application\/ld+json\" class=\"yoast-schema-graph\">{\"@context\":\"https:\\\/\\\/schema.org\",\"@graph\":[{\"@type\":\"WebPage\",\"@id\":\"https:\\\/\\\/isi-beritt.com\\\/index.php\\\/wissenswertes\\\/isi-individuell-strukturiert-intrinsisch\\\/\",\"url\":\"https:\\\/\\\/isi-beritt.com\\\/index.php\\\/wissenswertes\\\/isi-individuell-strukturiert-intrinsisch\\\/\",\"name\":\"isi \u2013 individuell, strukturiert, intrinsisch - isi-beritt.com\",\"isPartOf\":{\"@id\":\"https:\\\/\\\/isi-beritt.com\\\/#website\"},\"datePublished\":\"2022-02-06T16:07:05+00:00\",\"dateModified\":\"2023-06-10T15:24:49+00:00\",\"description\":\"Pferdegerechte Ausbildung, Anreiten und Beritt von Islandpferden, APM am Pferd, hilfe bei einem Problempferd\",\"breadcrumb\":{\"@id\":\"https:\\\/\\\/isi-beritt.com\\\/index.php\\\/wissenswertes\\\/isi-individuell-strukturiert-intrinsisch\\\/#breadcrumb\"},\"inLanguage\":\"de\",\"potentialAction\":[{\"@type\":\"ReadAction\",\"target\":[\"https:\\\/\\\/isi-beritt.com\\\/index.php\\\/wissenswertes\\\/isi-individuell-strukturiert-intrinsisch\\\/\"]}]},{\"@type\":\"BreadcrumbList\",\"@id\":\"https:\\\/\\\/isi-beritt.com\\\/index.php\\\/wissenswertes\\\/isi-individuell-strukturiert-intrinsisch\\\/#breadcrumb\",\"itemListElement\":[{\"@type\":\"ListItem\",\"position\":1,\"name\":\"Startseite\",\"item\":\"https:\\\/\\\/isi-beritt.com\\\/\"},{\"@type\":\"ListItem\",\"position\":2,\"name\":\"Wissenswertes\",\"item\":\"https:\\\/\\\/isi-beritt.com\\\/index.php\\\/wissenswertes\\\/\"},{\"@type\":\"ListItem\",\"position\":3,\"name\":\"isi \u2013 individuell, strukturiert, intrinsisch\"}]},{\"@type\":\"WebSite\",\"@id\":\"https:\\\/\\\/isi-beritt.com\\\/#website\",\"url\":\"https:\\\/\\\/isi-beritt.com\\\/\",\"name\":\"isi-beritt.com\",\"description\":\"Pferdegerechte Ausbildung, Anreiten und Beritt von Pferden, Reitunterricht nach biomechanischen Grunds\u00e4tzen, APM am Pferd, Hilfe bei einem Problempferd\",\"publisher\":{\"@id\":\"https:\\\/\\\/isi-beritt.com\\\/#organization\"},\"potentialAction\":[{\"@type\":\"SearchAction\",\"target\":{\"@type\":\"EntryPoint\",\"urlTemplate\":\"https:\\\/\\\/isi-beritt.com\\\/?s={search_term_string}\"},\"query-input\":{\"@type\":\"PropertyValueSpecification\",\"valueRequired\":true,\"valueName\":\"search_term_string\"}}],\"inLanguage\":\"de\"},{\"@type\":\"Organization\",\"@id\":\"https:\\\/\\\/isi-beritt.com\\\/#organization\",\"name\":\"isi-beritt.com\",\"url\":\"https:\\\/\\\/isi-beritt.com\\\/\",\"logo\":{\"@type\":\"ImageObject\",\"inLanguage\":\"de\",\"@id\":\"https:\\\/\\\/isi-beritt.com\\\/#\\\/schema\\\/logo\\\/image\\\/\",\"url\":\"https:\\/\\/mlicc7hvrqis.i.optimole.com\\/w:180\\/h:150\\/q:mauto\\/f:best\\/ig:avif\\/https:\\/\\/isi-beritt.com\\/wp-content\\/uploads\\/2019\\/09\\/ISI_Tolt-frei.gif\",\"contentUrl\":\"https:\\/\\/mlicc7hvrqis.i.optimole.com\\/w:180\\/h:150\\/q:mauto\\/f:best\\/ig:avif\\/https:\\/\\/isi-beritt.com\\/wp-content\\/uploads\\/2019\\/09\\/ISI_Tolt-frei.gif\",\"width\":180,\"height\":150,\"caption\":\"isi-beritt.com\"},\"image\":{\"@id\":\"https:\\\/\\\/isi-beritt.com\\\/#\\\/schema\\\/logo\\\/image\\\/\"}}]}<\/script>\n<!-- \/ Yoast SEO plugin. -->","yoast_head_json":{"title":"isi \u2013 individuell, strukturiert, intrinsisch - isi-beritt.com","description":"Pferdegerechte Ausbildung, Anreiten und Beritt von Islandpferden, APM am Pferd, hilfe bei einem Problempferd","robots":{"index":"index","follow":"follow","max-snippet":"max-snippet:-1","max-image-preview":"max-image-preview:large","max-video-preview":"max-video-preview:-1"},"canonical":"https:\/\/isi-beritt.com\/index.php\/wissenswertes\/isi-individuell-strukturiert-intrinsisch\/","og_locale":"de_DE","og_type":"article","og_title":"isi \u2013 individuell, strukturiert, intrinsisch - isi-beritt.com","og_description":"Pferdegerechte Ausbildung, Anreiten und Beritt von Islandpferden, APM am Pferd, hilfe bei einem Problempferd","og_url":"https:\/\/isi-beritt.com\/index.php\/wissenswertes\/isi-individuell-strukturiert-intrinsisch\/","og_site_name":"isi-beritt.com","article_modified_time":"2023-06-10T15:24:49+00:00","twitter_card":"summary_large_image","twitter_misc":{"Gesch\u00e4tzte Lesezeit":"2\u00a0Minuten"},"schema":{"@context":"https:\/\/schema.org","@graph":[{"@type":"WebPage","@id":"https:\/\/isi-beritt.com\/index.php\/wissenswertes\/isi-individuell-strukturiert-intrinsisch\/","url":"https:\/\/isi-beritt.com\/index.php\/wissenswertes\/isi-individuell-strukturiert-intrinsisch\/","name":"isi \u2013 individuell, strukturiert, intrinsisch - isi-beritt.com","isPartOf":{"@id":"https:\/\/isi-beritt.com\/#website"},"datePublished":"2022-02-06T16:07:05+00:00","dateModified":"2023-06-10T15:24:49+00:00","description":"Pferdegerechte Ausbildung, Anreiten und Beritt von Islandpferden, APM am Pferd, hilfe bei einem Problempferd","breadcrumb":{"@id":"https:\/\/isi-beritt.com\/index.php\/wissenswertes\/isi-individuell-strukturiert-intrinsisch\/#breadcrumb"},"inLanguage":"de","potentialAction":[{"@type":"ReadAction","target":["https:\/\/isi-beritt.com\/index.php\/wissenswertes\/isi-individuell-strukturiert-intrinsisch\/"]}]},{"@type":"BreadcrumbList","@id":"https:\/\/isi-beritt.com\/index.php\/wissenswertes\/isi-individuell-strukturiert-intrinsisch\/#breadcrumb","itemListElement":[{"@type":"ListItem","position":1,"name":"Startseite","item":"https:\/\/isi-beritt.com\/"},{"@type":"ListItem","position":2,"name":"Wissenswertes","item":"https:\/\/isi-beritt.com\/index.php\/wissenswertes\/"},{"@type":"ListItem","position":3,"name":"isi \u2013 individuell, strukturiert, intrinsisch"}]},{"@type":"WebSite","@id":"https:\/\/isi-beritt.com\/#website","url":"https:\/\/isi-beritt.com\/","name":"isi-beritt.com","description":"Pferdegerechte Ausbildung, Anreiten und Beritt von Pferden, Reitunterricht nach biomechanischen Grunds\u00e4tzen, APM am Pferd, Hilfe bei einem Problempferd","publisher":{"@id":"https:\/\/isi-beritt.com\/#organization"},"potentialAction":[{"@type":"SearchAction","target":{"@type":"EntryPoint","urlTemplate":"https:\/\/isi-beritt.com\/?s={search_term_string}"},"query-input":{"@type":"PropertyValueSpecification","valueRequired":true,"valueName":"search_term_string"}}],"inLanguage":"de"},{"@type":"Organization","@id":"https:\/\/isi-beritt.com\/#organization","name":"isi-beritt.com","url":"https:\/\/isi-beritt.com\/","logo":{"@type":"ImageObject","inLanguage":"de","@id":"https:\/\/isi-beritt.com\/#\/schema\/logo\/image\/","url":"https:\/\/mlicc7hvrqis.i.optimole.com\/w:180\/h:150\/q:mauto\/f:best\/ig:avif\/https:\/\/isi-beritt.com\/wp-content\/uploads\/2019\/09\/ISI_Tolt-frei.gif","contentUrl":"https:\/\/mlicc7hvrqis.i.optimole.com\/w:180\/h:150\/q:mauto\/f:best\/ig:avif\/https:\/\/isi-beritt.com\/wp-content\/uploads\/2019\/09\/ISI_Tolt-frei.gif","width":180,"height":150,"caption":"isi-beritt.com"},"image":{"@id":"https:\/\/isi-beritt.com\/#\/schema\/logo\/image\/"}}]}},"publishpress_future_action":{"enabled":false,"date":"2026-04-24 06:57:45","action":"change-status","newStatus":"draft","terms":[],"taxonomy":"","extraData":[]},"publishpress_future_workflow_manual_trigger":{"enabledWorkflows":[]},"_links":{"self":[{"href":"https:\/\/isi-beritt.com\/index.php\/wp-json\/wp\/v2\/pages\/952","targetHints":{"allow":["GET"]}}],"collection":[{"href":"https:\/\/isi-beritt.com\/index.php\/wp-json\/wp\/v2\/pages"}],"about":[{"href":"https:\/\/isi-beritt.com\/index.php\/wp-json\/wp\/v2\/types\/page"}],"author":[{"embeddable":true,"href":"https:\/\/isi-beritt.com\/index.php\/wp-json\/wp\/v2\/users\/5"}],"replies":[{"embeddable":true,"href":"https:\/\/isi-beritt.com\/index.php\/wp-json\/wp\/v2\/comments?post=952"}],"version-history":[{"count":1,"href":"https:\/\/isi-beritt.com\/index.php\/wp-json\/wp\/v2\/pages\/952\/revisions"}],"predecessor-version":[{"id":1502,"href":"https:\/\/isi-beritt.com\/index.php\/wp-json\/wp\/v2\/pages\/952\/revisions\/1502"}],"up":[{"embeddable":true,"href":"https:\/\/isi-beritt.com\/index.php\/wp-json\/wp\/v2\/pages\/109"}],"wp:attachment":[{"href":"https:\/\/isi-beritt.com\/index.php\/wp-json\/wp\/v2\/media?parent=952"}],"curies":[{"name":"wp","href":"https:\/\/api.w.org\/{rel}","templated":true}]}}